{"id":109,"date":"2013-03-25T12:06:21","date_gmt":"2013-03-25T12:06:21","guid":{"rendered":"http:\/\/www.saccisica.net\/?page_id=109"},"modified":"2018-03-30T14:35:47","modified_gmt":"2018-03-30T12:35:47","slug":"gli-sfilacci-di-cavallo","status":"publish","type":"page","link":"https:\/\/customer-88-99-224-156.brandprotection.zone\/saccisica-v2\/enogastronomia-mangiare-e-bere-in-saccisica-e-dintorni\/gli-sfilacci-di-cavallo\/","title":{"rendered":"Gli sfilacci di cavallo"},"content":{"rendered":"<p style=\"text-align: justify;\"><img decoding=\"async\" class=\"alignleft wp-image-1687 size-medium\" src=\"https:\/\/customer-88-99-224-156.brandprotection.zone\/saccisica-v2\/wp-content\/uploads\/sites\/7\/2013\/03\/sfilacci_saccisica-300x300.jpg\" alt=\"Gli sfilacci di cavallo della Saccisica\" width=\"300\" height=\"300\" srcset=\"https:\/\/customer-88-99-224-156.brandprotection.zone\/saccisica-v2\/wp-content\/uploads\/sites\/7\/2013\/03\/sfilacci_saccisica-300x300.jpg 300w, https:\/\/customer-88-99-224-156.brandprotection.zone\/saccisica-v2\/wp-content\/uploads\/sites\/7\/2013\/03\/sfilacci_saccisica-150x150.jpg 150w, https:\/\/customer-88-99-224-156.brandprotection.zone\/saccisica-v2\/wp-content\/uploads\/sites\/7\/2013\/03\/sfilacci_saccisica-100x100.jpg 100w, https:\/\/customer-88-99-224-156.brandprotection.zone\/saccisica-v2\/wp-content\/uploads\/sites\/7\/2013\/03\/sfilacci_saccisica.jpg 612w\" sizes=\"(max-width: 300px) 100vw, 300px\" \/>Prodotto tipico del Veneto, in particolare della Provincia di Padova e della Saccisica, zona ricca di trattorie e macellerie specializzate in carni equine.<\/p>\n<p style=\"text-align: justify;\">Un uso particolare della <strong>carne di cavallo \u00e8 la carne sfilata o sfilacci<\/strong>. Le fette sottili di carne magra della coscia vengono tenute sotto sale per 15 giorni e affumicate lasciandole appese al camino per circa un mese. Una volta asciutte e dure si battono con un martello e si sfilano in tanti piccoli tranci.<\/p>\n<p style=\"text-align: justify;\">La <strong>leggenda narra che il prodotto sia nato casualmente<\/strong> dopo che un contadino avendo messo sul focolare alcune fette di carne di cavallo e sbagliando i tempi dell\u2019asciugatura, si sia ritrovato con un prodotto troppo secco. Pur di non buttare la preziosa carne, l\u2019aveva battuta e sfilacciata e accompagnata con l\u2019immancabile polenta, scoprendo cos\u00ec un nuovo prodotto. \u00c8 probabile che gli sfilacci siano nati davvero casualmente, anche se col tempo \u00e8 andata affinandosi la tecnica di affumicatura migliorando il sapore della carne oggi molto apprezzata. <strong>Gli sfilacci di cavallo sono un prodotto tipico della provincia di Padova<\/strong> e soprattutto della bassa padovana, dove l\u2019allevamento equino ha una lunga tradizione. Gli sfilacci di manzo nascono negli anni sessanta del secolo scorso dal tentativo di produrre un alimento simile a quello di cavallo, ma con un gusto meno deciso e pi\u00f9 gradevole per la maggioranza dei consumatori.<\/p>\n<p style=\"text-align: justify;\">Gli sfilacci di cavallo sono prodotti con carne di cavallo essiccata e sfilacciata. <strong>Si presentano come filamenti di carne di colore rosso scuro<\/strong> e vengono venduti in confezioni sottovuoto o sfusi. Al palato presentano una leggera affumicatura e un gusto saporito. Quelli di manzo invece si presentano di colore rosso-rosato e hanno un gusto leggermente affumicato e un gusto saporito ma pi\u00f9 delicato rispetto agli sfilacci di cavallo.<\/p>\n<p style=\"text-align: justify;\">Gli sfilacci di cavallo vengono prodotti a partire dalla carne magra del cavallo o del manzo (solitamente la coscia). Questa viene tagliata in fette sottili e lasciata in salamoia per circa 8 giorni. Dopo questo periodo le fette vengono cotte a vapore e fumo in apposite stanze (o appese al camino di casa per le produzioni familiari) per un periodo variabile dagli 8 ai 30 giorni. Una volta asciutte e dure si battono con un martello e si sfilano manualmente in tanti piccoli tranci o sfilaccetti per poi essere avviate alla commercializzazione.<\/p>\n<p style=\"text-align: justify;\">Gli sfilacci vengono solitamente <strong>consumati assieme alla polenta oppure conditi con olio, sale e limone<\/strong>. In alternativa sono utilizzati come ingrediente per salse, sughi o nella pizza.<\/p>\n<p style=\"text-align: justify;\">Il loro leggero gusto affumicato li rende ideali per arricchire delle insalate, \u00e8 perfetto con la rucola e assieme a formaggio fuso \u00e8 un ottimo condimento per gli gnocchi e la polenta.<\/p>\n","protected":false},"excerpt":{"rendered":"<p>Prodotto tipico del Veneto, in particolare della Provincia di Padova e della Saccisica, zona ricca di trattorie e macellerie specializzate in carni equine. Un uso particolare della carne di cavallo \u00e8 la carne sfilata o sfilacci. Le fette sottili di carne magra della coscia vengono tenute sotto sale per 15 giorni e affumicate lasciandole appese [&hellip;]<\/p>\n","protected":false},"author":1,"featured_media":0,"parent":98,"menu_order":0,"comment_status":"open","ping_status":"open","template":"","meta":{"footnotes":""},"class_list":["post-109","page","type-page","status-publish","hentry"],"yoast_head":"<!-- This site is optimized with the Yoast SEO plugin v24.7 - https:\/\/yoast.com\/wordpress\/plugins\/seo\/ -->\n<title>Gli sfilacci di cavallo - Visit Saccisica | Turismo e territorio della Saccisica<\/title>\n<meta name=\"robots\" content=\"index, follow, max-snippet:-1, max-image-preview:large, max-video-preview:-1\" \/>\n<link rel=\"canonical\" href=\"https:\/\/customer-88-99-224-156.brandprotection.zone\/saccisica-v2\/enogastronomia-mangiare-e-bere-in-saccisica-e-dintorni\/gli-sfilacci-di-cavallo\/\" \/>\n<meta property=\"og:locale\" content=\"it_IT\" \/>\n<meta property=\"og:type\" content=\"article\" \/>\n<meta property=\"og:title\" content=\"Gli sfilacci di cavallo - Visit Saccisica | Turismo e territorio della Saccisica\" \/>\n<meta property=\"og:description\" content=\"Prodotto tipico del Veneto, in particolare della Provincia di Padova e della Saccisica, zona ricca di trattorie e macellerie specializzate in carni equine. Un uso particolare della carne di cavallo \u00e8 la carne sfilata o sfilacci. Le fette sottili di carne magra della coscia vengono tenute sotto sale per 15 giorni e affumicate lasciandole appese [&hellip;]\" \/>\n<meta property=\"og:url\" content=\"https:\/\/customer-88-99-224-156.brandprotection.zone\/saccisica-v2\/enogastronomia-mangiare-e-bere-in-saccisica-e-dintorni\/gli-sfilacci-di-cavallo\/\" \/>\n<meta property=\"og:site_name\" content=\"Visit Saccisica | Turismo e territorio della Saccisica\" \/>\n<meta property=\"article:modified_time\" content=\"2018-03-30T12:35:47+00:00\" \/>\n<meta property=\"og:image\" content=\"https:\/\/customer-88-99-224-156.brandprotection.zone\/saccisica-v2\/wp-content\/uploads\/sites\/7\/2013\/03\/sfilacci_saccisica-300x300.jpg\" \/>\n<meta name=\"twitter:card\" content=\"summary_large_image\" \/>\n<meta name=\"twitter:label1\" content=\"Tempo di lettura stimato\" \/>\n\t<meta name=\"twitter:data1\" content=\"2 minuti\" \/>\n<script type=\"application\/ld+json\" class=\"yoast-schema-graph\">{\"@context\":\"https:\/\/schema.org\",\"@graph\":[{\"@type\":\"WebPage\",\"@id\":\"https:\/\/customer-88-99-224-156.brandprotection.zone\/saccisica-v2\/enogastronomia-mangiare-e-bere-in-saccisica-e-dintorni\/gli-sfilacci-di-cavallo\/\",\"url\":\"https:\/\/customer-88-99-224-156.brandprotection.zone\/saccisica-v2\/enogastronomia-mangiare-e-bere-in-saccisica-e-dintorni\/gli-sfilacci-di-cavallo\/\",\"name\":\"Gli sfilacci di cavallo - Visit Saccisica | Turismo e territorio della Saccisica\",\"isPartOf\":{\"@id\":\"https:\/\/customer-88-99-224-156.brandprotection.zone\/saccisica-v2\/#website\"},\"primaryImageOfPage\":{\"@id\":\"https:\/\/customer-88-99-224-156.brandprotection.zone\/saccisica-v2\/enogastronomia-mangiare-e-bere-in-saccisica-e-dintorni\/gli-sfilacci-di-cavallo\/#primaryimage\"},\"image\":{\"@id\":\"https:\/\/customer-88-99-224-156.brandprotection.zone\/saccisica-v2\/enogastronomia-mangiare-e-bere-in-saccisica-e-dintorni\/gli-sfilacci-di-cavallo\/#primaryimage\"},\"thumbnailUrl\":\"https:\/\/customer-88-99-224-156.brandprotection.zone\/saccisica-v2\/wp-content\/uploads\/sites\/7\/2013\/03\/sfilacci_saccisica-300x300.jpg\",\"datePublished\":\"2013-03-25T12:06:21+00:00\",\"dateModified\":\"2018-03-30T12:35:47+00:00\",\"breadcrumb\":{\"@id\":\"https:\/\/customer-88-99-224-156.brandprotection.zone\/saccisica-v2\/enogastronomia-mangiare-e-bere-in-saccisica-e-dintorni\/gli-sfilacci-di-cavallo\/#breadcrumb\"},\"inLanguage\":\"it-IT\",\"potentialAction\":[{\"@type\":\"ReadAction\",\"target\":[\"https:\/\/customer-88-99-224-156.brandprotection.zone\/saccisica-v2\/enogastronomia-mangiare-e-bere-in-saccisica-e-dintorni\/gli-sfilacci-di-cavallo\/\"]}]},{\"@type\":\"ImageObject\",\"inLanguage\":\"it-IT\",\"@id\":\"https:\/\/customer-88-99-224-156.brandprotection.zone\/saccisica-v2\/enogastronomia-mangiare-e-bere-in-saccisica-e-dintorni\/gli-sfilacci-di-cavallo\/#primaryimage\",\"url\":\"https:\/\/customer-88-99-224-156.brandprotection.zone\/saccisica-v2\/wp-content\/uploads\/sites\/7\/2013\/03\/sfilacci_saccisica.jpg\",\"contentUrl\":\"https:\/\/customer-88-99-224-156.brandprotection.zone\/saccisica-v2\/wp-content\/uploads\/sites\/7\/2013\/03\/sfilacci_saccisica.jpg\",\"width\":612,\"height\":612},{\"@type\":\"BreadcrumbList\",\"@id\":\"https:\/\/customer-88-99-224-156.brandprotection.zone\/saccisica-v2\/enogastronomia-mangiare-e-bere-in-saccisica-e-dintorni\/gli-sfilacci-di-cavallo\/#breadcrumb\",\"itemListElement\":[{\"@type\":\"ListItem\",\"position\":1,\"name\":\"Home\",\"item\":\"https:\/\/customer-88-99-224-156.brandprotection.zone\/saccisica-v2\/\"},{\"@type\":\"ListItem\",\"position\":2,\"name\":\"Enogastronomia\",\"item\":\"https:\/\/customer-88-99-224-156.brandprotection.zone\/saccisica-v2\/enogastronomia-mangiare-e-bere-in-saccisica-e-dintorni\/\"},{\"@type\":\"ListItem\",\"position\":3,\"name\":\"Gli sfilacci di cavallo\"}]},{\"@type\":\"WebSite\",\"@id\":\"https:\/\/customer-88-99-224-156.brandprotection.zone\/saccisica-v2\/#website\",\"url\":\"https:\/\/customer-88-99-224-156.brandprotection.zone\/saccisica-v2\/\",\"name\":\"Visit Saccisica | Turismo e territorio della Saccisica\",\"description\":\"VisitSaccisica, 100% privata by TerritoriOnline SRL | +39 049 4906747\",\"potentialAction\":[{\"@type\":\"SearchAction\",\"target\":{\"@type\":\"EntryPoint\",\"urlTemplate\":\"https:\/\/customer-88-99-224-156.brandprotection.zone\/saccisica-v2\/?s={search_term_string}\"},\"query-input\":{\"@type\":\"PropertyValueSpecification\",\"valueRequired\":true,\"valueName\":\"search_term_string\"}}],\"inLanguage\":\"it-IT\"}]}<\/script>\n<!-- \/ Yoast SEO plugin. -->","yoast_head_json":{"title":"Gli sfilacci di cavallo - Visit Saccisica | Turismo e territorio della Saccisica","robots":{"index":"index","follow":"follow","max-snippet":"max-snippet:-1","max-image-preview":"max-image-preview:large","max-video-preview":"max-video-preview:-1"},"canonical":"https:\/\/customer-88-99-224-156.brandprotection.zone\/saccisica-v2\/enogastronomia-mangiare-e-bere-in-saccisica-e-dintorni\/gli-sfilacci-di-cavallo\/","og_locale":"it_IT","og_type":"article","og_title":"Gli sfilacci di cavallo - Visit Saccisica | Turismo e territorio della Saccisica","og_description":"Prodotto tipico del Veneto, in particolare della Provincia di Padova e della Saccisica, zona ricca di trattorie e macellerie specializzate in carni equine. Un uso particolare della carne di cavallo \u00e8 la carne sfilata o sfilacci. Le fette sottili di carne magra della coscia vengono tenute sotto sale per 15 giorni e affumicate lasciandole appese [&hellip;]","og_url":"https:\/\/customer-88-99-224-156.brandprotection.zone\/saccisica-v2\/enogastronomia-mangiare-e-bere-in-saccisica-e-dintorni\/gli-sfilacci-di-cavallo\/","og_site_name":"Visit Saccisica | Turismo e territorio della Saccisica","article_modified_time":"2018-03-30T12:35:47+00:00","og_image":[{"url":"https:\/\/customer-88-99-224-156.brandprotection.zone\/saccisica-v2\/wp-content\/uploads\/sites\/7\/2013\/03\/sfilacci_saccisica-300x300.jpg","type":"","width":"","height":""}],"twitter_card":"summary_large_image","twitter_misc":{"Tempo di lettura stimato":"2 minuti"},"schema":{"@context":"https:\/\/schema.org","@graph":[{"@type":"WebPage","@id":"https:\/\/customer-88-99-224-156.brandprotection.zone\/saccisica-v2\/enogastronomia-mangiare-e-bere-in-saccisica-e-dintorni\/gli-sfilacci-di-cavallo\/","url":"https:\/\/customer-88-99-224-156.brandprotection.zone\/saccisica-v2\/enogastronomia-mangiare-e-bere-in-saccisica-e-dintorni\/gli-sfilacci-di-cavallo\/","name":"Gli sfilacci di cavallo - Visit Saccisica | Turismo e territorio della Saccisica","isPartOf":{"@id":"https:\/\/customer-88-99-224-156.brandprotection.zone\/saccisica-v2\/#website"},"primaryImageOfPage":{"@id":"https:\/\/customer-88-99-224-156.brandprotection.zone\/saccisica-v2\/enogastronomia-mangiare-e-bere-in-saccisica-e-dintorni\/gli-sfilacci-di-cavallo\/#primaryimage"},"image":{"@id":"https:\/\/customer-88-99-224-156.brandprotection.zone\/saccisica-v2\/enogastronomia-mangiare-e-bere-in-saccisica-e-dintorni\/gli-sfilacci-di-cavallo\/#primaryimage"},"thumbnailUrl":"https:\/\/customer-88-99-224-156.brandprotection.zone\/saccisica-v2\/wp-content\/uploads\/sites\/7\/2013\/03\/sfilacci_saccisica-300x300.jpg","datePublished":"2013-03-25T12:06:21+00:00","dateModified":"2018-03-30T12:35:47+00:00","breadcrumb":{"@id":"https:\/\/customer-88-99-224-156.brandprotection.zone\/saccisica-v2\/enogastronomia-mangiare-e-bere-in-saccisica-e-dintorni\/gli-sfilacci-di-cavallo\/#breadcrumb"},"inLanguage":"it-IT","potentialAction":[{"@type":"ReadAction","target":["https:\/\/customer-88-99-224-156.brandprotection.zone\/saccisica-v2\/enogastronomia-mangiare-e-bere-in-saccisica-e-dintorni\/gli-sfilacci-di-cavallo\/"]}]},{"@type":"ImageObject","inLanguage":"it-IT","@id":"https:\/\/customer-88-99-224-156.brandprotection.zone\/saccisica-v2\/enogastronomia-mangiare-e-bere-in-saccisica-e-dintorni\/gli-sfilacci-di-cavallo\/#primaryimage","url":"https:\/\/customer-88-99-224-156.brandprotection.zone\/saccisica-v2\/wp-content\/uploads\/sites\/7\/2013\/03\/sfilacci_saccisica.jpg","contentUrl":"https:\/\/customer-88-99-224-156.brandprotection.zone\/saccisica-v2\/wp-content\/uploads\/sites\/7\/2013\/03\/sfilacci_saccisica.jpg","width":612,"height":612},{"@type":"BreadcrumbList","@id":"https:\/\/customer-88-99-224-156.brandprotection.zone\/saccisica-v2\/enogastronomia-mangiare-e-bere-in-saccisica-e-dintorni\/gli-sfilacci-di-cavallo\/#breadcrumb","itemListElement":[{"@type":"ListItem","position":1,"name":"Home","item":"https:\/\/customer-88-99-224-156.brandprotection.zone\/saccisica-v2\/"},{"@type":"ListItem","position":2,"name":"Enogastronomia","item":"https:\/\/customer-88-99-224-156.brandprotection.zone\/saccisica-v2\/enogastronomia-mangiare-e-bere-in-saccisica-e-dintorni\/"},{"@type":"ListItem","position":3,"name":"Gli sfilacci di cavallo"}]},{"@type":"WebSite","@id":"https:\/\/customer-88-99-224-156.brandprotection.zone\/saccisica-v2\/#website","url":"https:\/\/customer-88-99-224-156.brandprotection.zone\/saccisica-v2\/","name":"Visit Saccisica | Turismo e territorio della Saccisica","description":"VisitSaccisica, 100% privata by TerritoriOnline SRL | +39 049 4906747","potentialAction":[{"@type":"SearchAction","target":{"@type":"EntryPoint","urlTemplate":"https:\/\/customer-88-99-224-156.brandprotection.zone\/saccisica-v2\/?s={search_term_string}"},"query-input":{"@type":"PropertyValueSpecification","valueRequired":true,"valueName":"search_term_string"}}],"inLanguage":"it-IT"}]}},"_links":{"self":[{"href":"https:\/\/customer-88-99-224-156.brandprotection.zone\/saccisica-v2\/wp-json\/wp\/v2\/pages\/109","targetHints":{"allow":["GET"]}}],"collection":[{"href":"https:\/\/customer-88-99-224-156.brandprotection.zone\/saccisica-v2\/wp-json\/wp\/v2\/pages"}],"about":[{"href":"https:\/\/customer-88-99-224-156.brandprotection.zone\/saccisica-v2\/wp-json\/wp\/v2\/types\/page"}],"author":[{"embeddable":true,"href":"https:\/\/customer-88-99-224-156.brandprotection.zone\/saccisica-v2\/wp-json\/wp\/v2\/users\/1"}],"replies":[{"embeddable":true,"href":"https:\/\/customer-88-99-224-156.brandprotection.zone\/saccisica-v2\/wp-json\/wp\/v2\/comments?post=109"}],"version-history":[{"count":7,"href":"https:\/\/customer-88-99-224-156.brandprotection.zone\/saccisica-v2\/wp-json\/wp\/v2\/pages\/109\/revisions"}],"predecessor-version":[{"id":7992,"href":"https:\/\/customer-88-99-224-156.brandprotection.zone\/saccisica-v2\/wp-json\/wp\/v2\/pages\/109\/revisions\/7992"}],"up":[{"embeddable":true,"href":"https:\/\/customer-88-99-224-156.brandprotection.zone\/saccisica-v2\/wp-json\/wp\/v2\/pages\/98"}],"wp:attachment":[{"href":"https:\/\/customer-88-99-224-156.brandprotection.zone\/saccisica-v2\/wp-json\/wp\/v2\/media?parent=109"}],"curies":[{"name":"wp","href":"https:\/\/api.w.org\/{rel}","templated":true}]}}