{"id":115,"date":"2013-03-25T12:15:23","date_gmt":"2013-03-25T12:15:23","guid":{"rendered":"http:\/\/www.saccisica.net\/?page_id=115"},"modified":"2019-03-04T11:20:38","modified_gmt":"2019-03-04T10:20:38","slug":"diego-valeri","status":"publish","type":"page","link":"https:\/\/customer-88-99-224-156.brandprotection.zone\/saccisica-v2\/arte-e-cultura-in-saccisica\/diego-valeri\/","title":{"rendered":"Diego Valeri"},"content":{"rendered":"<p style=\"text-align: justify;\"><img decoding=\"async\" class=\"alignleft wp-image-413 size-medium\" style=\"margin-left: 10px; margin-right: 10px;\" src=\"https:\/\/customer-88-99-224-156.brandprotection.zone\/saccisica-v2\/wp-content\/uploads\/sites\/7\/2013\/03\/Diego_Valeri-300x241.jpg\" alt=\"Diego Valeri\" width=\"300\" height=\"241\" srcset=\"https:\/\/customer-88-99-224-156.brandprotection.zone\/saccisica-v2\/wp-content\/uploads\/sites\/7\/2013\/03\/Diego_Valeri-300x241.jpg 300w, https:\/\/customer-88-99-224-156.brandprotection.zone\/saccisica-v2\/wp-content\/uploads\/sites\/7\/2013\/03\/Diego_Valeri-768x617.jpg 768w, https:\/\/customer-88-99-224-156.brandprotection.zone\/saccisica-v2\/wp-content\/uploads\/sites\/7\/2013\/03\/Diego_Valeri-1024x822.jpg 1024w, https:\/\/customer-88-99-224-156.brandprotection.zone\/saccisica-v2\/wp-content\/uploads\/sites\/7\/2013\/03\/Diego_Valeri.jpg 1285w\" sizes=\"(max-width: 300px) 100vw, 300px\" \/><\/p>\n<p style=\"text-align: justify;\">Diego Valeri nacque <a href=\"https:\/\/customer-88-99-224-156.brandprotection.zone\/saccisica-v2\/il-territorio-della-saccisica\/comuni-della-saccisica-piove-di-sacco\/\">Piove di Sacco<\/a>, (25 gennaio 1887 \u2013 Roma, 27 novembre 1976) da una famiglia borghese<\/p>\n<p style=\"text-align: justify;\">Studi\u00f2 letteratura esordendo assai giovane, nel 1913, con Monodia d&#8217;amore e Le gaie tristezze. Nel 1914 frequent\u00f2 un corso alla <strong>Sorbona di Parigi<\/strong> e, al suo ritorno in Italia, inizi\u00f2 la carriera di insegnante.<\/p>\n<h2>Diego Valeri: la carriera e l&#8217;insegnamento<\/h2>\n<p style=\"text-align: justify;\">Diego Valeri Fu professore di italiano e latino nei licei e si allontan\u00f2 dalla scuola solamente negli anni in cui le sue idee antifasciste gli rendevano difficile parlare sinceramente con i suoi alunni.<\/p>\n<p style=\"text-align: justify;\">In quel periodo si impegn\u00f2 presso la <strong>&#8220;Sovrintendenza alle Arti di Venezia&#8221;<\/strong> che considerava un luogo pi\u00f9 appartato.<\/p>\n<p style=\"text-align: justify;\">Contemporaneamente all&#8217;insegnamento nei licei, collabor\u00f2 assiduamente alla rivista Nuova Antologia con una rubrica fissa di letteratura francese in una sezione dal titolo &#8220;Note e consegne&#8221;.<\/p>\n<p style=\"text-align: justify;\">Su &#8220;Nuova Antologia&#8221; pubblic\u00f2 anche traduzioni e numerosi versi che verranno in seguito ristampati con il titolo di Umana nel 1916, di Crisalide nel 1919 e Ariele nel 1924. Queste plaquettes confluiranno nel 1939 nella prima vera raccolta di Diego Valeri con il titolo Poesie vecchie e nuove.<\/p>\n<h2>Diego Valeri all&#8217;Universit\u00e0 di Padova<\/h2>\n<p style=\"text-align: justify;\">Nel 1939 divenne ordinario di lingua e letteratura francese presso <a href=\"http:\/\/www.unipd.it\" target=\"_blank\" rel=\"noopener\">l&#8217;Universit\u00e0 di Padova<\/a> dove in seguito otterr\u00e0 la cattedra di Storia della letteratura italiana moderna e contemporanea. A Padova rimase in carica per un ventennio, escluso il periodo dell&#8217;occupazione nazista, dal 1943 al 1945, durante il quale ripar\u00f2 in Svizzera come rifugiato politico.<\/p>\n<p style=\"text-align: justify;\">In questo periodo Diego Valeri continu\u00f2 la sua attivit\u00e0 di pubblicista e soprattutto di traduttore sul &#8220;Gazzettino&#8221;, il &#8220;Trivium&#8221;, &#8220;Lo Smeraldo&#8221;, &#8220;L&#8217;Approdo&#8221; .<\/p>\n<p style=\"text-align: justify;\">Nel 1944 uscir\u00e0 il volume Romanzi e racconti d&#8217;amore del Medio Evo francese, nel 1954 quello sugli Antichi poeti provenzali e W.Goethe, Cinquanta poesie e nel 1959 Lirici tedeschi.<\/p>\n<h2>Diego Valeri e il suo impegno nella Cultura<\/h2>\n<p style=\"text-align: justify;\">Diego Valeri fu anche <strong>civilmente impegnato nel campo della cultura<\/strong> aderendo nel 1948, insieme ad altri intellettuali dell&#8217;epoca, all'&#8221;Alleanza della cultura&#8221;. Nel 1950 si rec\u00f2 con Croce al convegno di Berlino e pi\u00f9 tardi si impegn\u00f2 come sovrintendente alle Belle Arti di Venezia.<\/p>\n<p style=\"text-align: justify;\">Per qualche anno, dopo il periodo padovano, insegn\u00f2 anche nella nuova Universit\u00e0 di Lecce, a quei tempi privata.<\/p>\n<p style=\"text-align: justify;\">Dopo il congedo della cattedra visse a Venezia e fece parte della Giunta comunale.<\/p>\n<hr \/>\n<blockquote><p>Per maggiori informazioni visita il sito <a href=\"http:\/\/www.diegovaleri.it\">diegovaleri.it<\/a><\/p><\/blockquote>\n","protected":false},"excerpt":{"rendered":"<p>Diego Valeri nacque Piove di Sacco, (25 gennaio 1887 \u2013 Roma, 27 novembre 1976) da una famiglia borghese Studi\u00f2 letteratura esordendo assai giovane, nel 1913, con Monodia d&#8217;amore e Le gaie tristezze. Nel 1914 frequent\u00f2 un corso alla Sorbona di Parigi e, al suo ritorno in Italia, inizi\u00f2 la carriera di insegnante. Diego Valeri: la [&hellip;]<\/p>\n","protected":false},"author":1,"featured_media":0,"parent":93,"menu_order":0,"comment_status":"open","ping_status":"open","template":"","meta":{"footnotes":""},"class_list":["post-115","page","type-page","status-publish","hentry"],"yoast_head":"<!-- This site is optimized with the Yoast SEO plugin v24.7 - https:\/\/yoast.com\/wordpress\/plugins\/seo\/ -->\n<title>Diego Valeri e Piove di Sacco, Diego Valeri nella Saccisica<\/title>\n<meta name=\"description\" content=\"Diego Valeri nacque a Piove di Sacco, comune della Saccisica (25 gennaio 1887 \u2013 Roma, 27 novembre 1976) da una famiglia borghese.\" \/>\n<meta name=\"robots\" content=\"index, follow, max-snippet:-1, max-image-preview:large, max-video-preview:-1\" \/>\n<link rel=\"canonical\" href=\"https:\/\/customer-88-99-224-156.brandprotection.zone\/saccisica-v2\/arte-e-cultura-in-saccisica\/diego-valeri\/\" \/>\n<meta property=\"og:locale\" content=\"it_IT\" \/>\n<meta property=\"og:type\" content=\"article\" \/>\n<meta property=\"og:title\" content=\"Diego Valeri e Piove di Sacco, Diego Valeri nella Saccisica\" \/>\n<meta property=\"og:description\" content=\"Diego Valeri nacque a Piove di Sacco, comune della Saccisica (25 gennaio 1887 \u2013 Roma, 27 novembre 1976) da una famiglia borghese.\" \/>\n<meta property=\"og:url\" content=\"https:\/\/customer-88-99-224-156.brandprotection.zone\/saccisica-v2\/arte-e-cultura-in-saccisica\/diego-valeri\/\" \/>\n<meta property=\"og:site_name\" content=\"Visit Saccisica | Turismo e territorio della Saccisica\" \/>\n<meta property=\"article:modified_time\" content=\"2019-03-04T10:20:38+00:00\" \/>\n<meta property=\"og:image\" content=\"https:\/\/customer-88-99-224-156.brandprotection.zone\/saccisica-v2\/wp-content\/uploads\/sites\/7\/2013\/03\/Diego_Valeri-300x241.jpg\" \/>\n<meta name=\"twitter:card\" content=\"summary_large_image\" \/>\n<meta name=\"twitter:label1\" content=\"Tempo di lettura stimato\" \/>\n\t<meta name=\"twitter:data1\" content=\"2 minuti\" \/>\n<script type=\"application\/ld+json\" class=\"yoast-schema-graph\">{\"@context\":\"https:\/\/schema.org\",\"@graph\":[{\"@type\":\"WebPage\",\"@id\":\"https:\/\/customer-88-99-224-156.brandprotection.zone\/saccisica-v2\/arte-e-cultura-in-saccisica\/diego-valeri\/\",\"url\":\"https:\/\/customer-88-99-224-156.brandprotection.zone\/saccisica-v2\/arte-e-cultura-in-saccisica\/diego-valeri\/\",\"name\":\"Diego Valeri e Piove di Sacco, Diego Valeri nella Saccisica\",\"isPartOf\":{\"@id\":\"https:\/\/customer-88-99-224-156.brandprotection.zone\/saccisica-v2\/#website\"},\"primaryImageOfPage\":{\"@id\":\"https:\/\/customer-88-99-224-156.brandprotection.zone\/saccisica-v2\/arte-e-cultura-in-saccisica\/diego-valeri\/#primaryimage\"},\"image\":{\"@id\":\"https:\/\/customer-88-99-224-156.brandprotection.zone\/saccisica-v2\/arte-e-cultura-in-saccisica\/diego-valeri\/#primaryimage\"},\"thumbnailUrl\":\"https:\/\/customer-88-99-224-156.brandprotection.zone\/saccisica-v2\/wp-content\/uploads\/sites\/7\/2013\/03\/Diego_Valeri-300x241.jpg\",\"datePublished\":\"2013-03-25T12:15:23+00:00\",\"dateModified\":\"2019-03-04T10:20:38+00:00\",\"description\":\"Diego Valeri nacque a Piove di Sacco, comune della Saccisica (25 gennaio 1887 \u2013 Roma, 27 novembre 1976) da una famiglia borghese.\",\"breadcrumb\":{\"@id\":\"https:\/\/customer-88-99-224-156.brandprotection.zone\/saccisica-v2\/arte-e-cultura-in-saccisica\/diego-valeri\/#breadcrumb\"},\"inLanguage\":\"it-IT\",\"potentialAction\":[{\"@type\":\"ReadAction\",\"target\":[\"https:\/\/customer-88-99-224-156.brandprotection.zone\/saccisica-v2\/arte-e-cultura-in-saccisica\/diego-valeri\/\"]}]},{\"@type\":\"ImageObject\",\"inLanguage\":\"it-IT\",\"@id\":\"https:\/\/customer-88-99-224-156.brandprotection.zone\/saccisica-v2\/arte-e-cultura-in-saccisica\/diego-valeri\/#primaryimage\",\"url\":\"https:\/\/customer-88-99-224-156.brandprotection.zone\/saccisica-v2\/wp-content\/uploads\/sites\/7\/2013\/03\/Diego_Valeri.jpg\",\"contentUrl\":\"https:\/\/customer-88-99-224-156.brandprotection.zone\/saccisica-v2\/wp-content\/uploads\/sites\/7\/2013\/03\/Diego_Valeri.jpg\",\"width\":1285,\"height\":1032},{\"@type\":\"BreadcrumbList\",\"@id\":\"https:\/\/customer-88-99-224-156.brandprotection.zone\/saccisica-v2\/arte-e-cultura-in-saccisica\/diego-valeri\/#breadcrumb\",\"itemListElement\":[{\"@type\":\"ListItem\",\"position\":1,\"name\":\"Home\",\"item\":\"https:\/\/customer-88-99-224-156.brandprotection.zone\/saccisica-v2\/\"},{\"@type\":\"ListItem\",\"position\":2,\"name\":\"Personaggi della Saccisica\",\"item\":\"https:\/\/customer-88-99-224-156.brandprotection.zone\/saccisica-v2\/arte-e-cultura-in-saccisica\/\"},{\"@type\":\"ListItem\",\"position\":3,\"name\":\"Diego Valeri\"}]},{\"@type\":\"WebSite\",\"@id\":\"https:\/\/customer-88-99-224-156.brandprotection.zone\/saccisica-v2\/#website\",\"url\":\"https:\/\/customer-88-99-224-156.brandprotection.zone\/saccisica-v2\/\",\"name\":\"Visit Saccisica | Turismo e territorio della Saccisica\",\"description\":\"VisitSaccisica, 100% privata by TerritoriOnline SRL | +39 049 4906747\",\"potentialAction\":[{\"@type\":\"SearchAction\",\"target\":{\"@type\":\"EntryPoint\",\"urlTemplate\":\"https:\/\/customer-88-99-224-156.brandprotection.zone\/saccisica-v2\/?s={search_term_string}\"},\"query-input\":{\"@type\":\"PropertyValueSpecification\",\"valueRequired\":true,\"valueName\":\"search_term_string\"}}],\"inLanguage\":\"it-IT\"}]}<\/script>\n<!-- \/ Yoast SEO plugin. -->","yoast_head_json":{"title":"Diego Valeri e Piove di Sacco, Diego Valeri nella Saccisica","description":"Diego Valeri nacque a Piove di Sacco, comune della Saccisica (25 gennaio 1887 \u2013 Roma, 27 novembre 1976) da una famiglia borghese.","robots":{"index":"index","follow":"follow","max-snippet":"max-snippet:-1","max-image-preview":"max-image-preview:large","max-video-preview":"max-video-preview:-1"},"canonical":"https:\/\/customer-88-99-224-156.brandprotection.zone\/saccisica-v2\/arte-e-cultura-in-saccisica\/diego-valeri\/","og_locale":"it_IT","og_type":"article","og_title":"Diego Valeri e Piove di Sacco, Diego Valeri nella Saccisica","og_description":"Diego Valeri nacque a Piove di Sacco, comune della Saccisica (25 gennaio 1887 \u2013 Roma, 27 novembre 1976) da una famiglia borghese.","og_url":"https:\/\/customer-88-99-224-156.brandprotection.zone\/saccisica-v2\/arte-e-cultura-in-saccisica\/diego-valeri\/","og_site_name":"Visit Saccisica | Turismo e territorio della Saccisica","article_modified_time":"2019-03-04T10:20:38+00:00","og_image":[{"url":"https:\/\/customer-88-99-224-156.brandprotection.zone\/saccisica-v2\/wp-content\/uploads\/sites\/7\/2013\/03\/Diego_Valeri-300x241.jpg","type":"","width":"","height":""}],"twitter_card":"summary_large_image","twitter_misc":{"Tempo di lettura stimato":"2 minuti"},"schema":{"@context":"https:\/\/schema.org","@graph":[{"@type":"WebPage","@id":"https:\/\/customer-88-99-224-156.brandprotection.zone\/saccisica-v2\/arte-e-cultura-in-saccisica\/diego-valeri\/","url":"https:\/\/customer-88-99-224-156.brandprotection.zone\/saccisica-v2\/arte-e-cultura-in-saccisica\/diego-valeri\/","name":"Diego Valeri e Piove di Sacco, Diego Valeri nella Saccisica","isPartOf":{"@id":"https:\/\/customer-88-99-224-156.brandprotection.zone\/saccisica-v2\/#website"},"primaryImageOfPage":{"@id":"https:\/\/customer-88-99-224-156.brandprotection.zone\/saccisica-v2\/arte-e-cultura-in-saccisica\/diego-valeri\/#primaryimage"},"image":{"@id":"https:\/\/customer-88-99-224-156.brandprotection.zone\/saccisica-v2\/arte-e-cultura-in-saccisica\/diego-valeri\/#primaryimage"},"thumbnailUrl":"https:\/\/customer-88-99-224-156.brandprotection.zone\/saccisica-v2\/wp-content\/uploads\/sites\/7\/2013\/03\/Diego_Valeri-300x241.jpg","datePublished":"2013-03-25T12:15:23+00:00","dateModified":"2019-03-04T10:20:38+00:00","description":"Diego Valeri nacque a Piove di Sacco, comune della Saccisica (25 gennaio 1887 \u2013 Roma, 27 novembre 1976) da una famiglia borghese.","breadcrumb":{"@id":"https:\/\/customer-88-99-224-156.brandprotection.zone\/saccisica-v2\/arte-e-cultura-in-saccisica\/diego-valeri\/#breadcrumb"},"inLanguage":"it-IT","potentialAction":[{"@type":"ReadAction","target":["https:\/\/customer-88-99-224-156.brandprotection.zone\/saccisica-v2\/arte-e-cultura-in-saccisica\/diego-valeri\/"]}]},{"@type":"ImageObject","inLanguage":"it-IT","@id":"https:\/\/customer-88-99-224-156.brandprotection.zone\/saccisica-v2\/arte-e-cultura-in-saccisica\/diego-valeri\/#primaryimage","url":"https:\/\/customer-88-99-224-156.brandprotection.zone\/saccisica-v2\/wp-content\/uploads\/sites\/7\/2013\/03\/Diego_Valeri.jpg","contentUrl":"https:\/\/customer-88-99-224-156.brandprotection.zone\/saccisica-v2\/wp-content\/uploads\/sites\/7\/2013\/03\/Diego_Valeri.jpg","width":1285,"height":1032},{"@type":"BreadcrumbList","@id":"https:\/\/customer-88-99-224-156.brandprotection.zone\/saccisica-v2\/arte-e-cultura-in-saccisica\/diego-valeri\/#breadcrumb","itemListElement":[{"@type":"ListItem","position":1,"name":"Home","item":"https:\/\/customer-88-99-224-156.brandprotection.zone\/saccisica-v2\/"},{"@type":"ListItem","position":2,"name":"Personaggi della Saccisica","item":"https:\/\/customer-88-99-224-156.brandprotection.zone\/saccisica-v2\/arte-e-cultura-in-saccisica\/"},{"@type":"ListItem","position":3,"name":"Diego Valeri"}]},{"@type":"WebSite","@id":"https:\/\/customer-88-99-224-156.brandprotection.zone\/saccisica-v2\/#website","url":"https:\/\/customer-88-99-224-156.brandprotection.zone\/saccisica-v2\/","name":"Visit Saccisica | Turismo e territorio della Saccisica","description":"VisitSaccisica, 100% privata by TerritoriOnline SRL | +39 049 4906747","potentialAction":[{"@type":"SearchAction","target":{"@type":"EntryPoint","urlTemplate":"https:\/\/customer-88-99-224-156.brandprotection.zone\/saccisica-v2\/?s={search_term_string}"},"query-input":{"@type":"PropertyValueSpecification","valueRequired":true,"valueName":"search_term_string"}}],"inLanguage":"it-IT"}]}},"_links":{"self":[{"href":"https:\/\/customer-88-99-224-156.brandprotection.zone\/saccisica-v2\/wp-json\/wp\/v2\/pages\/115","targetHints":{"allow":["GET"]}}],"collection":[{"href":"https:\/\/customer-88-99-224-156.brandprotection.zone\/saccisica-v2\/wp-json\/wp\/v2\/pages"}],"about":[{"href":"https:\/\/customer-88-99-224-156.brandprotection.zone\/saccisica-v2\/wp-json\/wp\/v2\/types\/page"}],"author":[{"embeddable":true,"href":"https:\/\/customer-88-99-224-156.brandprotection.zone\/saccisica-v2\/wp-json\/wp\/v2\/users\/1"}],"replies":[{"embeddable":true,"href":"https:\/\/customer-88-99-224-156.brandprotection.zone\/saccisica-v2\/wp-json\/wp\/v2\/comments?post=115"}],"version-history":[{"count":8,"href":"https:\/\/customer-88-99-224-156.brandprotection.zone\/saccisica-v2\/wp-json\/wp\/v2\/pages\/115\/revisions"}],"predecessor-version":[{"id":12013,"href":"https:\/\/customer-88-99-224-156.brandprotection.zone\/saccisica-v2\/wp-json\/wp\/v2\/pages\/115\/revisions\/12013"}],"up":[{"embeddable":true,"href":"https:\/\/customer-88-99-224-156.brandprotection.zone\/saccisica-v2\/wp-json\/wp\/v2\/pages\/93"}],"wp:attachment":[{"href":"https:\/\/customer-88-99-224-156.brandprotection.zone\/saccisica-v2\/wp-json\/wp\/v2\/media?parent=115"}],"curies":[{"name":"wp","href":"https:\/\/api.w.org\/{rel}","templated":true}]}}