{"id":210,"date":"2013-03-25T16:07:08","date_gmt":"2013-03-25T16:07:08","guid":{"rendered":"http:\/\/www.saccisica.net\/?page_id=210"},"modified":"2018-03-31T23:05:53","modified_gmt":"2018-03-31T21:05:53","slug":"oreste-da-molin","status":"publish","type":"page","link":"https:\/\/customer-88-99-224-156.brandprotection.zone\/saccisica-v2\/arte-e-cultura-in-saccisica\/oreste-da-molin\/","title":{"rendered":"Oreste da Molin"},"content":{"rendered":"<p><img decoding=\"async\" class=\"alignleft wp-image-455 size-medium\" style=\"margin: 0px 10px 10px 0px;\" src=\"https:\/\/customer-88-99-224-156.brandprotection.zone\/saccisica-v2\/wp-content\/uploads\/sites\/7\/2013\/03\/oreste-da-molin-300x243.jpg\" alt=\"oreste da molin\" width=\"300\" height=\"243\" srcset=\"https:\/\/customer-88-99-224-156.brandprotection.zone\/saccisica-v2\/wp-content\/uploads\/sites\/7\/2013\/03\/oreste-da-molin-300x243.jpg 300w, https:\/\/customer-88-99-224-156.brandprotection.zone\/saccisica-v2\/wp-content\/uploads\/sites\/7\/2013\/03\/oreste-da-molin.jpg 450w\" sizes=\"(max-width: 300px) 100vw, 300px\" \/><\/p>\n<p style=\"text-align: justify;\">Oreste Da Molin fin dalla prima giovinezza manifesta una spiccata predisposizione per il disegno. Tale inclinazione lo porter\u00e0 a seguire i corsi del professor Giovanni Battista Tessari alla Scuola Pratica di Disegno per Artigiani di <a href=\"https:\/\/customer-88-99-224-156.brandprotection.zone\/saccisica-v2\/il-territorio-della-saccisica\/comuni-della-saccisica-piove-di-sacco\/\">Piove di Sacco<\/a>. Dal 1873 al 1877 \u00e8 iscritto alla Reale accademia di <strong>Belle Arti di Venezia<\/strong> dove ottiene brillanti risultati nonostante le difficolt\u00e0 economiche conseguenti alla perdita di entrambi i genitori.<\/p>\n<p style=\"text-align: justify;\">Tra i suoi insegnanti figurano alcuni nomi di spicco della scena artistica veneziana di quel periodo: <strong>Pompeo Marino Molmenti, Antonio Dal Zotto, Lodovico Cadorin e Giacomo Favretto<\/strong>. Verso la met\u00e0 degli anni settanta, mantenendosi con la vendita di bozzetti di popolane e scugnizzi, si trasferisce a Napoli per un breve periodo. All\u2019Istituto di Belle Arti partenopeo, dove insegna Domenico Morelli, ottiene un documento che gli consente, una volta rientrato a Venezia, di terminare con un anno di anticipo gli studi.<\/p>\n<h2>La Giovent\u00f9 di Oreste da Molin<\/h2>\n<p style=\"text-align: justify;\">Ancor prima di diplomarsi si fa notare a una esposizione veneziana con In attesa di un compratore, quadretto di genere che viene acquistato dal noto commerciante ed editore d\u2019arte Ongania; a questo periodo risale anche la <strong>tavoletta Partita a tressette<\/strong>, oggi in collezione privata. Nel 1880 espone a Trieste Un\u2019ora di riposo o La famegia Galeto (collezione privata), l\u2019anno seguente invia all\u2019Esposizione Nazionale milanese I pitori xe tuti mati (ubicazione ignota) e L\u2019ultimo ricordo di famiglia e a una esposizione veneziana Partita a tressette. Nel 1882 Da Molin partecipa per la prima volta al prestigioso appuntamento del Salon di Parigi con una variante de L\u2019ultimo ricordo di famiglia.<\/p>\n<p style=\"text-align: justify;\">A questo periodo risalgono anche i primi contatti con case commercianti d\u2019arte straniere come la Goupil &amp; C. e la Opp\u00e9 &amp; C. di Parigi nonch\u00e9, pi\u00f9 tardi, la H. Kockock di Londra. <strong>Nel 1883 espone a Venezia<\/strong> L\u2019ultimo ricordo di famiglia e Sala di un antiquario, a Roma La bona fia, alla Kunstausstellung di Vienna Il segno della fede e Arte e amore. La produzione damoliniana degli anni immediatamente successivi verte soprattutto su ritratti, bozzetti, e opere a carattere episodico-aneddotico come Il saltimbanco, Dal calderaio, Venezia pittoresca e L\u2019amore non invecchia mai.<\/p>\n<p style=\"text-align: justify;\">All\u2019Esposizione Nazionale Artistica che Venezia organizza nel 1887 nei Giardini di Castello egli figura, oltre che con Tristizia, con il dittico Mal nutriti-Ben nutriti (ubicazione ignota), acquistato in seguito dall\u2019imperatore Francesco Giuseppe, opera che suscita l\u2019attenzione di pubblico e critica per la scelta di affrontare un tema sociale cos\u00ec crudo nella descrizione del contrasto tra le classi sociali. <strong>Da questo momento in poi l\u2019artista si indirizza verso una pittura verista sempre pi\u00f9 rivolta alla denuncia sociale<\/strong>.<\/p>\n<p style=\"text-align: justify;\">Sempre a Venezia, all\u2019Indisposizione Artistica, evento di natura goliardica parallelo al precedente, si fa notare con due parodie, una del celebre dipinto I forzati di Silvio Rotta e una dei suoi stessi Mal nutriti (con cui vince un premio di duecento lire) dove, dove si ritrae con accenti fortemente caricaturali insieme agli amici Luigi Nono e Antonio Dal Zotto. L\u2019anno seguente opere dell\u2019artista figurano al <strong>Salon di Parigi<\/strong> e alle esposizioni di <strong>Milano e Verona<\/strong>. Partecipa inoltre con Mal nutriti, Venezia pittoresca e Antichit\u00e0 alla Esposizione di Belle Arti di Bologna mentre, nel 1889, in occasione dell\u2019Esposizione Universale di Parigi, quest\u2019ultimo dipinto viene premiato con una menzione onorevole.<\/p>\n<p style=\"text-align: justify;\">Nel 1891 Da Molin \u00e8 presente con Monte di Piet\u00e0 alla Prima Esposizione Triennale di Belle Arti di Brera ed invia altre sue opere alla Permanente di Venezia, alla M\u00fcnchener Jahresausstellung, a una mostra londinese e all\u2019Esposizione Nazionale di Palermo dove propone il dittico Regno della gioia (Piove di Sacco, collezione della Banca di Credito Cooperativo)-Regno del dolore (Padova, Musei Civici-Museo d\u2019Arte). All\u2019Esposizione Italo Americana di Genova del 1892 figurano Barbiere rusticano (collezione privata), Promessi sposi (di cui si conosce una versione quasi identica in collezione privata) e I mal nutriti (collezione privata); quest\u2019ultimo, variante della tela che assieme ai Ben nutriti formava il dittico del 1887, viene premiato con una medaglia d\u2019argento.<\/p>\n<p style=\"text-align: justify;\">L\u2019anno successivo I mal nutriti con Monte di Piet\u00e0 ottiene <strong>all\u2019Esposizione Colombiana di Chicago<\/strong> una medaglia d\u2019oro. Nel 1894 Da Molin espone Monte di Piet\u00e0 alla Kunstausstellung di Monaco e Tavolozza politica (Piove di Sacco, Banca di Credito Cooperativo) alla Exposici\u00f2n General de Bellas Artes di Barcellona. L\u2019anno successivo invia a Praga nuovamente Monte di Piet\u00e0, a Berlino e a Dresda El bocolo de S. Marco (Padova, Musei Civici-Museo d\u2019Arte), a Lipsia Scrivani pubblici, opera poi acquistata dalla Galleria d\u2019Arte Moderna di quella stessa citt\u00e0, a Monaco Antichit\u00e0 e Consolatrix affflictorum (collezione privata), al Salon di Parigi Mal nutriti.<\/p>\n<p style=\"text-align: justify;\">A Venezia, in occasione della Prima Esposizione Internazionale d\u2019Arte, Oreste da Molin, il maestro piovese propone ancora una volta un\u2019opera a sfondo sociale, Diurnisti a due lire. Alla Prima Esposizione Triennale d\u2019Arte di Torino del 1896 partecipa con Scrivani d\u2019affari di Stato e barbieri, una rivisitazione del Settecento veneziano che riscuote molto successo e viene acquistata dal Duca d\u2019Aosta. Il Settecento veneziano \u00e8 protagonista anche in Cara! Ti xe tanto bela! (collezione privata) dipinto che, insieme a diciotto disegni a penna, viene mandato alla Festa dell\u2019Arte e dei Fiori che si tiene a Firenze tra il 1896 e il 1897. Nello stesso anno l\u2019artista \u00e8 impegnato sia all\u2019estero (Parigi, Monaco, Bruxelles) che in Italia alla Terza Esposizione Triennale di Milano e alla Seconda Esposizione Internazionale d\u2019Arte di Venezia.<\/p>\n<p style=\"text-align: justify;\">Qui propone un\u2019opera di forte impatto emotivo, Angoscia (Venezia, Galleria d\u2019Arte Moderna, attualmente in deposito presso il Municipio di Piove di Sacco), acquistata da re Umberto I e donata al Comune della citt\u00e0 lagunare per l\u2019allora istituenda Galleria d\u2019Arte Moderna. L\u2019anno seguente, all\u2019Esposizione Nazionale di Torino, invia un Ritratto e Scopriti! Passa un ferito del lavoro! (Padova, Musei Civici-Museo d\u2019Arte) ispirato a un episodio del Cuore di De Amicis. Manda inoltre a Barcellona Mal nutriti, a Parigi il dittico Regno della gioia-Regno del dolore, a Monaco Il giovane poeta. Il 1898 coincide anche con il ritorno del pittore nella citt\u00e0 natale, dove rimane sino alla morte, proseguendo la sua attivit\u00e0 lontano dai mutamenti e dai fermenti che agitavano l\u2019arte di questo periodo. Viene la Dogaressa (Piove di Sacco, Banca di Credito Cooperativo) e Scopriti! Passa un ferito del lavoro! nel 1889 sono presenti rispettivamente alla Internationale Kunstausstellung di Monaco e al Salon di Parigi, mentre il pastello Ecce homo (collezione privata) viene esposto a Torino.<\/p>\n<p style=\"text-align: justify;\">Negli anni a seguire opere di Oreste Da Molin continuano ad essere esposte in numerose mostre di prestigio: <strong>nel 1900 alla Esposizione Universale di Parigi<\/strong> (Portrait e T\u00eate de jeune fille), nel 1901 alla Ottava Internationale Kunstausstellung (Blondine, Ecce homo, Bildnis, Adagio con passione, collezione privata) nel 1902 alla Seconda Esposizione di Pittura, Scultura ed Arti Applicate all\u2019Industria di Pietroburgo (Soli al mondo, premiato con medaglia d\u2019argento, Mal nutriti, Viene la Dogaressa), nel 1903 al Salon di Parigi (Soli al mondo che ottiene una menzione d\u2019onore) e alla Internationale Kunstausstellung di Monaco (Risveglio), nel 1904 ancora al Salon di Parigi (Giovani autori, collezione privata), alla Internationale Kunstausstellung di Monaco (Soli al mondo) e alla Esposizione Internazionale di Saint Louis (Mal nutriti, premiato con medaglia di bronzo), nel 1905 al Salon di Parigi (Courage!), nel 1906 alla Esposizione Italiana di Londra (Scopriti! Passa un ferito del lavoro!, Viene la Dogaressa) e all\u2019Esposizione Nazionale di Milano (Giovani autori).<\/p>\n<p style=\"text-align: justify;\">L\u2019anno dopo, a seguito del grande consenso riscosso dalle sue opere nella capitale francese, il pittore \u00e8 nominato membro della Union Internationale des Beaux Arts et des Lettres di Parigi da J\u00e9r\u00f4me Ma\u00ebsse. Nel 1910 ben diciannove opere di Da Molin figurano all\u2019Esposizione Agricola-Industriale di Pontevigodarzere e nel 1912 il pittore viene premiato con una medaglia d\u2019oro assegnatagli dal Ministero della Pubblica Istruzione in occasione della Terza Esposizione d\u2019Arte di Rimini dove compaiono un Autoritratto e Gli uomini sono\u2026 (Piove di Sacco, Banca di Credito Cooperativo).<\/p>\n<p style=\"text-align: justify;\">L\u2019impegno con l\u2019Internationale Kunstausstellung di Monaco e il Salon di Parigi prosegue anche nel secondo decennio del nuovo secolo. Nella capitale francese Oreste invia nel 1914 il pungente Les h\u00e9ros (collezione privata). Il figlio Ettore nel 1919, in qualit\u00e0 di segretario generale della Fiera Campionaria di Padova, gli commissiona i disegni per la cartolina e la locandina che reclamizzano la Prima Fiera.<\/p>\n<p style=\"text-align: justify;\">L\u2019anno seguente la sua citt\u00e0 natale gli rende omaggio organizzando presso il Politeama Sociale una straordinaria personale con circa centocinquanta opere che spaziano dagli esordi sino all\u2019ultima produzione.<\/p>\n<p style=\"text-align: justify;\"><strong>La vita di Oreste Da Molin si conclude improvvisamente nel dicembre 1921<\/strong>. Esposizioni postume vengono organizzate nel 1933 presso la Galleria Scopinich di Milano, nel 1939 alla Galleria Materazzi di Firenze, tra il 1955 e il 1956 a Padova dove l\u2019Associazione Pro Padova dedica al pittore piovese la prima di un ciclo di esposizioni incentrate sull\u2019Ottocento padovano, nel 1961 a Piove di Sacco.<\/p>\n<p style=\"text-align: justify;\">Opere di Oreste da Molin sono inoltre esposte nel 1993 alla Quinta Mostra degli Artisti della Saccisica di Piove di Sacco, nel 1996 a Padova, in occasione della mostra della raccolta d\u2019arte della Cassa di Risparmio di Padova e Rovigo, tra il 1999 e il 2000, alla Mostra dei Dipinti dell\u2019Ottocento e del Novecento dei Musei Civici di Padova.<\/p>\n<p style=\"text-align: justify;\">Oltre che in numerosissime collezioni private, si conservano opere di Oreste Da Molin presso la sede padovana della Cassa di Risparmio di Padova e Rovigo e di Cardine Finanziaria, al Museo d\u2019Arte Medioevale e Moderna di Padova, al Municipio di Piove di Sacco e nella collezione della Banca di Credito Cooperativo della stessa citt\u00e0.<\/p>\n","protected":false},"excerpt":{"rendered":"<p>Oreste Da Molin fin dalla prima giovinezza manifesta una spiccata predisposizione per il disegno. Tale inclinazione lo porter\u00e0 a seguire i corsi del professor Giovanni Battista Tessari alla Scuola Pratica di Disegno per Artigiani di Piove di Sacco. Dal 1873 al 1877 \u00e8 iscritto alla Reale accademia di Belle Arti di Venezia dove ottiene brillanti [&hellip;]<\/p>\n","protected":false},"author":1,"featured_media":0,"parent":93,"menu_order":0,"comment_status":"open","ping_status":"open","template":"","meta":{"footnotes":""},"class_list":["post-210","page","type-page","status-publish","hentry"],"yoast_head":"<!-- This site is optimized with the Yoast SEO plugin v24.7 - https:\/\/yoast.com\/wordpress\/plugins\/seo\/ -->\n<title>Saccisica | Visit Saccisica | Oreste da Molin nel territorio della Saccisica<\/title>\n<meta name=\"description\" content=\"Oreste da Molin nel territorio della Saccisica: scopri la vita di questo importante ed amato artista del Piovese\" \/>\n<meta name=\"robots\" content=\"index, follow, max-snippet:-1, max-image-preview:large, max-video-preview:-1\" \/>\n<link rel=\"canonical\" href=\"https:\/\/customer-88-99-224-156.brandprotection.zone\/saccisica-v2\/arte-e-cultura-in-saccisica\/oreste-da-molin\/\" \/>\n<meta property=\"og:locale\" content=\"it_IT\" \/>\n<meta property=\"og:type\" content=\"article\" \/>\n<meta property=\"og:title\" content=\"Saccisica | Visit Saccisica | Oreste da Molin nel territorio della Saccisica\" \/>\n<meta property=\"og:description\" content=\"Oreste da Molin nel territorio della Saccisica: scopri la vita di questo importante ed amato artista del Piovese\" \/>\n<meta property=\"og:url\" content=\"https:\/\/customer-88-99-224-156.brandprotection.zone\/saccisica-v2\/arte-e-cultura-in-saccisica\/oreste-da-molin\/\" \/>\n<meta property=\"og:site_name\" content=\"Visit Saccisica | Turismo e territorio della Saccisica\" \/>\n<meta property=\"article:modified_time\" content=\"2018-03-31T21:05:53+00:00\" \/>\n<meta property=\"og:image\" content=\"https:\/\/customer-88-99-224-156.brandprotection.zone\/saccisica-v2\/wp-content\/uploads\/sites\/7\/2013\/03\/oreste-da-molin-300x243.jpg\" \/>\n<meta name=\"twitter:card\" content=\"summary_large_image\" \/>\n<meta name=\"twitter:label1\" content=\"Tempo di lettura stimato\" \/>\n\t<meta name=\"twitter:data1\" content=\"8 minuti\" \/>\n<script type=\"application\/ld+json\" class=\"yoast-schema-graph\">{\"@context\":\"https:\/\/schema.org\",\"@graph\":[{\"@type\":\"WebPage\",\"@id\":\"https:\/\/customer-88-99-224-156.brandprotection.zone\/saccisica-v2\/arte-e-cultura-in-saccisica\/oreste-da-molin\/\",\"url\":\"https:\/\/customer-88-99-224-156.brandprotection.zone\/saccisica-v2\/arte-e-cultura-in-saccisica\/oreste-da-molin\/\",\"name\":\"Saccisica | Visit Saccisica | Oreste da Molin nel territorio della Saccisica\",\"isPartOf\":{\"@id\":\"https:\/\/customer-88-99-224-156.brandprotection.zone\/saccisica-v2\/#website\"},\"primaryImageOfPage\":{\"@id\":\"https:\/\/customer-88-99-224-156.brandprotection.zone\/saccisica-v2\/arte-e-cultura-in-saccisica\/oreste-da-molin\/#primaryimage\"},\"image\":{\"@id\":\"https:\/\/customer-88-99-224-156.brandprotection.zone\/saccisica-v2\/arte-e-cultura-in-saccisica\/oreste-da-molin\/#primaryimage\"},\"thumbnailUrl\":\"https:\/\/customer-88-99-224-156.brandprotection.zone\/saccisica-v2\/wp-content\/uploads\/sites\/7\/2013\/03\/oreste-da-molin-300x243.jpg\",\"datePublished\":\"2013-03-25T16:07:08+00:00\",\"dateModified\":\"2018-03-31T21:05:53+00:00\",\"description\":\"Oreste da Molin nel territorio della Saccisica: scopri la vita di questo importante ed amato artista del Piovese\",\"breadcrumb\":{\"@id\":\"https:\/\/customer-88-99-224-156.brandprotection.zone\/saccisica-v2\/arte-e-cultura-in-saccisica\/oreste-da-molin\/#breadcrumb\"},\"inLanguage\":\"it-IT\",\"potentialAction\":[{\"@type\":\"ReadAction\",\"target\":[\"https:\/\/customer-88-99-224-156.brandprotection.zone\/saccisica-v2\/arte-e-cultura-in-saccisica\/oreste-da-molin\/\"]}]},{\"@type\":\"ImageObject\",\"inLanguage\":\"it-IT\",\"@id\":\"https:\/\/customer-88-99-224-156.brandprotection.zone\/saccisica-v2\/arte-e-cultura-in-saccisica\/oreste-da-molin\/#primaryimage\",\"url\":\"https:\/\/customer-88-99-224-156.brandprotection.zone\/saccisica-v2\/wp-content\/uploads\/sites\/7\/2013\/03\/oreste-da-molin.jpg\",\"contentUrl\":\"https:\/\/customer-88-99-224-156.brandprotection.zone\/saccisica-v2\/wp-content\/uploads\/sites\/7\/2013\/03\/oreste-da-molin.jpg\",\"width\":450,\"height\":364},{\"@type\":\"BreadcrumbList\",\"@id\":\"https:\/\/customer-88-99-224-156.brandprotection.zone\/saccisica-v2\/arte-e-cultura-in-saccisica\/oreste-da-molin\/#breadcrumb\",\"itemListElement\":[{\"@type\":\"ListItem\",\"position\":1,\"name\":\"Home\",\"item\":\"https:\/\/customer-88-99-224-156.brandprotection.zone\/saccisica-v2\/\"},{\"@type\":\"ListItem\",\"position\":2,\"name\":\"Personaggi della Saccisica\",\"item\":\"https:\/\/customer-88-99-224-156.brandprotection.zone\/saccisica-v2\/arte-e-cultura-in-saccisica\/\"},{\"@type\":\"ListItem\",\"position\":3,\"name\":\"Oreste da Molin\"}]},{\"@type\":\"WebSite\",\"@id\":\"https:\/\/customer-88-99-224-156.brandprotection.zone\/saccisica-v2\/#website\",\"url\":\"https:\/\/customer-88-99-224-156.brandprotection.zone\/saccisica-v2\/\",\"name\":\"Visit Saccisica | Turismo e territorio della Saccisica\",\"description\":\"VisitSaccisica, 100% privata by TerritoriOnline SRL | +39 049 4906747\",\"potentialAction\":[{\"@type\":\"SearchAction\",\"target\":{\"@type\":\"EntryPoint\",\"urlTemplate\":\"https:\/\/customer-88-99-224-156.brandprotection.zone\/saccisica-v2\/?s={search_term_string}\"},\"query-input\":{\"@type\":\"PropertyValueSpecification\",\"valueRequired\":true,\"valueName\":\"search_term_string\"}}],\"inLanguage\":\"it-IT\"}]}<\/script>\n<!-- \/ Yoast SEO plugin. -->","yoast_head_json":{"title":"Saccisica | Visit Saccisica | Oreste da Molin nel territorio della Saccisica","description":"Oreste da Molin nel territorio della Saccisica: scopri la vita di questo importante ed amato artista del Piovese","robots":{"index":"index","follow":"follow","max-snippet":"max-snippet:-1","max-image-preview":"max-image-preview:large","max-video-preview":"max-video-preview:-1"},"canonical":"https:\/\/customer-88-99-224-156.brandprotection.zone\/saccisica-v2\/arte-e-cultura-in-saccisica\/oreste-da-molin\/","og_locale":"it_IT","og_type":"article","og_title":"Saccisica | Visit Saccisica | Oreste da Molin nel territorio della Saccisica","og_description":"Oreste da Molin nel territorio della Saccisica: scopri la vita di questo importante ed amato artista del Piovese","og_url":"https:\/\/customer-88-99-224-156.brandprotection.zone\/saccisica-v2\/arte-e-cultura-in-saccisica\/oreste-da-molin\/","og_site_name":"Visit Saccisica | Turismo e territorio della Saccisica","article_modified_time":"2018-03-31T21:05:53+00:00","og_image":[{"url":"https:\/\/customer-88-99-224-156.brandprotection.zone\/saccisica-v2\/wp-content\/uploads\/sites\/7\/2013\/03\/oreste-da-molin-300x243.jpg","type":"","width":"","height":""}],"twitter_card":"summary_large_image","twitter_misc":{"Tempo di lettura stimato":"8 minuti"},"schema":{"@context":"https:\/\/schema.org","@graph":[{"@type":"WebPage","@id":"https:\/\/customer-88-99-224-156.brandprotection.zone\/saccisica-v2\/arte-e-cultura-in-saccisica\/oreste-da-molin\/","url":"https:\/\/customer-88-99-224-156.brandprotection.zone\/saccisica-v2\/arte-e-cultura-in-saccisica\/oreste-da-molin\/","name":"Saccisica | Visit Saccisica | Oreste da Molin nel territorio della Saccisica","isPartOf":{"@id":"https:\/\/customer-88-99-224-156.brandprotection.zone\/saccisica-v2\/#website"},"primaryImageOfPage":{"@id":"https:\/\/customer-88-99-224-156.brandprotection.zone\/saccisica-v2\/arte-e-cultura-in-saccisica\/oreste-da-molin\/#primaryimage"},"image":{"@id":"https:\/\/customer-88-99-224-156.brandprotection.zone\/saccisica-v2\/arte-e-cultura-in-saccisica\/oreste-da-molin\/#primaryimage"},"thumbnailUrl":"https:\/\/customer-88-99-224-156.brandprotection.zone\/saccisica-v2\/wp-content\/uploads\/sites\/7\/2013\/03\/oreste-da-molin-300x243.jpg","datePublished":"2013-03-25T16:07:08+00:00","dateModified":"2018-03-31T21:05:53+00:00","description":"Oreste da Molin nel territorio della Saccisica: scopri la vita di questo importante ed amato artista del Piovese","breadcrumb":{"@id":"https:\/\/customer-88-99-224-156.brandprotection.zone\/saccisica-v2\/arte-e-cultura-in-saccisica\/oreste-da-molin\/#breadcrumb"},"inLanguage":"it-IT","potentialAction":[{"@type":"ReadAction","target":["https:\/\/customer-88-99-224-156.brandprotection.zone\/saccisica-v2\/arte-e-cultura-in-saccisica\/oreste-da-molin\/"]}]},{"@type":"ImageObject","inLanguage":"it-IT","@id":"https:\/\/customer-88-99-224-156.brandprotection.zone\/saccisica-v2\/arte-e-cultura-in-saccisica\/oreste-da-molin\/#primaryimage","url":"https:\/\/customer-88-99-224-156.brandprotection.zone\/saccisica-v2\/wp-content\/uploads\/sites\/7\/2013\/03\/oreste-da-molin.jpg","contentUrl":"https:\/\/customer-88-99-224-156.brandprotection.zone\/saccisica-v2\/wp-content\/uploads\/sites\/7\/2013\/03\/oreste-da-molin.jpg","width":450,"height":364},{"@type":"BreadcrumbList","@id":"https:\/\/customer-88-99-224-156.brandprotection.zone\/saccisica-v2\/arte-e-cultura-in-saccisica\/oreste-da-molin\/#breadcrumb","itemListElement":[{"@type":"ListItem","position":1,"name":"Home","item":"https:\/\/customer-88-99-224-156.brandprotection.zone\/saccisica-v2\/"},{"@type":"ListItem","position":2,"name":"Personaggi della Saccisica","item":"https:\/\/customer-88-99-224-156.brandprotection.zone\/saccisica-v2\/arte-e-cultura-in-saccisica\/"},{"@type":"ListItem","position":3,"name":"Oreste da Molin"}]},{"@type":"WebSite","@id":"https:\/\/customer-88-99-224-156.brandprotection.zone\/saccisica-v2\/#website","url":"https:\/\/customer-88-99-224-156.brandprotection.zone\/saccisica-v2\/","name":"Visit Saccisica | Turismo e territorio della Saccisica","description":"VisitSaccisica, 100% privata by TerritoriOnline SRL | +39 049 4906747","potentialAction":[{"@type":"SearchAction","target":{"@type":"EntryPoint","urlTemplate":"https:\/\/customer-88-99-224-156.brandprotection.zone\/saccisica-v2\/?s={search_term_string}"},"query-input":{"@type":"PropertyValueSpecification","valueRequired":true,"valueName":"search_term_string"}}],"inLanguage":"it-IT"}]}},"_links":{"self":[{"href":"https:\/\/customer-88-99-224-156.brandprotection.zone\/saccisica-v2\/wp-json\/wp\/v2\/pages\/210","targetHints":{"allow":["GET"]}}],"collection":[{"href":"https:\/\/customer-88-99-224-156.brandprotection.zone\/saccisica-v2\/wp-json\/wp\/v2\/pages"}],"about":[{"href":"https:\/\/customer-88-99-224-156.brandprotection.zone\/saccisica-v2\/wp-json\/wp\/v2\/types\/page"}],"author":[{"embeddable":true,"href":"https:\/\/customer-88-99-224-156.brandprotection.zone\/saccisica-v2\/wp-json\/wp\/v2\/users\/1"}],"replies":[{"embeddable":true,"href":"https:\/\/customer-88-99-224-156.brandprotection.zone\/saccisica-v2\/wp-json\/wp\/v2\/comments?post=210"}],"version-history":[{"count":5,"href":"https:\/\/customer-88-99-224-156.brandprotection.zone\/saccisica-v2\/wp-json\/wp\/v2\/pages\/210\/revisions"}],"predecessor-version":[{"id":8008,"href":"https:\/\/customer-88-99-224-156.brandprotection.zone\/saccisica-v2\/wp-json\/wp\/v2\/pages\/210\/revisions\/8008"}],"up":[{"embeddable":true,"href":"https:\/\/customer-88-99-224-156.brandprotection.zone\/saccisica-v2\/wp-json\/wp\/v2\/pages\/93"}],"wp:attachment":[{"href":"https:\/\/customer-88-99-224-156.brandprotection.zone\/saccisica-v2\/wp-json\/wp\/v2\/media?parent=210"}],"curies":[{"name":"wp","href":"https:\/\/api.w.org\/{rel}","templated":true}]}}