{"id":36,"date":"2019-01-15T12:41:42","date_gmt":"2019-01-15T11:41:42","guid":{"rendered":"http:\/\/www.saccisica.net\/?page_id=36"},"modified":"2018-04-24T14:56:36","modified_gmt":"2018-04-24T12:56:36","slug":"comuni-della-saccisica-arzergrande","status":"publish","type":"page","link":"https:\/\/customer-88-99-224-156.brandprotection.zone\/saccisica-v2\/comuni-della-saccisica\/comuni-della-saccisica-arzergrande\/","title":{"rendered":"Arzergrande"},"content":{"rendered":"<p style=\"text-align: justify;\">Arzergrande si trova a sud-est della Saccisica.<\/p>\n<p style=\"text-align: justify;\">Il suo nome deriva da <strong>Argere magno<\/strong>. Evidentemente nella localit\u00e0 passava un corso d&#8217;acqua di notevoli dimensioni. Il luogo \u00e8 storicamente interessante visto il numero di <strong>reperti archeologici di epoca romana<\/strong> rinvenuti recentemente sul territorio del comune.<\/p>\n<p style=\"text-align: justify;\">Il centro del paese si sviluppa sulla Via principale, sulla quale si affacciano le pi\u00f9 importanti attivit\u00e0 commerciali e le strutture comunali. Qui si trova anche la Chiesa parrocchiale dedicata a S.Maria.Di particolare interesse la secentesca chiesa di Vallonga (Vallis Longa) dedicata a S.Pietro, oggi restaurata.<\/p>\n<p><img decoding=\"async\" class=\"aligncenter wp-image-894 size-large\" src=\"https:\/\/customer-88-99-224-156.brandprotection.zone\/saccisica-v2\/wp-content\/uploads\/sites\/7\/2013\/05\/2013-05-11-11.35.16-1024x768.jpg\" alt=\"2013-05-11 11.35.16\" width=\"1024\" height=\"768\" srcset=\"https:\/\/customer-88-99-224-156.brandprotection.zone\/saccisica-v2\/wp-content\/uploads\/sites\/7\/2013\/05\/2013-05-11-11.35.16-1024x768.jpg 1024w, https:\/\/customer-88-99-224-156.brandprotection.zone\/saccisica-v2\/wp-content\/uploads\/sites\/7\/2013\/05\/2013-05-11-11.35.16-300x225.jpg 300w, https:\/\/customer-88-99-224-156.brandprotection.zone\/saccisica-v2\/wp-content\/uploads\/sites\/7\/2013\/05\/2013-05-11-11.35.16-768x576.jpg 768w, https:\/\/customer-88-99-224-156.brandprotection.zone\/saccisica-v2\/wp-content\/uploads\/sites\/7\/2013\/05\/2013-05-11-11.35.16.jpg 2048w\" sizes=\"(max-width: 1024px) 100vw, 1024px\" \/><\/p>\n<p style=\"text-align: justify;\">Oggi Arzergrande \u00e8 un importante <strong>snodo commerciale della Saccisica<\/strong>: la zona industriale a contatto con quella di <a href=\"https:\/\/customer-88-99-224-156.brandprotection.zone\/saccisica-v2\/il-territorio-della-saccisica\/comuni-della-saccisica-piove-di-sacco\/\">Piove di Sacco<\/a> ha inevitabilmente favorito gli insediamenti industriali e lo scambio tra l&#8217;economia dei due Comuni.<\/p>\n<h3 style=\"text-align: justify;\">Storia<\/h3>\n<p style=\"text-align: justify;\">Arzergrande \u00e8 nominato per la prima volta <strong>nel 1008 e, pi\u00f9 tardi, nel 1120<\/strong> in un documento del Vescovo di Padova che esonera da ogni tributo i terreni posseduti dal Monastero di S.Cipriano di Venezia.<\/p>\n<p style=\"text-align: justify;\">In realt\u00e0, le testimonianze anche precedenti non mancano e questo lo si evince dai numerosi ritrovamenti archeologici di epoca romana nel recente passato. Di quel periodo sono documentate floride e produttive campagne, che assieme a quelle del territorio saccense, davano vita a una Colonia centuriata.<\/p>\n<p style=\"text-align: justify;\">Vallonga era crocevia di due strade romane: la consiliare Poppilia e la Clodia-Este. Si pensa addirittura che fosse anche un importante porto sul Fiume Bacchiglione. Sotto la podestaria di Piove di Sacco, durante il medioevo, fino al &#8216;500 circa, il benessere conquistato venne meno a causa delle guerre e delle inondazioni abbondanti sul territorio.<\/p>\n<p style=\"text-align: justify;\">La situazione peggior\u00f2 ulteriormente con la realizzazione del canale Novissimo: l&#8217;architettura della rete idrica obsoleta causava continue alluvioni, regnava la malaria e la popolazione diminuiva. <strong>Durante questo periodo iniziava la coltivazione e la successiva trasformazione delle canne ed erbe palustri<\/strong>. Gli artigiani le utilizzavano per la creazione dei cossiddetti &#8220;sbalsi&#8221; utili nell&#8217;edilizia, come copertura delle loro abitazioni caratteristiche ( &#8220;I casoni&#8221; ) o per impiallicciare sedie o creare tende.<\/p>\n<p style=\"text-align: justify;\">Non molto \u00e8 cambiato fino ai primi del &#8216;900, il territorio \u00e8 stato bonificato e l&#8217;agricoltura \u00e8 ritornata ad essere florida, come le altre attivit\u00e0 tradizionali della zona.<\/p>\n<p style=\"text-align: justify;\">\n","protected":false},"excerpt":{"rendered":"<p>Centro artigianale ed industriale, Arzergrande conserva la sua architettura ed impronta tradizionale grazie alla presenza di Casoni tradizionali e di ritrovamenti archeologici di epoca romana.<\/p>\n","protected":false},"author":1,"featured_media":446,"parent":8259,"menu_order":0,"comment_status":"closed","ping_status":"closed","template":"","meta":{"footnotes":""},"class_list":["post-36","page","type-page","status-publish","has-post-thumbnail","hentry"],"yoast_head":"<!-- This site is optimized with the Yoast SEO plugin v24.7 - https:\/\/yoast.com\/wordpress\/plugins\/seo\/ -->\n<title>Arzergrande - Visit Saccisica | Turismo e territorio della Saccisica<\/title>\n<meta name=\"robots\" content=\"index, follow, max-snippet:-1, max-image-preview:large, max-video-preview:-1\" \/>\n<link rel=\"canonical\" href=\"https:\/\/customer-88-99-224-156.brandprotection.zone\/saccisica-v2\/comuni-della-saccisica\/comuni-della-saccisica-arzergrande\/\" \/>\n<meta property=\"og:locale\" content=\"it_IT\" \/>\n<meta property=\"og:type\" content=\"article\" \/>\n<meta property=\"og:title\" content=\"Arzergrande - Visit Saccisica | Turismo e territorio della Saccisica\" \/>\n<meta property=\"og:description\" content=\"Centro artigianale ed industriale, Arzergrande conserva la sua architettura ed impronta tradizionale grazie alla presenza di Casoni tradizionali e di ritrovamenti archeologici di epoca romana.\" \/>\n<meta property=\"og:url\" content=\"https:\/\/customer-88-99-224-156.brandprotection.zone\/saccisica-v2\/comuni-della-saccisica\/comuni-della-saccisica-arzergrande\/\" \/>\n<meta property=\"og:site_name\" content=\"Visit Saccisica | Turismo e territorio della Saccisica\" \/>\n<meta property=\"og:image\" content=\"https:\/\/customer-88-99-224-156.brandprotection.zone\/saccisica-v2\/wp-content\/uploads\/sites\/7\/2013\/03\/Immagine-110.jpg\" \/>\n\t<meta property=\"og:image:width\" content=\"3664\" \/>\n\t<meta property=\"og:image:height\" content=\"2748\" \/>\n\t<meta property=\"og:image:type\" content=\"image\/jpeg\" \/>\n<meta name=\"twitter:card\" content=\"summary_large_image\" \/>\n<meta name=\"twitter:label1\" content=\"Tempo di lettura stimato\" \/>\n\t<meta name=\"twitter:data1\" content=\"2 minuti\" \/>\n<script type=\"application\/ld+json\" class=\"yoast-schema-graph\">{\"@context\":\"https:\/\/schema.org\",\"@graph\":[{\"@type\":\"WebPage\",\"@id\":\"https:\/\/customer-88-99-224-156.brandprotection.zone\/saccisica-v2\/comuni-della-saccisica\/comuni-della-saccisica-arzergrande\/\",\"url\":\"https:\/\/customer-88-99-224-156.brandprotection.zone\/saccisica-v2\/comuni-della-saccisica\/comuni-della-saccisica-arzergrande\/\",\"name\":\"Arzergrande - Visit Saccisica | Turismo e territorio della Saccisica\",\"isPartOf\":{\"@id\":\"https:\/\/customer-88-99-224-156.brandprotection.zone\/saccisica-v2\/#website\"},\"primaryImageOfPage\":{\"@id\":\"https:\/\/customer-88-99-224-156.brandprotection.zone\/saccisica-v2\/comuni-della-saccisica\/comuni-della-saccisica-arzergrande\/#primaryimage\"},\"image\":{\"@id\":\"https:\/\/customer-88-99-224-156.brandprotection.zone\/saccisica-v2\/comuni-della-saccisica\/comuni-della-saccisica-arzergrande\/#primaryimage\"},\"thumbnailUrl\":\"https:\/\/customer-88-99-224-156.brandprotection.zone\/saccisica-v2\/wp-content\/uploads\/sites\/7\/2013\/03\/Immagine-110.jpg\",\"datePublished\":\"2019-01-15T11:41:42+00:00\",\"breadcrumb\":{\"@id\":\"https:\/\/customer-88-99-224-156.brandprotection.zone\/saccisica-v2\/comuni-della-saccisica\/comuni-della-saccisica-arzergrande\/#breadcrumb\"},\"inLanguage\":\"it-IT\",\"potentialAction\":[{\"@type\":\"ReadAction\",\"target\":[\"https:\/\/customer-88-99-224-156.brandprotection.zone\/saccisica-v2\/comuni-della-saccisica\/comuni-della-saccisica-arzergrande\/\"]}]},{\"@type\":\"ImageObject\",\"inLanguage\":\"it-IT\",\"@id\":\"https:\/\/customer-88-99-224-156.brandprotection.zone\/saccisica-v2\/comuni-della-saccisica\/comuni-della-saccisica-arzergrande\/#primaryimage\",\"url\":\"https:\/\/customer-88-99-224-156.brandprotection.zone\/saccisica-v2\/wp-content\/uploads\/sites\/7\/2013\/03\/Immagine-110.jpg\",\"contentUrl\":\"https:\/\/customer-88-99-224-156.brandprotection.zone\/saccisica-v2\/wp-content\/uploads\/sites\/7\/2013\/03\/Immagine-110.jpg\",\"width\":3664,\"height\":2748},{\"@type\":\"BreadcrumbList\",\"@id\":\"https:\/\/customer-88-99-224-156.brandprotection.zone\/saccisica-v2\/comuni-della-saccisica\/comuni-della-saccisica-arzergrande\/#breadcrumb\",\"itemListElement\":[{\"@type\":\"ListItem\",\"position\":1,\"name\":\"Home\",\"item\":\"https:\/\/customer-88-99-224-156.brandprotection.zone\/saccisica-v2\/\"},{\"@type\":\"ListItem\",\"position\":2,\"name\":\"Comuni della Saccisica\",\"item\":\"https:\/\/customer-88-99-224-156.brandprotection.zone\/saccisica-v2\/comuni-della-saccisica\/\"},{\"@type\":\"ListItem\",\"position\":3,\"name\":\"Arzergrande\"}]},{\"@type\":\"WebSite\",\"@id\":\"https:\/\/customer-88-99-224-156.brandprotection.zone\/saccisica-v2\/#website\",\"url\":\"https:\/\/customer-88-99-224-156.brandprotection.zone\/saccisica-v2\/\",\"name\":\"Visit Saccisica | Turismo e territorio della Saccisica\",\"description\":\"VisitSaccisica, 100% privata by TerritoriOnline SRL | +39 049 4906747\",\"potentialAction\":[{\"@type\":\"SearchAction\",\"target\":{\"@type\":\"EntryPoint\",\"urlTemplate\":\"https:\/\/customer-88-99-224-156.brandprotection.zone\/saccisica-v2\/?s={search_term_string}\"},\"query-input\":{\"@type\":\"PropertyValueSpecification\",\"valueRequired\":true,\"valueName\":\"search_term_string\"}}],\"inLanguage\":\"it-IT\"}]}<\/script>\n<!-- \/ Yoast SEO plugin. -->","yoast_head_json":{"title":"Arzergrande - Visit Saccisica | Turismo e territorio della Saccisica","robots":{"index":"index","follow":"follow","max-snippet":"max-snippet:-1","max-image-preview":"max-image-preview:large","max-video-preview":"max-video-preview:-1"},"canonical":"https:\/\/customer-88-99-224-156.brandprotection.zone\/saccisica-v2\/comuni-della-saccisica\/comuni-della-saccisica-arzergrande\/","og_locale":"it_IT","og_type":"article","og_title":"Arzergrande - Visit Saccisica | Turismo e territorio della Saccisica","og_description":"Centro artigianale ed industriale, Arzergrande conserva la sua architettura ed impronta tradizionale grazie alla presenza di Casoni tradizionali e di ritrovamenti archeologici di epoca romana.","og_url":"https:\/\/customer-88-99-224-156.brandprotection.zone\/saccisica-v2\/comuni-della-saccisica\/comuni-della-saccisica-arzergrande\/","og_site_name":"Visit Saccisica | Turismo e territorio della Saccisica","og_image":[{"width":3664,"height":2748,"url":"https:\/\/customer-88-99-224-156.brandprotection.zone\/saccisica-v2\/wp-content\/uploads\/sites\/7\/2013\/03\/Immagine-110.jpg","type":"image\/jpeg"}],"twitter_card":"summary_large_image","twitter_misc":{"Tempo di lettura stimato":"2 minuti"},"schema":{"@context":"https:\/\/schema.org","@graph":[{"@type":"WebPage","@id":"https:\/\/customer-88-99-224-156.brandprotection.zone\/saccisica-v2\/comuni-della-saccisica\/comuni-della-saccisica-arzergrande\/","url":"https:\/\/customer-88-99-224-156.brandprotection.zone\/saccisica-v2\/comuni-della-saccisica\/comuni-della-saccisica-arzergrande\/","name":"Arzergrande - Visit Saccisica | Turismo e territorio della Saccisica","isPartOf":{"@id":"https:\/\/customer-88-99-224-156.brandprotection.zone\/saccisica-v2\/#website"},"primaryImageOfPage":{"@id":"https:\/\/customer-88-99-224-156.brandprotection.zone\/saccisica-v2\/comuni-della-saccisica\/comuni-della-saccisica-arzergrande\/#primaryimage"},"image":{"@id":"https:\/\/customer-88-99-224-156.brandprotection.zone\/saccisica-v2\/comuni-della-saccisica\/comuni-della-saccisica-arzergrande\/#primaryimage"},"thumbnailUrl":"https:\/\/customer-88-99-224-156.brandprotection.zone\/saccisica-v2\/wp-content\/uploads\/sites\/7\/2013\/03\/Immagine-110.jpg","datePublished":"2019-01-15T11:41:42+00:00","breadcrumb":{"@id":"https:\/\/customer-88-99-224-156.brandprotection.zone\/saccisica-v2\/comuni-della-saccisica\/comuni-della-saccisica-arzergrande\/#breadcrumb"},"inLanguage":"it-IT","potentialAction":[{"@type":"ReadAction","target":["https:\/\/customer-88-99-224-156.brandprotection.zone\/saccisica-v2\/comuni-della-saccisica\/comuni-della-saccisica-arzergrande\/"]}]},{"@type":"ImageObject","inLanguage":"it-IT","@id":"https:\/\/customer-88-99-224-156.brandprotection.zone\/saccisica-v2\/comuni-della-saccisica\/comuni-della-saccisica-arzergrande\/#primaryimage","url":"https:\/\/customer-88-99-224-156.brandprotection.zone\/saccisica-v2\/wp-content\/uploads\/sites\/7\/2013\/03\/Immagine-110.jpg","contentUrl":"https:\/\/customer-88-99-224-156.brandprotection.zone\/saccisica-v2\/wp-content\/uploads\/sites\/7\/2013\/03\/Immagine-110.jpg","width":3664,"height":2748},{"@type":"BreadcrumbList","@id":"https:\/\/customer-88-99-224-156.brandprotection.zone\/saccisica-v2\/comuni-della-saccisica\/comuni-della-saccisica-arzergrande\/#breadcrumb","itemListElement":[{"@type":"ListItem","position":1,"name":"Home","item":"https:\/\/customer-88-99-224-156.brandprotection.zone\/saccisica-v2\/"},{"@type":"ListItem","position":2,"name":"Comuni della Saccisica","item":"https:\/\/customer-88-99-224-156.brandprotection.zone\/saccisica-v2\/comuni-della-saccisica\/"},{"@type":"ListItem","position":3,"name":"Arzergrande"}]},{"@type":"WebSite","@id":"https:\/\/customer-88-99-224-156.brandprotection.zone\/saccisica-v2\/#website","url":"https:\/\/customer-88-99-224-156.brandprotection.zone\/saccisica-v2\/","name":"Visit Saccisica | Turismo e territorio della Saccisica","description":"VisitSaccisica, 100% privata by TerritoriOnline SRL | +39 049 4906747","potentialAction":[{"@type":"SearchAction","target":{"@type":"EntryPoint","urlTemplate":"https:\/\/customer-88-99-224-156.brandprotection.zone\/saccisica-v2\/?s={search_term_string}"},"query-input":{"@type":"PropertyValueSpecification","valueRequired":true,"valueName":"search_term_string"}}],"inLanguage":"it-IT"}]}},"_links":{"self":[{"href":"https:\/\/customer-88-99-224-156.brandprotection.zone\/saccisica-v2\/wp-json\/wp\/v2\/pages\/36","targetHints":{"allow":["GET"]}}],"collection":[{"href":"https:\/\/customer-88-99-224-156.brandprotection.zone\/saccisica-v2\/wp-json\/wp\/v2\/pages"}],"about":[{"href":"https:\/\/customer-88-99-224-156.brandprotection.zone\/saccisica-v2\/wp-json\/wp\/v2\/types\/page"}],"author":[{"embeddable":true,"href":"https:\/\/customer-88-99-224-156.brandprotection.zone\/saccisica-v2\/wp-json\/wp\/v2\/users\/1"}],"replies":[{"embeddable":true,"href":"https:\/\/customer-88-99-224-156.brandprotection.zone\/saccisica-v2\/wp-json\/wp\/v2\/comments?post=36"}],"version-history":[{"count":6,"href":"https:\/\/customer-88-99-224-156.brandprotection.zone\/saccisica-v2\/wp-json\/wp\/v2\/pages\/36\/revisions"}],"predecessor-version":[{"id":7526,"href":"https:\/\/customer-88-99-224-156.brandprotection.zone\/saccisica-v2\/wp-json\/wp\/v2\/pages\/36\/revisions\/7526"}],"up":[{"embeddable":true,"href":"https:\/\/customer-88-99-224-156.brandprotection.zone\/saccisica-v2\/wp-json\/wp\/v2\/pages\/8259"}],"wp:featuredmedia":[{"embeddable":true,"href":"https:\/\/customer-88-99-224-156.brandprotection.zone\/saccisica-v2\/wp-json\/wp\/v2\/media\/446"}],"wp:attachment":[{"href":"https:\/\/customer-88-99-224-156.brandprotection.zone\/saccisica-v2\/wp-json\/wp\/v2\/media?parent=36"}],"curies":[{"name":"wp","href":"https:\/\/api.w.org\/{rel}","templated":true}]}}