{"id":46,"date":"2013-03-24T16:46:25","date_gmt":"2013-03-24T15:46:25","guid":{"rendered":"http:\/\/www.saccisica.net\/?page_id=46"},"modified":"2019-02-13T00:21:21","modified_gmt":"2019-02-12T23:21:21","slug":"comuni-della-saccisica-correzzola","status":"publish","type":"page","link":"https:\/\/customer-88-99-224-156.brandprotection.zone\/saccisica-v2\/comuni-della-saccisica\/comuni-della-saccisica-correzzola\/","title":{"rendered":"Correzzola"},"content":{"rendered":"<p style=\"text-align: justify;\">Correzzola, <strong>comune pi\u00f9 a sud della Saccisica<\/strong>, \u00e8 un paese dalla storia molto importante, sin dall&#8217;epoca romana. Qui le testimonianze della civilt\u00e0 latina sono molto numerose, vista anche l&#8217;importanza che hanno avuto per la crescita economica e sociale della popolazione.<\/p>\n<h3>Correzzola e la sua Corte Benedettina<\/h3>\n<p style=\"text-align: justify;\">Sicuramente il monumento pi\u00f9 importante ed interessante \u00e8 la <a href=\"https:\/\/customer-88-99-224-156.brandprotection.zone\/saccisica-v2\/item\/corte-benedettina-di-correzzola\/\">Corte Benedettina<\/a>: complesso di edifici che sono serviti ai monaci per fissare il centro della loro attivit\u00e0 di valorizzazione del territorio.<\/p>\n\n\t\t\t<div>\n\t\t\t<style type='text\/css'>\n\t\t\t\t#gallery-1 {\n\t\t\t\t\tmargin: auto;\n\t\t\t\t}\n\t\t\t\t#gallery-1 .gallery-item {\n\t\t\t\t\tfloat: left;\n\t\t\t\t\tmargin-top: 10px;\n\t\t\t\t\ttext-align: center;\n\t\t\t\t\twidth: 25%;\n\t\t\t\t}\n\t\t\t\t#gallery-1 img {\n\t\t\t\t\tborder: 2px solid #cfcfcf;\n\t\t\t\t}\n\t\t\t\t#gallery-1 .gallery-caption {\n\t\t\t\t\tmargin-left: 0;\n\t\t\t\t}\n\t\t\t\t\/* see gallery_shortcode() in wp-includes\/media.php *\/\n\t\t\t<\/style><\/div>\n\t\t<div id='gallery-1' class='gallery galleryid-46 gallery-columns-4 gallery-size-thumbnail'><div class=\"gallery-inner-wrapper\"><dl class='gallery-item'>\n\t\t\t\t<dt class='gallery-icon portrait'>\n\t\t\t\t\t<a href='https:\/\/customer-88-99-224-156.brandprotection.zone\/saccisica-v2\/wp-content\/uploads\/sites\/7\/2013\/03\/saccisica102006_006.jpg'><img decoding=\"async\" width=\"150\" height=\"150\" src=\"https:\/\/customer-88-99-224-156.brandprotection.zone\/saccisica-v2\/wp-content\/uploads\/sites\/7\/2013\/03\/saccisica102006_006-150x150.jpg\" class=\"attachment-thumbnail size-thumbnail\" alt=\"correzzola parco corte benedettina\" srcset=\"https:\/\/customer-88-99-224-156.brandprotection.zone\/saccisica-v2\/wp-content\/uploads\/sites\/7\/2013\/03\/saccisica102006_006-150x150.jpg 150w, https:\/\/customer-88-99-224-156.brandprotection.zone\/saccisica-v2\/wp-content\/uploads\/sites\/7\/2013\/03\/saccisica102006_006-100x100.jpg 100w\" sizes=\"(max-width: 150px) 100vw, 150px\" \/><\/a>\n\t\t\t\t<\/dt><dd><\/dd><\/dl><dl class='gallery-item'>\n\t\t\t\t<dt class='gallery-icon landscape'>\n\t\t\t\t\t<a href='https:\/\/customer-88-99-224-156.brandprotection.zone\/saccisica-v2\/wp-content\/uploads\/sites\/7\/2013\/03\/saccisica102006_004.jpg'><img decoding=\"async\" width=\"150\" height=\"150\" src=\"https:\/\/customer-88-99-224-156.brandprotection.zone\/saccisica-v2\/wp-content\/uploads\/sites\/7\/2013\/03\/saccisica102006_004-150x150.jpg\" class=\"attachment-thumbnail size-thumbnail\" alt=\"correzzola palazzo corte benedettina\" srcset=\"https:\/\/customer-88-99-224-156.brandprotection.zone\/saccisica-v2\/wp-content\/uploads\/sites\/7\/2013\/03\/saccisica102006_004-150x150.jpg 150w, https:\/\/customer-88-99-224-156.brandprotection.zone\/saccisica-v2\/wp-content\/uploads\/sites\/7\/2013\/03\/saccisica102006_004-100x100.jpg 100w\" sizes=\"(max-width: 150px) 100vw, 150px\" \/><\/a>\n\t\t\t\t<\/dt><dd><\/dd><\/dl><dl class='gallery-item'>\n\t\t\t\t<dt class='gallery-icon portrait'>\n\t\t\t\t\t<a href='https:\/\/customer-88-99-224-156.brandprotection.zone\/saccisica-v2\/wp-content\/uploads\/sites\/7\/2013\/03\/saccisica102006-164.jpg'><img decoding=\"async\" width=\"150\" height=\"150\" src=\"https:\/\/customer-88-99-224-156.brandprotection.zone\/saccisica-v2\/wp-content\/uploads\/sites\/7\/2013\/03\/saccisica102006-164-150x150.jpg\" class=\"attachment-thumbnail size-thumbnail\" alt=\"correzzola cancellata corte benedettina\" srcset=\"https:\/\/customer-88-99-224-156.brandprotection.zone\/saccisica-v2\/wp-content\/uploads\/sites\/7\/2013\/03\/saccisica102006-164-150x150.jpg 150w, https:\/\/customer-88-99-224-156.brandprotection.zone\/saccisica-v2\/wp-content\/uploads\/sites\/7\/2013\/03\/saccisica102006-164-100x100.jpg 100w\" sizes=\"(max-width: 150px) 100vw, 150px\" \/><\/a>\n\t\t\t\t<\/dt><dd><\/dd><\/dl><dl class='gallery-item'>\n\t\t\t\t<dt class='gallery-icon portrait'>\n\t\t\t\t\t<a href='https:\/\/customer-88-99-224-156.brandprotection.zone\/saccisica-v2\/wp-content\/uploads\/sites\/7\/2013\/03\/saccisica102006-016.jpg'><img decoding=\"async\" width=\"150\" height=\"150\" src=\"https:\/\/customer-88-99-224-156.brandprotection.zone\/saccisica-v2\/wp-content\/uploads\/sites\/7\/2013\/03\/saccisica102006-016-150x150.jpg\" class=\"attachment-thumbnail size-thumbnail\" alt=\"Chiesa di COrrezzola\" srcset=\"https:\/\/customer-88-99-224-156.brandprotection.zone\/saccisica-v2\/wp-content\/uploads\/sites\/7\/2013\/03\/saccisica102006-016-150x150.jpg 150w, https:\/\/customer-88-99-224-156.brandprotection.zone\/saccisica-v2\/wp-content\/uploads\/sites\/7\/2013\/03\/saccisica102006-016-100x100.jpg 100w\" sizes=\"(max-width: 150px) 100vw, 150px\" \/><\/a>\n\t\t\t\t<\/dt><dd><\/dd><\/dl><br style=\"clear: both\" \/><dl class='gallery-item'>\n\t\t\t\t<dt class='gallery-icon landscape'>\n\t\t\t\t\t<a href='https:\/\/customer-88-99-224-156.brandprotection.zone\/saccisica-v2\/wp-content\/uploads\/sites\/7\/2013\/03\/saccisica102006-013.jpg'><img decoding=\"async\" width=\"150\" height=\"150\" src=\"https:\/\/customer-88-99-224-156.brandprotection.zone\/saccisica-v2\/wp-content\/uploads\/sites\/7\/2013\/03\/saccisica102006-013-150x150.jpg\" class=\"attachment-thumbnail size-thumbnail\" alt=\"Parco corte benedettina correzzola\" srcset=\"https:\/\/customer-88-99-224-156.brandprotection.zone\/saccisica-v2\/wp-content\/uploads\/sites\/7\/2013\/03\/saccisica102006-013-150x150.jpg 150w, https:\/\/customer-88-99-224-156.brandprotection.zone\/saccisica-v2\/wp-content\/uploads\/sites\/7\/2013\/03\/saccisica102006-013-100x100.jpg 100w\" sizes=\"(max-width: 150px) 100vw, 150px\" \/><\/a>\n\t\t\t\t<\/dt><dd><\/dd><\/dl><dl class='gallery-item'>\n\t\t\t\t<dt class='gallery-icon portrait'>\n\t\t\t\t\t<a href='https:\/\/customer-88-99-224-156.brandprotection.zone\/saccisica-v2\/wp-content\/uploads\/sites\/7\/2013\/03\/saccisica102006-010.jpg'><img decoding=\"async\" width=\"150\" height=\"150\" src=\"https:\/\/customer-88-99-224-156.brandprotection.zone\/saccisica-v2\/wp-content\/uploads\/sites\/7\/2013\/03\/saccisica102006-010-150x150.jpg\" class=\"attachment-thumbnail size-thumbnail\" alt=\"Correzzola corte benedettina interno\" srcset=\"https:\/\/customer-88-99-224-156.brandprotection.zone\/saccisica-v2\/wp-content\/uploads\/sites\/7\/2013\/03\/saccisica102006-010-150x150.jpg 150w, https:\/\/customer-88-99-224-156.brandprotection.zone\/saccisica-v2\/wp-content\/uploads\/sites\/7\/2013\/03\/saccisica102006-010-100x100.jpg 100w\" sizes=\"(max-width: 150px) 100vw, 150px\" \/><\/a>\n\t\t\t\t<\/dt><dd><\/dd><\/dl><dl class='gallery-item'>\n\t\t\t\t<dt class='gallery-icon landscape'>\n\t\t\t\t\t<a href='https:\/\/customer-88-99-224-156.brandprotection.zone\/saccisica-v2\/wp-content\/uploads\/sites\/7\/2013\/03\/saccisica102006-003.jpg'><img decoding=\"async\" width=\"150\" height=\"150\" src=\"https:\/\/customer-88-99-224-156.brandprotection.zone\/saccisica-v2\/wp-content\/uploads\/sites\/7\/2013\/03\/saccisica102006-003-150x150.jpg\" class=\"attachment-thumbnail size-thumbnail\" alt=\"correzzola corte benedettina\" srcset=\"https:\/\/customer-88-99-224-156.brandprotection.zone\/saccisica-v2\/wp-content\/uploads\/sites\/7\/2013\/03\/saccisica102006-003-150x150.jpg 150w, https:\/\/customer-88-99-224-156.brandprotection.zone\/saccisica-v2\/wp-content\/uploads\/sites\/7\/2013\/03\/saccisica102006-003-100x100.jpg 100w\" sizes=\"(max-width: 150px) 100vw, 150px\" \/><\/a>\n\t\t\t\t<\/dt><dd><\/dd><\/dl><dl class='gallery-item'>\n\t\t\t\t<dt class='gallery-icon portrait'>\n\t\t\t\t\t<a href='https:\/\/customer-88-99-224-156.brandprotection.zone\/saccisica-v2\/wp-content\/uploads\/sites\/7\/2013\/03\/correzzola1.jpg'><img decoding=\"async\" width=\"150\" height=\"150\" src=\"https:\/\/customer-88-99-224-156.brandprotection.zone\/saccisica-v2\/wp-content\/uploads\/sites\/7\/2013\/03\/correzzola1-150x150.jpg\" class=\"attachment-thumbnail size-thumbnail\" alt=\"Scorcio corte benedettina correzzola\" srcset=\"https:\/\/customer-88-99-224-156.brandprotection.zone\/saccisica-v2\/wp-content\/uploads\/sites\/7\/2013\/03\/correzzola1-150x150.jpg 150w, https:\/\/customer-88-99-224-156.brandprotection.zone\/saccisica-v2\/wp-content\/uploads\/sites\/7\/2013\/03\/correzzola1-100x100.jpg 100w\" sizes=\"(max-width: 150px) 100vw, 150px\" \/><\/a>\n\t\t\t\t<\/dt><dd><\/dd><\/dl><br style=\"clear: both\" \/>\n\t\t\t\t<br style='clear: both;' \/>\n\t\t\t<\/div><\/div>\n\n<h3 style=\"text-align: justify;\">Storia<\/h3>\n<p style=\"text-align: justify;\">Il territorio dell&#8217;attuale comune di Correzzola sembra aver avuto una sua <strong>identit\u00e0 sin dall&#8217;epoca Romana<\/strong>, visti i numerosi ritrovamenti archeologici nella zona. Documenti certi si hanno per\u00f2 solamente pi\u00f9 tardi, attorno al 950, e, successivamente attorno al 1070. Si tratta per lo pi\u00f9 di atti di donazione di beni.<\/p>\n<p style=\"text-align: justify;\">Molto pi\u00f9 importante \u00e8 l&#8217;atto d&#8217;acquisto (1129) da parte dei monaci benedettini di Padova di terreni siti in Concadalbero. Da allora infatti, il territorio profitt\u00f2 dell&#8217;opera dei monaci che gli diedero una prima sistemazione. <strong>L&#8217;attivit\u00e0 si arrest\u00f2 bruscamente a causa di invasioni e accadimenti naturali<\/strong> che riportarono il territorio alla precedente situazione.<\/p>\n<h3>Correzzola durante il &#8216;400<\/h3>\n<p style=\"text-align: justify;\">Dal &#8216;400 in poi, i monaci, in un clima di maggiore tranquillit\u00e0, riuscirono a riorganizzare i progetti di bonifica del territorio, fu studiata una nuova rete idrica formata da un sistema di canali e argini per difendere i terreni dalle inondazioni, il territorio fu diviso in possessioni e l&#8217;amministrazione di queste fu affidata a cinque &#8220;gastaldie&#8221; ognuna delle quali provvista di una propria Corte.<\/p>\n<p style=\"text-align: justify;\">Questo nuovo ambiente favor\u00ec di certo la crescita demografica, il reperimento di forza lavoro e l&#8217;aumento della produzione agricola, almeno fino a tutto il 1600. Da allora, a causa della scarsa attenzione per la rete idrica, le inondazioni furono numerose e portarono epidemie e diminuzione della produzione e della popolazione.<\/p>\n<p style=\"text-align: justify;\">Questo fu favorito anche dai continui &#8220;passaggi&#8221; della propriet\u00e0 dei territori di Correzzola, <strong>finiti sequestrati dagli Austriaci<\/strong>.<\/p>\n<h3>Correzzola nell&#8217;epoca dei Melzi<\/h3>\n<p style=\"text-align: justify;\">Verso il 1820, il nuovo proprietaro dei terreni, il <strong>Duca dei Melzi<\/strong>, ritent\u00f2 il risanamento della zona, liberandola dall&#8217;acqua stagnante, migliorando le attivit\u00e0 agricole e l&#8217;allevamento. Si introdusse il baco da seta. Molto quella famiglia fece per la valorizzazione del territorio, addirittura intervenne affinch\u00e8 la ferrovia per Adria passasse per Correzzola. Alla fine della prima guerra mondiale tutte le propriet\u00e0 dei Melzi furono vendute.<\/p>\n<h3>Altre informazioni<\/h3>\n<ul>\n<li><a href=\"http:\/\/www.comune.correzzola.pd.it\">Comune di Correzzola &#8211; Sito istituzionale<\/a><\/li>\n<li><a href=\"https:\/\/customer-88-99-224-156.brandprotection.zone\/saccisica-v2\/item\/comune-di-correzzola\/\">Comune di Correzzola su VisitSaccisica<\/a><\/li>\n<\/ul>\n","protected":false},"excerpt":{"rendered":"<p>Correzzola, comune pi\u00f9 a sud della Saccisica, \u00e8 un paese dalla storia molto importante, sin dall&#8217;epoca romana. Paese tradizionalmente agricolo, offre un inaspettato fascino naturalistico.<\/p>\n","protected":false},"author":1,"featured_media":510,"parent":8259,"menu_order":0,"comment_status":"open","ping_status":"closed","template":"","meta":{"footnotes":""},"class_list":["post-46","page","type-page","status-publish","has-post-thumbnail","hentry"],"yoast_head":"<!-- This site is optimized with the Yoast SEO plugin v24.7 - https:\/\/yoast.com\/wordpress\/plugins\/seo\/ -->\n<title>Correzzola, Territorio della Saccisica, Storia e informazioni<\/title>\n<meta name=\"description\" content=\"Correzzola, comune pi\u00f9 a sud della Saccisica, \u00e8 un paese dalla storia molto importante, sin dall&#039;epoca romana.\" \/>\n<meta name=\"robots\" content=\"index, follow, max-snippet:-1, max-image-preview:large, max-video-preview:-1\" \/>\n<link rel=\"canonical\" href=\"https:\/\/customer-88-99-224-156.brandprotection.zone\/saccisica-v2\/comuni-della-saccisica\/comuni-della-saccisica-correzzola\/\" \/>\n<meta property=\"og:locale\" content=\"it_IT\" \/>\n<meta property=\"og:type\" content=\"article\" \/>\n<meta property=\"og:title\" content=\"Correzzola, Territorio della Saccisica, Storia e informazioni\" \/>\n<meta property=\"og:description\" content=\"Correzzola, comune pi\u00f9 a sud della Saccisica, \u00e8 un paese dalla storia molto importante, sin dall&#039;epoca romana.\" \/>\n<meta property=\"og:url\" content=\"https:\/\/customer-88-99-224-156.brandprotection.zone\/saccisica-v2\/comuni-della-saccisica\/comuni-della-saccisica-correzzola\/\" \/>\n<meta property=\"og:site_name\" content=\"Visit Saccisica | Turismo e territorio della Saccisica\" \/>\n<meta property=\"article:modified_time\" content=\"2019-02-12T23:21:21+00:00\" \/>\n<meta property=\"og:image\" content=\"https:\/\/customer-88-99-224-156.brandprotection.zone\/saccisica-v2\/wp-content\/uploads\/sites\/7\/2013\/03\/correzzola2.jpg\" \/>\n\t<meta property=\"og:image:width\" content=\"3072\" \/>\n\t<meta property=\"og:image:height\" content=\"2048\" \/>\n\t<meta property=\"og:image:type\" content=\"image\/jpeg\" \/>\n<meta name=\"twitter:card\" content=\"summary_large_image\" \/>\n<meta name=\"twitter:label1\" content=\"Tempo di lettura stimato\" \/>\n\t<meta name=\"twitter:data1\" content=\"2 minuti\" \/>\n<script type=\"application\/ld+json\" class=\"yoast-schema-graph\">{\"@context\":\"https:\/\/schema.org\",\"@graph\":[{\"@type\":\"WebPage\",\"@id\":\"https:\/\/customer-88-99-224-156.brandprotection.zone\/saccisica-v2\/comuni-della-saccisica\/comuni-della-saccisica-correzzola\/\",\"url\":\"https:\/\/customer-88-99-224-156.brandprotection.zone\/saccisica-v2\/comuni-della-saccisica\/comuni-della-saccisica-correzzola\/\",\"name\":\"Correzzola, Territorio della Saccisica, Storia e informazioni\",\"isPartOf\":{\"@id\":\"https:\/\/customer-88-99-224-156.brandprotection.zone\/saccisica-v2\/#website\"},\"primaryImageOfPage\":{\"@id\":\"https:\/\/customer-88-99-224-156.brandprotection.zone\/saccisica-v2\/comuni-della-saccisica\/comuni-della-saccisica-correzzola\/#primaryimage\"},\"image\":{\"@id\":\"https:\/\/customer-88-99-224-156.brandprotection.zone\/saccisica-v2\/comuni-della-saccisica\/comuni-della-saccisica-correzzola\/#primaryimage\"},\"thumbnailUrl\":\"https:\/\/customer-88-99-224-156.brandprotection.zone\/saccisica-v2\/wp-content\/uploads\/sites\/7\/2013\/03\/correzzola2.jpg\",\"datePublished\":\"2013-03-24T15:46:25+00:00\",\"dateModified\":\"2019-02-12T23:21:21+00:00\",\"description\":\"Correzzola, comune pi\u00f9 a sud della Saccisica, \u00e8 un paese dalla storia molto importante, sin dall'epoca romana.\",\"breadcrumb\":{\"@id\":\"https:\/\/customer-88-99-224-156.brandprotection.zone\/saccisica-v2\/comuni-della-saccisica\/comuni-della-saccisica-correzzola\/#breadcrumb\"},\"inLanguage\":\"it-IT\",\"potentialAction\":[{\"@type\":\"ReadAction\",\"target\":[\"https:\/\/customer-88-99-224-156.brandprotection.zone\/saccisica-v2\/comuni-della-saccisica\/comuni-della-saccisica-correzzola\/\"]}]},{\"@type\":\"ImageObject\",\"inLanguage\":\"it-IT\",\"@id\":\"https:\/\/customer-88-99-224-156.brandprotection.zone\/saccisica-v2\/comuni-della-saccisica\/comuni-della-saccisica-correzzola\/#primaryimage\",\"url\":\"https:\/\/customer-88-99-224-156.brandprotection.zone\/saccisica-v2\/wp-content\/uploads\/sites\/7\/2013\/03\/correzzola2.jpg\",\"contentUrl\":\"https:\/\/customer-88-99-224-156.brandprotection.zone\/saccisica-v2\/wp-content\/uploads\/sites\/7\/2013\/03\/correzzola2.jpg\",\"width\":3072,\"height\":2048,\"caption\":\"Correzzola e la Sua Corte Benedettina\"},{\"@type\":\"BreadcrumbList\",\"@id\":\"https:\/\/customer-88-99-224-156.brandprotection.zone\/saccisica-v2\/comuni-della-saccisica\/comuni-della-saccisica-correzzola\/#breadcrumb\",\"itemListElement\":[{\"@type\":\"ListItem\",\"position\":1,\"name\":\"Home\",\"item\":\"https:\/\/customer-88-99-224-156.brandprotection.zone\/saccisica-v2\/\"},{\"@type\":\"ListItem\",\"position\":2,\"name\":\"Comuni della Saccisica\",\"item\":\"https:\/\/customer-88-99-224-156.brandprotection.zone\/saccisica-v2\/comuni-della-saccisica\/\"},{\"@type\":\"ListItem\",\"position\":3,\"name\":\"Correzzola\"}]},{\"@type\":\"WebSite\",\"@id\":\"https:\/\/customer-88-99-224-156.brandprotection.zone\/saccisica-v2\/#website\",\"url\":\"https:\/\/customer-88-99-224-156.brandprotection.zone\/saccisica-v2\/\",\"name\":\"Visit Saccisica | Turismo e territorio della Saccisica\",\"description\":\"VisitSaccisica, 100% privata by TerritoriOnline SRL | +39 049 4906747\",\"potentialAction\":[{\"@type\":\"SearchAction\",\"target\":{\"@type\":\"EntryPoint\",\"urlTemplate\":\"https:\/\/customer-88-99-224-156.brandprotection.zone\/saccisica-v2\/?s={search_term_string}\"},\"query-input\":{\"@type\":\"PropertyValueSpecification\",\"valueRequired\":true,\"valueName\":\"search_term_string\"}}],\"inLanguage\":\"it-IT\"}]}<\/script>\n<!-- \/ Yoast SEO plugin. -->","yoast_head_json":{"title":"Correzzola, Territorio della Saccisica, Storia e informazioni","description":"Correzzola, comune pi\u00f9 a sud della Saccisica, \u00e8 un paese dalla storia molto importante, sin dall'epoca romana.","robots":{"index":"index","follow":"follow","max-snippet":"max-snippet:-1","max-image-preview":"max-image-preview:large","max-video-preview":"max-video-preview:-1"},"canonical":"https:\/\/customer-88-99-224-156.brandprotection.zone\/saccisica-v2\/comuni-della-saccisica\/comuni-della-saccisica-correzzola\/","og_locale":"it_IT","og_type":"article","og_title":"Correzzola, Territorio della Saccisica, Storia e informazioni","og_description":"Correzzola, comune pi\u00f9 a sud della Saccisica, \u00e8 un paese dalla storia molto importante, sin dall'epoca romana.","og_url":"https:\/\/customer-88-99-224-156.brandprotection.zone\/saccisica-v2\/comuni-della-saccisica\/comuni-della-saccisica-correzzola\/","og_site_name":"Visit Saccisica | Turismo e territorio della Saccisica","article_modified_time":"2019-02-12T23:21:21+00:00","og_image":[{"width":3072,"height":2048,"url":"https:\/\/customer-88-99-224-156.brandprotection.zone\/saccisica-v2\/wp-content\/uploads\/sites\/7\/2013\/03\/correzzola2.jpg","type":"image\/jpeg"}],"twitter_card":"summary_large_image","twitter_misc":{"Tempo di lettura stimato":"2 minuti"},"schema":{"@context":"https:\/\/schema.org","@graph":[{"@type":"WebPage","@id":"https:\/\/customer-88-99-224-156.brandprotection.zone\/saccisica-v2\/comuni-della-saccisica\/comuni-della-saccisica-correzzola\/","url":"https:\/\/customer-88-99-224-156.brandprotection.zone\/saccisica-v2\/comuni-della-saccisica\/comuni-della-saccisica-correzzola\/","name":"Correzzola, Territorio della Saccisica, Storia e informazioni","isPartOf":{"@id":"https:\/\/customer-88-99-224-156.brandprotection.zone\/saccisica-v2\/#website"},"primaryImageOfPage":{"@id":"https:\/\/customer-88-99-224-156.brandprotection.zone\/saccisica-v2\/comuni-della-saccisica\/comuni-della-saccisica-correzzola\/#primaryimage"},"image":{"@id":"https:\/\/customer-88-99-224-156.brandprotection.zone\/saccisica-v2\/comuni-della-saccisica\/comuni-della-saccisica-correzzola\/#primaryimage"},"thumbnailUrl":"https:\/\/customer-88-99-224-156.brandprotection.zone\/saccisica-v2\/wp-content\/uploads\/sites\/7\/2013\/03\/correzzola2.jpg","datePublished":"2013-03-24T15:46:25+00:00","dateModified":"2019-02-12T23:21:21+00:00","description":"Correzzola, comune pi\u00f9 a sud della Saccisica, \u00e8 un paese dalla storia molto importante, sin dall'epoca romana.","breadcrumb":{"@id":"https:\/\/customer-88-99-224-156.brandprotection.zone\/saccisica-v2\/comuni-della-saccisica\/comuni-della-saccisica-correzzola\/#breadcrumb"},"inLanguage":"it-IT","potentialAction":[{"@type":"ReadAction","target":["https:\/\/customer-88-99-224-156.brandprotection.zone\/saccisica-v2\/comuni-della-saccisica\/comuni-della-saccisica-correzzola\/"]}]},{"@type":"ImageObject","inLanguage":"it-IT","@id":"https:\/\/customer-88-99-224-156.brandprotection.zone\/saccisica-v2\/comuni-della-saccisica\/comuni-della-saccisica-correzzola\/#primaryimage","url":"https:\/\/customer-88-99-224-156.brandprotection.zone\/saccisica-v2\/wp-content\/uploads\/sites\/7\/2013\/03\/correzzola2.jpg","contentUrl":"https:\/\/customer-88-99-224-156.brandprotection.zone\/saccisica-v2\/wp-content\/uploads\/sites\/7\/2013\/03\/correzzola2.jpg","width":3072,"height":2048,"caption":"Correzzola e la Sua Corte Benedettina"},{"@type":"BreadcrumbList","@id":"https:\/\/customer-88-99-224-156.brandprotection.zone\/saccisica-v2\/comuni-della-saccisica\/comuni-della-saccisica-correzzola\/#breadcrumb","itemListElement":[{"@type":"ListItem","position":1,"name":"Home","item":"https:\/\/customer-88-99-224-156.brandprotection.zone\/saccisica-v2\/"},{"@type":"ListItem","position":2,"name":"Comuni della Saccisica","item":"https:\/\/customer-88-99-224-156.brandprotection.zone\/saccisica-v2\/comuni-della-saccisica\/"},{"@type":"ListItem","position":3,"name":"Correzzola"}]},{"@type":"WebSite","@id":"https:\/\/customer-88-99-224-156.brandprotection.zone\/saccisica-v2\/#website","url":"https:\/\/customer-88-99-224-156.brandprotection.zone\/saccisica-v2\/","name":"Visit Saccisica | Turismo e territorio della Saccisica","description":"VisitSaccisica, 100% privata by TerritoriOnline SRL | +39 049 4906747","potentialAction":[{"@type":"SearchAction","target":{"@type":"EntryPoint","urlTemplate":"https:\/\/customer-88-99-224-156.brandprotection.zone\/saccisica-v2\/?s={search_term_string}"},"query-input":{"@type":"PropertyValueSpecification","valueRequired":true,"valueName":"search_term_string"}}],"inLanguage":"it-IT"}]}},"_links":{"self":[{"href":"https:\/\/customer-88-99-224-156.brandprotection.zone\/saccisica-v2\/wp-json\/wp\/v2\/pages\/46","targetHints":{"allow":["GET"]}}],"collection":[{"href":"https:\/\/customer-88-99-224-156.brandprotection.zone\/saccisica-v2\/wp-json\/wp\/v2\/pages"}],"about":[{"href":"https:\/\/customer-88-99-224-156.brandprotection.zone\/saccisica-v2\/wp-json\/wp\/v2\/types\/page"}],"author":[{"embeddable":true,"href":"https:\/\/customer-88-99-224-156.brandprotection.zone\/saccisica-v2\/wp-json\/wp\/v2\/users\/1"}],"replies":[{"embeddable":true,"href":"https:\/\/customer-88-99-224-156.brandprotection.zone\/saccisica-v2\/wp-json\/wp\/v2\/comments?post=46"}],"version-history":[{"count":7,"href":"https:\/\/customer-88-99-224-156.brandprotection.zone\/saccisica-v2\/wp-json\/wp\/v2\/pages\/46\/revisions"}],"predecessor-version":[{"id":11918,"href":"https:\/\/customer-88-99-224-156.brandprotection.zone\/saccisica-v2\/wp-json\/wp\/v2\/pages\/46\/revisions\/11918"}],"up":[{"embeddable":true,"href":"https:\/\/customer-88-99-224-156.brandprotection.zone\/saccisica-v2\/wp-json\/wp\/v2\/pages\/8259"}],"wp:featuredmedia":[{"embeddable":true,"href":"https:\/\/customer-88-99-224-156.brandprotection.zone\/saccisica-v2\/wp-json\/wp\/v2\/media\/510"}],"wp:attachment":[{"href":"https:\/\/customer-88-99-224-156.brandprotection.zone\/saccisica-v2\/wp-json\/wp\/v2\/media?parent=46"}],"curies":[{"name":"wp","href":"https:\/\/api.w.org\/{rel}","templated":true}]}}