{"id":55,"date":"2013-03-24T21:02:38","date_gmt":"2013-03-24T20:02:38","guid":{"rendered":"http:\/\/www.saccisica.net\/?page_id=55"},"modified":"2020-02-04T17:03:35","modified_gmt":"2020-02-04T16:03:35","slug":"comuni-della-saccisica-piove-di-sacco","status":"publish","type":"page","link":"https:\/\/customer-88-99-224-156.brandprotection.zone\/saccisica-v2\/comuni-della-saccisica\/comuni-della-saccisica-piove-di-sacco\/","title":{"rendered":"Piove di Sacco"},"content":{"rendered":"<p style=\"text-align: justify;\">Il comune di Piove di Sacco si trova a met\u00e0 strada tra Padova e Chioggia. Esso si compone del centro cittadino e di quattro frazioni: Corte, Arzerello, Piovega e Tognana. Si tratta di uno snodo viario molto importante, la lunghezza totale delle strade nel comune \u00e8 di 59,76Km. E&#8217;attraversato dalla SS Romea ed \u00e8 molto vicino al collegamento con la strada dei Vivai che \u00a0collega direttamente Padova al Mare passando per la Zona industriale.<\/p>\n<p style=\"text-align: justify;\">Piove di Sacco offre una moltitudine di bellezze paesaggistiche ed architettoniche tuttora ben conservate.<\/p>\n<h3 style=\"text-align: justify;\">Storia<\/h3>\n<p>Il territorio di Piove di Sacco era abitato probabilmente gi\u00e0 in et\u00e0 paleoveneta e divenne sotto i romani un importante nodo stradale e fluviale. Infatti per Plebs Sacci passavano la Via Popilia-Annia e i fiumi Bacchiglione e Brenta. <strong>In epoca longobarda<\/strong> la citt\u00e0 divenne sede di un&#8217;arimannia, nell&#8217;VIII secolo pass\u00f2 sotto il dominio dei carolingi per diventare poi, grazie alla donazione di Berengario I al vescovo Pietro dell&#8217;897, territorio del vescovado di Padova, periodo in cui venne fortificata con i terrapieni i quali caratterizzano ancor oggi l&#8217;aspetto a forma di quadrilatero. <strong>Nel &#8216;300 divenne appannaggio dei signori di Padova, i Carraresi<\/strong>, i quali completarono le fortificazioni con la costruzione di torrioni alle porte di accesso, ma mantenendo comunque l&#8217;impianto originario a forma di rettangolo.<\/p>\n<h3>Piove di Sacco durante il periodo Veneziano<\/h3>\n<p>Il giorno 3 gennaio del 1405 Francesco Zabarella offre al doge Michele Sten la bandiera, il sigillo e le chiavi della citt\u00e0 di Padova: da questa data ha termine la Signoria Carrarese e inizia la dominazione della Repubblica Serenissima su tutto il territorio padovano che durer\u00e0 per 4 secoli, fino al 1797. La citt\u00e0 di Piove di Sacco si trova in condizioni disastrose a causa delle alluvioni, delle epidemie e dei saccheggi. All&#8217;inizio del XVI secolo altri lutti e miserie si verificarono tra le popolazioni della campagna a causa della guerra della Lega di Cambrai che, dopo fasi alterne, vede la vittoria di Venezia nel 1513. Durante questo conflitto Piove di Sacco fu saccheggiata e devastata. Tornata la normalit\u00e0, i Veneziani cominciarono ad acquistare grandi fondi agricoli nel territorio padovano e verso la met\u00e0 del Cinquecento iniziarono le prime operazioni di bonifica dei terreni paludosi. Si formarono i &#8220;Consorzi delle sette prese&#8221; e il Piovese fu conglobato nella &#8220;Sesta presa&#8221; che si estendeva su 60.000 ettari di territorio. Agli inizi del Seicento, Piove di Sacco finalmente ottenne dal Senato Veneziano il permesso di realizzare una Botte sifone a Conche e in un secondo momento a Corte, le quali avevano la funzione di far affluire le acque di bonifica nella laguna. Anche il centro del paese si ingrandisce e cambia con la costruzione dei principali edifici pubblici; attorno a questi sorsero eleganti costruzioni abitate dalla ricca borghesia. Nel 1591 fu posto in piazza un basamento in marmo che era destinato a sostenere lo stendardo del Comune nei giorni di festa. Il diciassette novembre 1491 il Doge concesse di istituire il Monte di Piet\u00e0. Fino al quel tempo lo avevano gestito gli ebrei ma d&#8217;ora in poi lo avrebbero fatto i frati. Pochi mesi dopo l&#8217;inaugurazione avvenne anche a Piove. Per questo il Consiglio della Comunit\u00e0 decise di creare una sede dove depositare i beni del Monte e i libri della contabilit\u00e0. Ogni anno si eleggevano otto Conservatori del Monte e il loro compito era quello di &#8220;conservare&#8221; le chiavi della cassa e indurre la persone a donare offerte. Il Massaro (altro funzionario), veniva nominato dal Podest\u00e0 e prestava il denaro alla gente in cambio dei pegni (oggetti di valore). Nel 1801 a causa di una gravissima crisi finanziaria, il capitale si svalut\u00f2. Il Monte venne chiuso e fu soppresso definitivamente nella seconda met\u00e0 del XIX secolo. Durante la dominazione veneziana i traffici si effettuavano tramite corsi d&#8217;acqua, viste le condizioni delle strade. Nel 1483 venne istituito il traghetto che collegava Piove con Venezia. I \u2018&#8217;Burchi&#8217;\u2019, i traghetti per Venezia partivano dopo la messa al <a href=\"https:\/\/customer-88-99-224-156.brandprotection.zone\/saccisica-v2\/item\/duomo-di-san-martino\/\">Duomo<\/a> e chi doveva trasportare merci, doveva portarle il giorno prima a Corte per l&#8217;attracco. Nel 1721 venne aperto il canale che congiungeva Corte a Lova e ai barcaioli di Piove veniva dato il permesso di navigarlo. Nel periodo di dominio veneziano, Piove di Sacco era il centro della Podesteria che comprendeva il territorio della Saccisica. Il Podest\u00e0 era colui che governava il castello e le ville che facevano parte della Podestaria di Piove di Sacco. Era dovere del Podest\u00e0 vigilare sugli affari e sulle cose pubbliche facendo applicare le leggi di Venezia; per questo era scelto dalla Repubblica di San Marco tra i suoi pi\u00f9 prestigiosi patrizi. Quanto detto vale per il territorio della Podesteria, cio\u00e8 dell&#8217;intera Saccisica, mentre il castello (il centro) di Piove di Sacco era governato dal Consiglio Generale della comunit\u00e0, formato da tutti i capifamiglia che avevano il compito di eleggere annualmente il Sindaco, il Canipario, i Consoli, i Consiglieri e altri pubblici ufficiali. Il Sindaco rappresentava la comunit\u00e0 di fronte a qualsiasi persona, comune e luogo dove si trovasse, aveva inoltre poteri amministrativi e di nomina di giudici e notai. Nei quattro secoli di dominazione veneziana il problema pi\u00f9 sentito dalla popolazione fu la peste, che infer\u00ec pi\u00f9 volte apportando lutti e miserie. La peste del 1576 fu a lungo ricordata per le moltissime vittime che provoc\u00f2 nel Padovano. Ben pi\u00f9 grave fu la peste del 1631 in cui nella sola Padova persero la vita ben diciottomila persone. Quando anche a Piove la peste cominci\u00f2 a colpire puntualmente la cittadinanza, fu deciso di fare una processione fino alla <a href=\"https:\/\/customer-88-99-224-156.brandprotection.zone\/saccisica-v2\/item\/chiesa-di-s-giustina-o-san-rocco\/\">chiesa di S. Rocco<\/a>. La peste continu\u00f2 crudele a fare vittime su vittime. Il registro mortuario di Piove registr\u00f2 ben 362 decessi in tre anni di peste. Il 26 aprile 1631 Consiglio della Comunit\u00e0 decise di chiedere aiuto alla Madonna, e il 6 maggio ci fu la processione verso la chiesa della <a href=\"https:\/\/customer-88-99-224-156.brandprotection.zone\/saccisica-v2\/item\/santuario-della-madonna-delle-grazie\/\">Madonna delle Grazie<\/a>: ancora oggi si ricorda e si ringrazia la Madonna con la solenne processione del 6 maggio.<\/p>\n<h3>Piove di Sacco durante l&#8217;occupazione francese e il dominio austriaco<\/h3>\n<p>Il tempo trascorre nei secoli XVII e XVIII senza grandi eventi. Va registrato tuttavia un lungo ed inesorabile scivolamento di Venezia che trascin\u00f2 nella sua decadenza tutti i territori del proprio dominio. Nel 1797, infatti, la Repubblica di Venezia viene invasa dagli eserciti di Napoleone Bonaparte. Cos\u00ec dopo quattro secoli di dominazione veneziana i francesi e gli austriaci si avvicendarono il potere. In questo periodo di passaggio da un dominio all&#8217;altro, ci fu una crisi economica generalmente dovuta alle continue guerre e ai danni causati dai saccheggi delle truppe. A questa situazione si aggiunsero altre calamit\u00e0 come siccit\u00e0, alluvioni, diffusione del vaiolo, che andarono a peggiorare ulteriormente le condizioni di vita di quel tempo. Durante l&#8217;occupazione francese il territorio fu diviso in dipartimenti e Piove di Sacco and\u00f2 a far parte di quello &#8220;della Brenta&#8221;. Vengono sistemati gli argini del Bacchiglione e si procede alle rettificazioni del corso del Brenta. Viene formato il catasto napoleonico, con cui si cominciarono a rilevare i valori delle terre. Nel 1810 venne soppressa la Collegiata di Piove; la parrocchia fu privata di tutti i beni terrieri che possedeva e la borghesia si affrett\u00f2 ad acquistare le terre della chiesa messe all&#8217;asta. Nel 1813 fin\u00ec il dominio dei Francesi al quale subentr\u00f2 quello degli Austriaci sancito dal Congresso di Vienna nel 1815. Iniziava un periodo di trasformazioni che avevano lo scopo di risanare, riorganizzare, e riordinare l&#8217;ambiente. Per primo fu iniziato lo scavo di un canale che da Stra giungeva fino a Corte, poi si dovette sistemare la rete stradale, utilizzando i materiali ricavati dalla demolizione della Torre Rossi (1820) e della Torre Panico (1827). Tra il 1820 e il 1833 il centro di Piove cambiava aspetto; nelle campagne venivano intraprese le bonifiche che diedero lavoro a molti disoccupati. Dopo la prima guerra d&#8217;indipendenza nel 1848, al ritorno degli Austriaci, ci fu un episodio violento: cinque uomini furono fucilati a Piove con l&#8217;accusa di aver partecipato all&#8217;insurrezione. Il governo asburgico impose alla popolazione nuove tasse; nelle campagne si verific\u00f2 un periodo di carestia, ci fu la pellagra e una nuova epidemia di colera.<\/p>\n<h3>Piove di Sacco nel regno d&#8217;Italia<\/h3>\n<p>Nel luglio del 1866 (terza guerra d&#8217;indipendenza) si comp\u00ec l&#8217;annessione al Regno d&#8217;Italia e con questa il Veneto dovette cambiare il suo aspetto sociale, economico e amministrativo. Nella mentalit\u00e0 borghese entr\u00f2 una certa diffidenza e indifferenza nei confronti della Chiesa e delle religioni; i contadini ebbero pi\u00f9 difficolt\u00e0 nel trovare lavoro; i braccianti spesso non avevano casa e cibo, perci\u00f2 in estate cercavano lavoro di mietitura e trebbiatura, mentre nei mesi invernali e primaverili facevano i manovali per i lavori di sterro e canalizzazione dei dintorni. A causa delle durissime condizioni di vita della popolazione, nell&#8217;Ottocento si ebbe un aumento di furti: legna, fieno, frutti, animali da cortile. La vita media dei contadini nel 1876 era calcolata sui trent&#8217;anni, era altissima la mortalit\u00e0 infantile, imperversavano malattie come la malaria, la pellagra e la tubercolosi. Molti tentarono la via dell&#8217;emigrazione, soprattutto transoceanica: nel 1888 lasciarono il Piovese 1548 persone che andarono verso il Brasile e l&#8217;Argentina. Nel 1890 fu costruita la linea ferroviaria Piove di Sacco-Padova per cercare di dare uno stimolo alle attivit\u00e0 economiche. Verso la fine del secolo si fece strada l&#8217;idea di sistemare ancora una volta il Duomo. Durante la sua storia il Duomo aveva avuto alcune modifiche e ampliamenti; a quel tempo era di stile romanico-lombardo ma si presentava ormai cadente. Fu cos\u00ec che il 23 marzo 1893 l&#8217;arciprete Coin annunci\u00f2 di voler abbattere la chiesa e di procedere ai lavori di ricostruzione contando sull&#8217;aiuto della popolazione. Il progetto fu assegnato all&#8217;ing. Francesco Gasparini. La chiesa fu terminata nel 1908. In quel periodo furono abbattuti alcuni edifici ed altri furono rinnovati, tanto che scomparvero quasi del tutto le radici antiche della cittadina. Nel 1904 ci fu uno sciopero generale contro le scelte economiche del governo, a questo sciopero aderirono anche i cattolici; nel 1908 nacque &#8221; La Difesa del Popolo&#8221; che ebbe larga diffusione anche nel Piovese. Nel 1915 l&#8217;Italia entr\u00f2 nella prima guerra mondiale. In questo periodo ci fu un impoverimento generale che colp\u00ec anche le nostre zone, tanto che nello stesso anno a Piove cinquemila disoccupati occuparono il <a href=\"https:\/\/customer-88-99-224-156.brandprotection.zone\/saccisica-v2\/item\/palazzo-jappelli\/\">Municipio<\/a>. Il paese vers\u00f2 il suo tributo di vite umane al conflitto: i nomi dei caduti piovesi furono scolpiti sulle lapidi del palazzo Comunale. La situazione del primo dopoguerra si present\u00f2 subito gravissima da un punto di vista economico sociale. In questo contesto di disoccupazione , di povert\u00e0 e di disagio si fece strada il Fascismo. Nel 1921 la sezione del fascio di Piove di Sacco venne fondata tra le prime in provincia di Padova. Il fascismo si diffuse rapidamente, in pochi mesi. Soppresso il pericolo dei comunisti, tutte le associazioni antifasciste dovettero chiudere. A seguito della marcia su Roma (1922) il partito Fascista conquist\u00f2 il potere. Dopo un iniziale periodo di smarrimento il fascismo visse gli anni del &#8220;consenso&#8221; per le opere pubbliche e assistenziali che furono realizzate. Il suo fallimento fu nella seconda guerra mondiale e la Saccisica divent\u00f2 il centro d&#8217;azione di diverse brigate partigiane: il nucleo &#8220;Marziano&#8221;, la brigata &#8220;Maurizio Martello&#8221;, una compagnia detta &#8220;Guido Negri&#8221; pi\u00f9 sviluppata a <a href=\"https:\/\/customer-88-99-224-156.brandprotection.zone\/saccisica-v2\/comuni-della-saccisica\/comuni-della-saccisicasantangelo-di-piove-di-sacco\/\">Sant&#8217;Angelo<\/a>, la &#8220;Garibaldi&#8221; a Bojon e in altre zone.<\/p>\n<h3>Piove di Sacco dal dopoguerra ad oggi<\/h3>\n<p>Nel dopoguerra la popolazione visse ancora un periodo di grosse difficolt\u00e0 e ristrettezze economiche, ma seppe reagire con operosit\u00e0 e iniziativa. Negli anni sessanta cominci\u00f2 a cambiare tutto, dall&#8217;agricoltura all&#8217;industria, con sviluppo e modernizzazione sempre pi\u00f9 accelerati. La campagna fu in parte abbandonata, ma chi rimase introdusse colture specializzate e pi\u00f9 remunerative; nelle frazioni della cintura urbana iniziarono a sorgere le prime zone industriali. La Saccisica \u00e8 diventata un&#8217;importante area di insediamenti industriali e di attivit\u00e0 commerciali e artigianali, ma esiste ancora un certo legame con le tradizioni contadine.<\/p>\n","protected":false},"excerpt":{"rendered":"<p>Il comune di Piove di Sacco si trova a met\u00e0 strada tra Padova e Chioggia: centro e &#8220;Capitale&#8221; della Saccisica gioca un ruolo di primo piano sotto il profilo culturale ed economico.<\/p>\n","protected":false},"author":1,"featured_media":4810,"parent":8259,"menu_order":0,"comment_status":"open","ping_status":"closed","template":"","meta":{"footnotes":""},"class_list":["post-55","page","type-page","status-publish","has-post-thumbnail","hentry"],"yoast_head":"<!-- This site is optimized with the Yoast SEO plugin v24.7 - https:\/\/yoast.com\/wordpress\/plugins\/seo\/ -->\n<title>Piove di Sacco - la Capitale della Saccisica | VisitSaccisica<\/title>\n<meta name=\"description\" content=\"Piove di Sacco, capitale della Saccisica, il centro storico e le iniziative culturali attraggono pubblico da un vasto territorio circostante.\" \/>\n<meta name=\"robots\" content=\"index, follow, max-snippet:-1, max-image-preview:large, max-video-preview:-1\" \/>\n<link rel=\"canonical\" href=\"https:\/\/customer-88-99-224-156.brandprotection.zone\/saccisica-v2\/comuni-della-saccisica\/comuni-della-saccisica-piove-di-sacco\/\" \/>\n<meta property=\"og:locale\" content=\"it_IT\" \/>\n<meta property=\"og:type\" content=\"article\" \/>\n<meta property=\"og:title\" content=\"Piove di Sacco - la Capitale della Saccisica | VisitSaccisica\" \/>\n<meta property=\"og:description\" content=\"Piove di Sacco, capitale della Saccisica, il centro storico e le iniziative culturali attraggono pubblico da un vasto territorio circostante.\" \/>\n<meta property=\"og:url\" content=\"https:\/\/customer-88-99-224-156.brandprotection.zone\/saccisica-v2\/comuni-della-saccisica\/comuni-della-saccisica-piove-di-sacco\/\" \/>\n<meta property=\"og:site_name\" content=\"Visit Saccisica | Turismo e territorio della Saccisica\" \/>\n<meta property=\"article:modified_time\" content=\"2020-02-04T16:03:35+00:00\" \/>\n<meta property=\"og:image\" content=\"https:\/\/customer-88-99-224-156.brandprotection.zone\/saccisica-v2\/wp-content\/uploads\/sites\/7\/2013\/03\/piovedisacco-piazza-duomo-aereo.jpg\" \/>\n\t<meta property=\"og:image:width\" content=\"960\" \/>\n\t<meta property=\"og:image:height\" content=\"640\" \/>\n\t<meta property=\"og:image:type\" content=\"image\/jpeg\" \/>\n<meta name=\"twitter:card\" content=\"summary_large_image\" \/>\n<meta name=\"twitter:label1\" content=\"Tempo di lettura stimato\" \/>\n\t<meta name=\"twitter:data1\" content=\"10 minuti\" \/>\n<script type=\"application\/ld+json\" class=\"yoast-schema-graph\">{\"@context\":\"https:\/\/schema.org\",\"@graph\":[{\"@type\":\"WebPage\",\"@id\":\"https:\/\/customer-88-99-224-156.brandprotection.zone\/saccisica-v2\/comuni-della-saccisica\/comuni-della-saccisica-piove-di-sacco\/\",\"url\":\"https:\/\/customer-88-99-224-156.brandprotection.zone\/saccisica-v2\/comuni-della-saccisica\/comuni-della-saccisica-piove-di-sacco\/\",\"name\":\"Piove di Sacco - la Capitale della Saccisica | VisitSaccisica\",\"isPartOf\":{\"@id\":\"https:\/\/customer-88-99-224-156.brandprotection.zone\/saccisica-v2\/#website\"},\"primaryImageOfPage\":{\"@id\":\"https:\/\/customer-88-99-224-156.brandprotection.zone\/saccisica-v2\/comuni-della-saccisica\/comuni-della-saccisica-piove-di-sacco\/#primaryimage\"},\"image\":{\"@id\":\"https:\/\/customer-88-99-224-156.brandprotection.zone\/saccisica-v2\/comuni-della-saccisica\/comuni-della-saccisica-piove-di-sacco\/#primaryimage\"},\"thumbnailUrl\":\"https:\/\/customer-88-99-224-156.brandprotection.zone\/saccisica-v2\/wp-content\/uploads\/sites\/7\/2013\/03\/piovedisacco-piazza-duomo-aereo.jpg\",\"datePublished\":\"2013-03-24T20:02:38+00:00\",\"dateModified\":\"2020-02-04T16:03:35+00:00\",\"description\":\"Piove di Sacco, capitale della Saccisica, il centro storico e le iniziative culturali attraggono pubblico da un vasto territorio circostante.\",\"breadcrumb\":{\"@id\":\"https:\/\/customer-88-99-224-156.brandprotection.zone\/saccisica-v2\/comuni-della-saccisica\/comuni-della-saccisica-piove-di-sacco\/#breadcrumb\"},\"inLanguage\":\"it-IT\",\"potentialAction\":[{\"@type\":\"ReadAction\",\"target\":[\"https:\/\/customer-88-99-224-156.brandprotection.zone\/saccisica-v2\/comuni-della-saccisica\/comuni-della-saccisica-piove-di-sacco\/\"]}]},{\"@type\":\"ImageObject\",\"inLanguage\":\"it-IT\",\"@id\":\"https:\/\/customer-88-99-224-156.brandprotection.zone\/saccisica-v2\/comuni-della-saccisica\/comuni-della-saccisica-piove-di-sacco\/#primaryimage\",\"url\":\"https:\/\/customer-88-99-224-156.brandprotection.zone\/saccisica-v2\/wp-content\/uploads\/sites\/7\/2013\/03\/piovedisacco-piazza-duomo-aereo.jpg\",\"contentUrl\":\"https:\/\/customer-88-99-224-156.brandprotection.zone\/saccisica-v2\/wp-content\/uploads\/sites\/7\/2013\/03\/piovedisacco-piazza-duomo-aereo.jpg\",\"width\":960,\"height\":640,\"caption\":\"Piove di Sacco capitale della Saccisica - la piazza e il duomo vista dall'alto\"},{\"@type\":\"BreadcrumbList\",\"@id\":\"https:\/\/customer-88-99-224-156.brandprotection.zone\/saccisica-v2\/comuni-della-saccisica\/comuni-della-saccisica-piove-di-sacco\/#breadcrumb\",\"itemListElement\":[{\"@type\":\"ListItem\",\"position\":1,\"name\":\"Home\",\"item\":\"https:\/\/customer-88-99-224-156.brandprotection.zone\/saccisica-v2\/\"},{\"@type\":\"ListItem\",\"position\":2,\"name\":\"Comuni della Saccisica\",\"item\":\"https:\/\/customer-88-99-224-156.brandprotection.zone\/saccisica-v2\/comuni-della-saccisica\/\"},{\"@type\":\"ListItem\",\"position\":3,\"name\":\"Piove di Sacco\"}]},{\"@type\":\"WebSite\",\"@id\":\"https:\/\/customer-88-99-224-156.brandprotection.zone\/saccisica-v2\/#website\",\"url\":\"https:\/\/customer-88-99-224-156.brandprotection.zone\/saccisica-v2\/\",\"name\":\"Visit Saccisica | Turismo e territorio della Saccisica\",\"description\":\"VisitSaccisica, 100% privata by TerritoriOnline SRL | +39 049 4906747\",\"potentialAction\":[{\"@type\":\"SearchAction\",\"target\":{\"@type\":\"EntryPoint\",\"urlTemplate\":\"https:\/\/customer-88-99-224-156.brandprotection.zone\/saccisica-v2\/?s={search_term_string}\"},\"query-input\":{\"@type\":\"PropertyValueSpecification\",\"valueRequired\":true,\"valueName\":\"search_term_string\"}}],\"inLanguage\":\"it-IT\"}]}<\/script>\n<!-- \/ Yoast SEO plugin. -->","yoast_head_json":{"title":"Piove di Sacco - la Capitale della Saccisica | VisitSaccisica","description":"Piove di Sacco, capitale della Saccisica, il centro storico e le iniziative culturali attraggono pubblico da un vasto territorio circostante.","robots":{"index":"index","follow":"follow","max-snippet":"max-snippet:-1","max-image-preview":"max-image-preview:large","max-video-preview":"max-video-preview:-1"},"canonical":"https:\/\/customer-88-99-224-156.brandprotection.zone\/saccisica-v2\/comuni-della-saccisica\/comuni-della-saccisica-piove-di-sacco\/","og_locale":"it_IT","og_type":"article","og_title":"Piove di Sacco - la Capitale della Saccisica | VisitSaccisica","og_description":"Piove di Sacco, capitale della Saccisica, il centro storico e le iniziative culturali attraggono pubblico da un vasto territorio circostante.","og_url":"https:\/\/customer-88-99-224-156.brandprotection.zone\/saccisica-v2\/comuni-della-saccisica\/comuni-della-saccisica-piove-di-sacco\/","og_site_name":"Visit Saccisica | Turismo e territorio della Saccisica","article_modified_time":"2020-02-04T16:03:35+00:00","og_image":[{"width":960,"height":640,"url":"https:\/\/customer-88-99-224-156.brandprotection.zone\/saccisica-v2\/wp-content\/uploads\/sites\/7\/2013\/03\/piovedisacco-piazza-duomo-aereo.jpg","type":"image\/jpeg"}],"twitter_card":"summary_large_image","twitter_misc":{"Tempo di lettura stimato":"10 minuti"},"schema":{"@context":"https:\/\/schema.org","@graph":[{"@type":"WebPage","@id":"https:\/\/customer-88-99-224-156.brandprotection.zone\/saccisica-v2\/comuni-della-saccisica\/comuni-della-saccisica-piove-di-sacco\/","url":"https:\/\/customer-88-99-224-156.brandprotection.zone\/saccisica-v2\/comuni-della-saccisica\/comuni-della-saccisica-piove-di-sacco\/","name":"Piove di Sacco - la Capitale della Saccisica | VisitSaccisica","isPartOf":{"@id":"https:\/\/customer-88-99-224-156.brandprotection.zone\/saccisica-v2\/#website"},"primaryImageOfPage":{"@id":"https:\/\/customer-88-99-224-156.brandprotection.zone\/saccisica-v2\/comuni-della-saccisica\/comuni-della-saccisica-piove-di-sacco\/#primaryimage"},"image":{"@id":"https:\/\/customer-88-99-224-156.brandprotection.zone\/saccisica-v2\/comuni-della-saccisica\/comuni-della-saccisica-piove-di-sacco\/#primaryimage"},"thumbnailUrl":"https:\/\/customer-88-99-224-156.brandprotection.zone\/saccisica-v2\/wp-content\/uploads\/sites\/7\/2013\/03\/piovedisacco-piazza-duomo-aereo.jpg","datePublished":"2013-03-24T20:02:38+00:00","dateModified":"2020-02-04T16:03:35+00:00","description":"Piove di Sacco, capitale della Saccisica, il centro storico e le iniziative culturali attraggono pubblico da un vasto territorio circostante.","breadcrumb":{"@id":"https:\/\/customer-88-99-224-156.brandprotection.zone\/saccisica-v2\/comuni-della-saccisica\/comuni-della-saccisica-piove-di-sacco\/#breadcrumb"},"inLanguage":"it-IT","potentialAction":[{"@type":"ReadAction","target":["https:\/\/customer-88-99-224-156.brandprotection.zone\/saccisica-v2\/comuni-della-saccisica\/comuni-della-saccisica-piove-di-sacco\/"]}]},{"@type":"ImageObject","inLanguage":"it-IT","@id":"https:\/\/customer-88-99-224-156.brandprotection.zone\/saccisica-v2\/comuni-della-saccisica\/comuni-della-saccisica-piove-di-sacco\/#primaryimage","url":"https:\/\/customer-88-99-224-156.brandprotection.zone\/saccisica-v2\/wp-content\/uploads\/sites\/7\/2013\/03\/piovedisacco-piazza-duomo-aereo.jpg","contentUrl":"https:\/\/customer-88-99-224-156.brandprotection.zone\/saccisica-v2\/wp-content\/uploads\/sites\/7\/2013\/03\/piovedisacco-piazza-duomo-aereo.jpg","width":960,"height":640,"caption":"Piove di Sacco capitale della Saccisica - la piazza e il duomo vista dall'alto"},{"@type":"BreadcrumbList","@id":"https:\/\/customer-88-99-224-156.brandprotection.zone\/saccisica-v2\/comuni-della-saccisica\/comuni-della-saccisica-piove-di-sacco\/#breadcrumb","itemListElement":[{"@type":"ListItem","position":1,"name":"Home","item":"https:\/\/customer-88-99-224-156.brandprotection.zone\/saccisica-v2\/"},{"@type":"ListItem","position":2,"name":"Comuni della Saccisica","item":"https:\/\/customer-88-99-224-156.brandprotection.zone\/saccisica-v2\/comuni-della-saccisica\/"},{"@type":"ListItem","position":3,"name":"Piove di Sacco"}]},{"@type":"WebSite","@id":"https:\/\/customer-88-99-224-156.brandprotection.zone\/saccisica-v2\/#website","url":"https:\/\/customer-88-99-224-156.brandprotection.zone\/saccisica-v2\/","name":"Visit Saccisica | Turismo e territorio della Saccisica","description":"VisitSaccisica, 100% privata by TerritoriOnline SRL | +39 049 4906747","potentialAction":[{"@type":"SearchAction","target":{"@type":"EntryPoint","urlTemplate":"https:\/\/customer-88-99-224-156.brandprotection.zone\/saccisica-v2\/?s={search_term_string}"},"query-input":{"@type":"PropertyValueSpecification","valueRequired":true,"valueName":"search_term_string"}}],"inLanguage":"it-IT"}]}},"_links":{"self":[{"href":"https:\/\/customer-88-99-224-156.brandprotection.zone\/saccisica-v2\/wp-json\/wp\/v2\/pages\/55","targetHints":{"allow":["GET"]}}],"collection":[{"href":"https:\/\/customer-88-99-224-156.brandprotection.zone\/saccisica-v2\/wp-json\/wp\/v2\/pages"}],"about":[{"href":"https:\/\/customer-88-99-224-156.brandprotection.zone\/saccisica-v2\/wp-json\/wp\/v2\/types\/page"}],"author":[{"embeddable":true,"href":"https:\/\/customer-88-99-224-156.brandprotection.zone\/saccisica-v2\/wp-json\/wp\/v2\/users\/1"}],"replies":[{"embeddable":true,"href":"https:\/\/customer-88-99-224-156.brandprotection.zone\/saccisica-v2\/wp-json\/wp\/v2\/comments?post=55"}],"version-history":[{"count":4,"href":"https:\/\/customer-88-99-224-156.brandprotection.zone\/saccisica-v2\/wp-json\/wp\/v2\/pages\/55\/revisions"}],"predecessor-version":[{"id":16728,"href":"https:\/\/customer-88-99-224-156.brandprotection.zone\/saccisica-v2\/wp-json\/wp\/v2\/pages\/55\/revisions\/16728"}],"up":[{"embeddable":true,"href":"https:\/\/customer-88-99-224-156.brandprotection.zone\/saccisica-v2\/wp-json\/wp\/v2\/pages\/8259"}],"wp:featuredmedia":[{"embeddable":true,"href":"https:\/\/customer-88-99-224-156.brandprotection.zone\/saccisica-v2\/wp-json\/wp\/v2\/media\/4810"}],"wp:attachment":[{"href":"https:\/\/customer-88-99-224-156.brandprotection.zone\/saccisica-v2\/wp-json\/wp\/v2\/media?parent=55"}],"curies":[{"name":"wp","href":"https:\/\/api.w.org\/{rel}","templated":true}]}}