{"id":57,"date":"2013-03-24T21:04:23","date_gmt":"2013-03-24T20:04:23","guid":{"rendered":"http:\/\/www.saccisica.net\/?page_id=57"},"modified":"2018-04-24T15:04:38","modified_gmt":"2018-04-24T13:04:38","slug":"comuni-della-saccisica-polverara","status":"publish","type":"page","link":"https:\/\/customer-88-99-224-156.brandprotection.zone\/saccisica-v2\/comuni-della-saccisica\/comuni-della-saccisica-polverara\/","title":{"rendered":"Polverara"},"content":{"rendered":"<p style=\"text-align: justify;\">Da Legnaro, andando verso Bovolenta si trova Polverara. Il nome deriva da &#8220;Popillaria&#8221;, quindi si pensa possa attenere alla Via romana &#8220;Popillia&#8221; che portava ad Adria. Il centro della Citt\u00e0 si affaccia sulla Via principale, un po&#8217; come in tutte le citt\u00e0 della Saccisica.<\/p>\n\n\t\t\t<div>\n\t\t\t<style type='text\/css'>\n\t\t\t\t#gallery-1 {\n\t\t\t\t\tmargin: auto;\n\t\t\t\t}\n\t\t\t\t#gallery-1 .gallery-item {\n\t\t\t\t\tfloat: left;\n\t\t\t\t\tmargin-top: 10px;\n\t\t\t\t\ttext-align: center;\n\t\t\t\t\twidth: 33%;\n\t\t\t\t}\n\t\t\t\t#gallery-1 img {\n\t\t\t\t\tborder: 2px solid #cfcfcf;\n\t\t\t\t}\n\t\t\t\t#gallery-1 .gallery-caption {\n\t\t\t\t\tmargin-left: 0;\n\t\t\t\t}\n\t\t\t\t\/* see gallery_shortcode() in wp-includes\/media.php *\/\n\t\t\t<\/style><\/div>\n\t\t<div id='gallery-1' class='gallery galleryid-57 gallery-columns-3 gallery-size-thumbnail'><div class=\"gallery-inner-wrapper\"><dl class='gallery-item'>\n\t\t\t\t<dt class='gallery-icon landscape'>\n\t\t\t\t\t<a href='https:\/\/customer-88-99-224-156.brandprotection.zone\/saccisica-v2\/wp-content\/uploads\/sites\/7\/2013\/03\/saccisica15102006146.jpg'><img decoding=\"async\" width=\"150\" height=\"150\" src=\"https:\/\/customer-88-99-224-156.brandprotection.zone\/saccisica-v2\/wp-content\/uploads\/sites\/7\/2013\/03\/saccisica15102006146-150x150.jpg\" class=\"attachment-thumbnail size-thumbnail\" alt=\"\" srcset=\"https:\/\/customer-88-99-224-156.brandprotection.zone\/saccisica-v2\/wp-content\/uploads\/sites\/7\/2013\/03\/saccisica15102006146-150x150.jpg 150w, https:\/\/customer-88-99-224-156.brandprotection.zone\/saccisica-v2\/wp-content\/uploads\/sites\/7\/2013\/03\/saccisica15102006146-100x100.jpg 100w\" sizes=\"(max-width: 150px) 100vw, 150px\" \/><\/a>\n\t\t\t\t<\/dt><dd><\/dd><\/dl><dl class='gallery-item'>\n\t\t\t\t<dt class='gallery-icon landscape'>\n\t\t\t\t\t<a href='https:\/\/customer-88-99-224-156.brandprotection.zone\/saccisica-v2\/wp-content\/uploads\/sites\/7\/2013\/03\/saccisica15102006142.jpg'><img decoding=\"async\" width=\"150\" height=\"150\" src=\"https:\/\/customer-88-99-224-156.brandprotection.zone\/saccisica-v2\/wp-content\/uploads\/sites\/7\/2013\/03\/saccisica15102006142-150x150.jpg\" class=\"attachment-thumbnail size-thumbnail\" alt=\"\" srcset=\"https:\/\/customer-88-99-224-156.brandprotection.zone\/saccisica-v2\/wp-content\/uploads\/sites\/7\/2013\/03\/saccisica15102006142-150x150.jpg 150w, https:\/\/customer-88-99-224-156.brandprotection.zone\/saccisica-v2\/wp-content\/uploads\/sites\/7\/2013\/03\/saccisica15102006142-100x100.jpg 100w\" sizes=\"(max-width: 150px) 100vw, 150px\" \/><\/a>\n\t\t\t\t<\/dt><dd><\/dd><\/dl><dl class='gallery-item'>\n\t\t\t\t<dt class='gallery-icon portrait'>\n\t\t\t\t\t<a href='https:\/\/customer-88-99-224-156.brandprotection.zone\/saccisica-v2\/wp-content\/uploads\/sites\/7\/2013\/03\/gallina.jpg'><img decoding=\"async\" width=\"150\" height=\"150\" src=\"https:\/\/customer-88-99-224-156.brandprotection.zone\/saccisica-v2\/wp-content\/uploads\/sites\/7\/2013\/03\/gallina-150x150.jpg\" class=\"attachment-thumbnail size-thumbnail\" alt=\"\" srcset=\"https:\/\/customer-88-99-224-156.brandprotection.zone\/saccisica-v2\/wp-content\/uploads\/sites\/7\/2013\/03\/gallina-150x150.jpg 150w, https:\/\/customer-88-99-224-156.brandprotection.zone\/saccisica-v2\/wp-content\/uploads\/sites\/7\/2013\/03\/gallina-100x100.jpg 100w\" sizes=\"(max-width: 150px) 100vw, 150px\" \/><\/a>\n\t\t\t\t<\/dt><dd><\/dd><\/dl><br style=\"clear: both\" \/>\n\t\t\t\t<br style='clear: both;' \/>\n\t\t\t<\/div><\/div>\n\n<p style=\"text-align: justify;\">Qui troviamo la <strong>chiesa Parrocchiale di S.Fidenzio<\/strong> eretta nel 964 proprio nel luogo di ritrovamento del corpo del Santo. L&#8217;odierna costruzione risale al 1899. Uscendo dal centro della Citt\u00e0, in zona isola dell&#8217;Abb\u00e0, troviamo altri monumenti importanti: la Chiesa (1172) dedicata a S.Leonardo, e Villa Rezzonico, restaurata recentemente.<\/p>\n<p style=\"text-align: justify;\">Passando invece agli aspetti economici della Citt\u00e0, Polverara \u00e8 un centro prevalentemente agricolo: molto interessante \u00e8 quindi sapere che qui si alleva una razza di galline autoctona. &#8220;<a href=\"https:\/\/customer-88-99-224-156.brandprotection.zone\/saccisica-v2\/enogastronomia-mangiare-e-bere-in-saccisica-e-dintorni\/la-gallina-polverara\/\">La gallina di Polverara<\/a>&#8220;, nera, molto pi\u00f9 grande delle altre, viene nominata sin dal 1500 ed immortalata anche nello stemma Comunale.<\/p>\n<h3 style=\"text-align: justify;\">Storia<\/h3>\n<p style=\"text-align: justify;\">Di Polverara si parla per la prima volta in un <strong>documento risalente al 1130<\/strong> in cui il Vescovo di Padova, Bellino, conferma il possesso della chiesa di S.Fidenzio alla cattedrale di Padova. La leggenda narra che la chiesa fu fatta erigere nel luogo esatto in cui fu ritrovato il corpo di S.Fidenzio, indicato dal Vescovo Bellino dopo una visione.<\/p>\n<p style=\"text-align: justify;\">La presenza di ben tre Monasteri <strong>(S. Margherita, S.Maria e S.Agnese)<\/strong> sin dall&#8217;anno mille testimonia l&#8217;importanza del monachesimo nelle immediate vicinanze del Padovano.<\/p>\n<p style=\"text-align: justify;\"><strong>Nel 1276 Polverara divent\u00f2 podestaria<\/strong>. Da questo periodo in poi iniziarono le guerre, le devastazioni e i danni derivanti dal &#8220;pensionatico&#8221; cio\u00e8 dalla pratica del pascolo libero, anche all&#8217;interno delle propriet\u00e0 private, dei greggi dei pastori vicini.<\/p>\n<p style=\"text-align: justify;\">Il territorio, complice anche la vicinanza con molti fiumi, fu spesso oggetto di inondazioni e di tempeste anche in epoca pi\u00f9 recente.<\/p>\n","protected":false},"excerpt":{"rendered":"<p>Da Legnaro, andando verso Bovolenta si trova Polverara. Il nome deriva da &#8220;Popillaria&#8221;, quindi si pensa possa attenere alla Via romana &#8220;Popillia&#8221; che portava ad Adria.<\/p>\n","protected":false},"author":1,"featured_media":239,"parent":8259,"menu_order":0,"comment_status":"open","ping_status":"closed","template":"","meta":{"footnotes":""},"class_list":["post-57","page","type-page","status-publish","has-post-thumbnail","hentry"],"yoast_head":"<!-- This site is optimized with the Yoast SEO plugin v24.7 - https:\/\/yoast.com\/wordpress\/plugins\/seo\/ -->\n<title>Polverara - Visit Saccisica | Turismo e territorio della Saccisica<\/title>\n<meta name=\"robots\" content=\"index, follow, max-snippet:-1, max-image-preview:large, max-video-preview:-1\" \/>\n<link rel=\"canonical\" href=\"https:\/\/customer-88-99-224-156.brandprotection.zone\/saccisica-v2\/comuni-della-saccisica\/comuni-della-saccisica-polverara\/\" \/>\n<meta property=\"og:locale\" content=\"it_IT\" \/>\n<meta property=\"og:type\" content=\"article\" \/>\n<meta property=\"og:title\" content=\"Polverara - Visit Saccisica | Turismo e territorio della Saccisica\" \/>\n<meta property=\"og:description\" content=\"Da Legnaro, andando verso Bovolenta si trova Polverara. Il nome deriva da &quot;Popillaria&quot;, quindi si pensa possa attenere alla Via romana &quot;Popillia&quot; che portava ad Adria.\" \/>\n<meta property=\"og:url\" content=\"https:\/\/customer-88-99-224-156.brandprotection.zone\/saccisica-v2\/comuni-della-saccisica\/comuni-della-saccisica-polverara\/\" \/>\n<meta property=\"og:site_name\" content=\"Visit Saccisica | Turismo e territorio della Saccisica\" \/>\n<meta property=\"article:modified_time\" content=\"2018-04-24T13:04:38+00:00\" \/>\n<meta property=\"og:image\" content=\"https:\/\/customer-88-99-224-156.brandprotection.zone\/saccisica-v2\/wp-content\/uploads\/sites\/7\/2013\/03\/saccisica15102006142.jpg\" \/>\n\t<meta property=\"og:image:width\" content=\"3072\" \/>\n\t<meta property=\"og:image:height\" content=\"2048\" \/>\n\t<meta property=\"og:image:type\" content=\"image\/jpeg\" \/>\n<meta name=\"twitter:card\" content=\"summary_large_image\" \/>\n<meta name=\"twitter:label1\" content=\"Tempo di lettura stimato\" \/>\n\t<meta name=\"twitter:data1\" content=\"1 minuto\" \/>\n<script type=\"application\/ld+json\" class=\"yoast-schema-graph\">{\"@context\":\"https:\/\/schema.org\",\"@graph\":[{\"@type\":\"WebPage\",\"@id\":\"https:\/\/customer-88-99-224-156.brandprotection.zone\/saccisica-v2\/comuni-della-saccisica\/comuni-della-saccisica-polverara\/\",\"url\":\"https:\/\/customer-88-99-224-156.brandprotection.zone\/saccisica-v2\/comuni-della-saccisica\/comuni-della-saccisica-polverara\/\",\"name\":\"Polverara - Visit Saccisica | Turismo e territorio della Saccisica\",\"isPartOf\":{\"@id\":\"https:\/\/customer-88-99-224-156.brandprotection.zone\/saccisica-v2\/#website\"},\"primaryImageOfPage\":{\"@id\":\"https:\/\/customer-88-99-224-156.brandprotection.zone\/saccisica-v2\/comuni-della-saccisica\/comuni-della-saccisica-polverara\/#primaryimage\"},\"image\":{\"@id\":\"https:\/\/customer-88-99-224-156.brandprotection.zone\/saccisica-v2\/comuni-della-saccisica\/comuni-della-saccisica-polverara\/#primaryimage\"},\"thumbnailUrl\":\"https:\/\/customer-88-99-224-156.brandprotection.zone\/saccisica-v2\/wp-content\/uploads\/sites\/7\/2013\/03\/saccisica15102006142.jpg\",\"datePublished\":\"2013-03-24T20:04:23+00:00\",\"dateModified\":\"2018-04-24T13:04:38+00:00\",\"breadcrumb\":{\"@id\":\"https:\/\/customer-88-99-224-156.brandprotection.zone\/saccisica-v2\/comuni-della-saccisica\/comuni-della-saccisica-polverara\/#breadcrumb\"},\"inLanguage\":\"it-IT\",\"potentialAction\":[{\"@type\":\"ReadAction\",\"target\":[\"https:\/\/customer-88-99-224-156.brandprotection.zone\/saccisica-v2\/comuni-della-saccisica\/comuni-della-saccisica-polverara\/\"]}]},{\"@type\":\"ImageObject\",\"inLanguage\":\"it-IT\",\"@id\":\"https:\/\/customer-88-99-224-156.brandprotection.zone\/saccisica-v2\/comuni-della-saccisica\/comuni-della-saccisica-polverara\/#primaryimage\",\"url\":\"https:\/\/customer-88-99-224-156.brandprotection.zone\/saccisica-v2\/wp-content\/uploads\/sites\/7\/2013\/03\/saccisica15102006142.jpg\",\"contentUrl\":\"https:\/\/customer-88-99-224-156.brandprotection.zone\/saccisica-v2\/wp-content\/uploads\/sites\/7\/2013\/03\/saccisica15102006142.jpg\",\"width\":3072,\"height\":2048},{\"@type\":\"BreadcrumbList\",\"@id\":\"https:\/\/customer-88-99-224-156.brandprotection.zone\/saccisica-v2\/comuni-della-saccisica\/comuni-della-saccisica-polverara\/#breadcrumb\",\"itemListElement\":[{\"@type\":\"ListItem\",\"position\":1,\"name\":\"Home\",\"item\":\"https:\/\/customer-88-99-224-156.brandprotection.zone\/saccisica-v2\/\"},{\"@type\":\"ListItem\",\"position\":2,\"name\":\"Comuni della Saccisica\",\"item\":\"https:\/\/customer-88-99-224-156.brandprotection.zone\/saccisica-v2\/comuni-della-saccisica\/\"},{\"@type\":\"ListItem\",\"position\":3,\"name\":\"Polverara\"}]},{\"@type\":\"WebSite\",\"@id\":\"https:\/\/customer-88-99-224-156.brandprotection.zone\/saccisica-v2\/#website\",\"url\":\"https:\/\/customer-88-99-224-156.brandprotection.zone\/saccisica-v2\/\",\"name\":\"Visit Saccisica | Turismo e territorio della Saccisica\",\"description\":\"VisitSaccisica, 100% privata by TerritoriOnline SRL | +39 049 4906747\",\"potentialAction\":[{\"@type\":\"SearchAction\",\"target\":{\"@type\":\"EntryPoint\",\"urlTemplate\":\"https:\/\/customer-88-99-224-156.brandprotection.zone\/saccisica-v2\/?s={search_term_string}\"},\"query-input\":{\"@type\":\"PropertyValueSpecification\",\"valueRequired\":true,\"valueName\":\"search_term_string\"}}],\"inLanguage\":\"it-IT\"}]}<\/script>\n<!-- \/ Yoast SEO plugin. -->","yoast_head_json":{"title":"Polverara - Visit Saccisica | Turismo e territorio della Saccisica","robots":{"index":"index","follow":"follow","max-snippet":"max-snippet:-1","max-image-preview":"max-image-preview:large","max-video-preview":"max-video-preview:-1"},"canonical":"https:\/\/customer-88-99-224-156.brandprotection.zone\/saccisica-v2\/comuni-della-saccisica\/comuni-della-saccisica-polverara\/","og_locale":"it_IT","og_type":"article","og_title":"Polverara - Visit Saccisica | Turismo e territorio della Saccisica","og_description":"Da Legnaro, andando verso Bovolenta si trova Polverara. Il nome deriva da \"Popillaria\", quindi si pensa possa attenere alla Via romana \"Popillia\" che portava ad Adria.","og_url":"https:\/\/customer-88-99-224-156.brandprotection.zone\/saccisica-v2\/comuni-della-saccisica\/comuni-della-saccisica-polverara\/","og_site_name":"Visit Saccisica | Turismo e territorio della Saccisica","article_modified_time":"2018-04-24T13:04:38+00:00","og_image":[{"width":3072,"height":2048,"url":"https:\/\/customer-88-99-224-156.brandprotection.zone\/saccisica-v2\/wp-content\/uploads\/sites\/7\/2013\/03\/saccisica15102006142.jpg","type":"image\/jpeg"}],"twitter_card":"summary_large_image","twitter_misc":{"Tempo di lettura stimato":"1 minuto"},"schema":{"@context":"https:\/\/schema.org","@graph":[{"@type":"WebPage","@id":"https:\/\/customer-88-99-224-156.brandprotection.zone\/saccisica-v2\/comuni-della-saccisica\/comuni-della-saccisica-polverara\/","url":"https:\/\/customer-88-99-224-156.brandprotection.zone\/saccisica-v2\/comuni-della-saccisica\/comuni-della-saccisica-polverara\/","name":"Polverara - Visit Saccisica | Turismo e territorio della Saccisica","isPartOf":{"@id":"https:\/\/customer-88-99-224-156.brandprotection.zone\/saccisica-v2\/#website"},"primaryImageOfPage":{"@id":"https:\/\/customer-88-99-224-156.brandprotection.zone\/saccisica-v2\/comuni-della-saccisica\/comuni-della-saccisica-polverara\/#primaryimage"},"image":{"@id":"https:\/\/customer-88-99-224-156.brandprotection.zone\/saccisica-v2\/comuni-della-saccisica\/comuni-della-saccisica-polverara\/#primaryimage"},"thumbnailUrl":"https:\/\/customer-88-99-224-156.brandprotection.zone\/saccisica-v2\/wp-content\/uploads\/sites\/7\/2013\/03\/saccisica15102006142.jpg","datePublished":"2013-03-24T20:04:23+00:00","dateModified":"2018-04-24T13:04:38+00:00","breadcrumb":{"@id":"https:\/\/customer-88-99-224-156.brandprotection.zone\/saccisica-v2\/comuni-della-saccisica\/comuni-della-saccisica-polverara\/#breadcrumb"},"inLanguage":"it-IT","potentialAction":[{"@type":"ReadAction","target":["https:\/\/customer-88-99-224-156.brandprotection.zone\/saccisica-v2\/comuni-della-saccisica\/comuni-della-saccisica-polverara\/"]}]},{"@type":"ImageObject","inLanguage":"it-IT","@id":"https:\/\/customer-88-99-224-156.brandprotection.zone\/saccisica-v2\/comuni-della-saccisica\/comuni-della-saccisica-polverara\/#primaryimage","url":"https:\/\/customer-88-99-224-156.brandprotection.zone\/saccisica-v2\/wp-content\/uploads\/sites\/7\/2013\/03\/saccisica15102006142.jpg","contentUrl":"https:\/\/customer-88-99-224-156.brandprotection.zone\/saccisica-v2\/wp-content\/uploads\/sites\/7\/2013\/03\/saccisica15102006142.jpg","width":3072,"height":2048},{"@type":"BreadcrumbList","@id":"https:\/\/customer-88-99-224-156.brandprotection.zone\/saccisica-v2\/comuni-della-saccisica\/comuni-della-saccisica-polverara\/#breadcrumb","itemListElement":[{"@type":"ListItem","position":1,"name":"Home","item":"https:\/\/customer-88-99-224-156.brandprotection.zone\/saccisica-v2\/"},{"@type":"ListItem","position":2,"name":"Comuni della Saccisica","item":"https:\/\/customer-88-99-224-156.brandprotection.zone\/saccisica-v2\/comuni-della-saccisica\/"},{"@type":"ListItem","position":3,"name":"Polverara"}]},{"@type":"WebSite","@id":"https:\/\/customer-88-99-224-156.brandprotection.zone\/saccisica-v2\/#website","url":"https:\/\/customer-88-99-224-156.brandprotection.zone\/saccisica-v2\/","name":"Visit Saccisica | Turismo e territorio della Saccisica","description":"VisitSaccisica, 100% privata by TerritoriOnline SRL | +39 049 4906747","potentialAction":[{"@type":"SearchAction","target":{"@type":"EntryPoint","urlTemplate":"https:\/\/customer-88-99-224-156.brandprotection.zone\/saccisica-v2\/?s={search_term_string}"},"query-input":{"@type":"PropertyValueSpecification","valueRequired":true,"valueName":"search_term_string"}}],"inLanguage":"it-IT"}]}},"_links":{"self":[{"href":"https:\/\/customer-88-99-224-156.brandprotection.zone\/saccisica-v2\/wp-json\/wp\/v2\/pages\/57","targetHints":{"allow":["GET"]}}],"collection":[{"href":"https:\/\/customer-88-99-224-156.brandprotection.zone\/saccisica-v2\/wp-json\/wp\/v2\/pages"}],"about":[{"href":"https:\/\/customer-88-99-224-156.brandprotection.zone\/saccisica-v2\/wp-json\/wp\/v2\/types\/page"}],"author":[{"embeddable":true,"href":"https:\/\/customer-88-99-224-156.brandprotection.zone\/saccisica-v2\/wp-json\/wp\/v2\/users\/1"}],"replies":[{"embeddable":true,"href":"https:\/\/customer-88-99-224-156.brandprotection.zone\/saccisica-v2\/wp-json\/wp\/v2\/comments?post=57"}],"version-history":[{"count":3,"href":"https:\/\/customer-88-99-224-156.brandprotection.zone\/saccisica-v2\/wp-json\/wp\/v2\/pages\/57\/revisions"}],"predecessor-version":[{"id":7533,"href":"https:\/\/customer-88-99-224-156.brandprotection.zone\/saccisica-v2\/wp-json\/wp\/v2\/pages\/57\/revisions\/7533"}],"up":[{"embeddable":true,"href":"https:\/\/customer-88-99-224-156.brandprotection.zone\/saccisica-v2\/wp-json\/wp\/v2\/pages\/8259"}],"wp:featuredmedia":[{"embeddable":true,"href":"https:\/\/customer-88-99-224-156.brandprotection.zone\/saccisica-v2\/wp-json\/wp\/v2\/media\/239"}],"wp:attachment":[{"href":"https:\/\/customer-88-99-224-156.brandprotection.zone\/saccisica-v2\/wp-json\/wp\/v2\/media?parent=57"}],"curies":[{"name":"wp","href":"https:\/\/api.w.org\/{rel}","templated":true}]}}