{"id":8472,"date":"2018-05-18T09:53:07","date_gmt":"2018-05-18T07:53:07","guid":{"rendered":"https:\/\/customer-88-99-224-156.brandprotection.zone\/saccisica-v2\/?page_id=8472"},"modified":"2019-03-29T17:13:14","modified_gmt":"2019-03-29T16:13:14","slug":"attivita-della-saccisica","status":"publish","type":"page","link":"https:\/\/customer-88-99-224-156.brandprotection.zone\/saccisica-v2\/attivita-della-saccisica\/","title":{"rendered":"Attivit\u00e0 della Saccisica"},"content":{"rendered":"","protected":false},"excerpt":{"rendered":"","protected":false},"author":1,"featured_media":0,"parent":0,"menu_order":0,"comment_status":"closed","ping_status":"closed","template":"","meta":{"footnotes":""},"class_list":["post-8472","page","type-page","status-publish","hentry"],"yoast_head":"<!-- This site is optimized with the Yoast SEO plugin v24.7 - https:\/\/yoast.com\/wordpress\/plugins\/seo\/ -->\n<title>Saccisica | Aziende ed Associazioni | Vivere la Saccisica<\/title>\n<meta name=\"description\" content=\"La Saccisica \u00e8 cultura e bellezza, ma anche vita e societ\u00e0. Scopri le aziende, i negozi e le attivit\u00e0 non profit del territorio della Saccisica nella pagina dei nostri punti di interesse.\" \/>\n<meta name=\"robots\" content=\"index, follow, max-snippet:-1, max-image-preview:large, max-video-preview:-1\" \/>\n<link rel=\"canonical\" href=\"https:\/\/customer-88-99-224-156.brandprotection.zone\/saccisica-v2\/attivita-della-saccisica\/\" \/>\n<meta property=\"og:locale\" content=\"it_IT\" \/>\n<meta property=\"og:type\" content=\"article\" \/>\n<meta property=\"og:title\" content=\"Saccisica | Aziende ed Associazioni | Vivere la Saccisica\" \/>\n<meta property=\"og:description\" content=\"La Saccisica \u00e8 cultura e bellezza, ma anche vita e societ\u00e0. Scopri le aziende, i negozi e le attivit\u00e0 non profit del territorio della Saccisica nella pagina dei nostri punti di interesse.\" \/>\n<meta property=\"og:url\" content=\"https:\/\/customer-88-99-224-156.brandprotection.zone\/saccisica-v2\/attivita-della-saccisica\/\" \/>\n<meta property=\"og:site_name\" content=\"Visit Saccisica | Turismo e territorio della Saccisica\" \/>\n<meta property=\"article:modified_time\" content=\"2019-03-29T16:13:14+00:00\" \/>\n<meta name=\"twitter:card\" content=\"summary_large_image\" \/>\n<script type=\"application\/ld+json\" class=\"yoast-schema-graph\">{\"@context\":\"https:\/\/schema.org\",\"@graph\":[{\"@type\":\"WebPage\",\"@id\":\"https:\/\/customer-88-99-224-156.brandprotection.zone\/saccisica-v2\/attivita-della-saccisica\/\",\"url\":\"https:\/\/customer-88-99-224-156.brandprotection.zone\/saccisica-v2\/attivita-della-saccisica\/\",\"name\":\"Saccisica | Aziende ed Associazioni | Vivere la Saccisica\",\"isPartOf\":{\"@id\":\"https:\/\/customer-88-99-224-156.brandprotection.zone\/saccisica-v2\/#website\"},\"datePublished\":\"2018-05-18T07:53:07+00:00\",\"dateModified\":\"2019-03-29T16:13:14+00:00\",\"description\":\"La Saccisica \u00e8 cultura e bellezza, ma anche vita e societ\u00e0. Scopri le aziende, i negozi e le attivit\u00e0 non profit del territorio della Saccisica nella pagina dei nostri punti di interesse.\",\"breadcrumb\":{\"@id\":\"https:\/\/customer-88-99-224-156.brandprotection.zone\/saccisica-v2\/attivita-della-saccisica\/#breadcrumb\"},\"inLanguage\":\"it-IT\",\"potentialAction\":[{\"@type\":\"ReadAction\",\"target\":[\"https:\/\/customer-88-99-224-156.brandprotection.zone\/saccisica-v2\/attivita-della-saccisica\/\"]}]},{\"@type\":\"BreadcrumbList\",\"@id\":\"https:\/\/customer-88-99-224-156.brandprotection.zone\/saccisica-v2\/attivita-della-saccisica\/#breadcrumb\",\"itemListElement\":[{\"@type\":\"ListItem\",\"position\":1,\"name\":\"Home\",\"item\":\"https:\/\/customer-88-99-224-156.brandprotection.zone\/saccisica-v2\/\"},{\"@type\":\"ListItem\",\"position\":2,\"name\":\"Attivit\u00e0 della Saccisica\"}]},{\"@type\":\"WebSite\",\"@id\":\"https:\/\/customer-88-99-224-156.brandprotection.zone\/saccisica-v2\/#website\",\"url\":\"https:\/\/customer-88-99-224-156.brandprotection.zone\/saccisica-v2\/\",\"name\":\"Visit Saccisica | Turismo e territorio della Saccisica\",\"description\":\"VisitSaccisica, 100% privata by TerritoriOnline SRL | +39 049 4906747\",\"potentialAction\":[{\"@type\":\"SearchAction\",\"target\":{\"@type\":\"EntryPoint\",\"urlTemplate\":\"https:\/\/customer-88-99-224-156.brandprotection.zone\/saccisica-v2\/?s={search_term_string}\"},\"query-input\":{\"@type\":\"PropertyValueSpecification\",\"valueRequired\":true,\"valueName\":\"search_term_string\"}}],\"inLanguage\":\"it-IT\"}]}<\/script>\n<!-- \/ Yoast SEO plugin. -->","yoast_head_json":{"title":"Saccisica | Aziende ed Associazioni | Vivere la Saccisica","description":"La Saccisica \u00e8 cultura e bellezza, ma anche vita e societ\u00e0. Scopri le aziende, i negozi e le attivit\u00e0 non profit del territorio della Saccisica nella pagina dei nostri punti di interesse.","robots":{"index":"index","follow":"follow","max-snippet":"max-snippet:-1","max-image-preview":"max-image-preview:large","max-video-preview":"max-video-preview:-1"},"canonical":"https:\/\/customer-88-99-224-156.brandprotection.zone\/saccisica-v2\/attivita-della-saccisica\/","og_locale":"it_IT","og_type":"article","og_title":"Saccisica | Aziende ed Associazioni | Vivere la Saccisica","og_description":"La Saccisica \u00e8 cultura e bellezza, ma anche vita e societ\u00e0. Scopri le aziende, i negozi e le attivit\u00e0 non profit del territorio della Saccisica nella pagina dei nostri punti di interesse.","og_url":"https:\/\/customer-88-99-224-156.brandprotection.zone\/saccisica-v2\/attivita-della-saccisica\/","og_site_name":"Visit Saccisica | Turismo e territorio della Saccisica","article_modified_time":"2019-03-29T16:13:14+00:00","twitter_card":"summary_large_image","schema":{"@context":"https:\/\/schema.org","@graph":[{"@type":"WebPage","@id":"https:\/\/customer-88-99-224-156.brandprotection.zone\/saccisica-v2\/attivita-della-saccisica\/","url":"https:\/\/customer-88-99-224-156.brandprotection.zone\/saccisica-v2\/attivita-della-saccisica\/","name":"Saccisica | Aziende ed Associazioni | Vivere la Saccisica","isPartOf":{"@id":"https:\/\/customer-88-99-224-156.brandprotection.zone\/saccisica-v2\/#website"},"datePublished":"2018-05-18T07:53:07+00:00","dateModified":"2019-03-29T16:13:14+00:00","description":"La Saccisica \u00e8 cultura e bellezza, ma anche vita e societ\u00e0. Scopri le aziende, i negozi e le attivit\u00e0 non profit del territorio della Saccisica nella pagina dei nostri punti di interesse.","breadcrumb":{"@id":"https:\/\/customer-88-99-224-156.brandprotection.zone\/saccisica-v2\/attivita-della-saccisica\/#breadcrumb"},"inLanguage":"it-IT","potentialAction":[{"@type":"ReadAction","target":["https:\/\/customer-88-99-224-156.brandprotection.zone\/saccisica-v2\/attivita-della-saccisica\/"]}]},{"@type":"BreadcrumbList","@id":"https:\/\/customer-88-99-224-156.brandprotection.zone\/saccisica-v2\/attivita-della-saccisica\/#breadcrumb","itemListElement":[{"@type":"ListItem","position":1,"name":"Home","item":"https:\/\/customer-88-99-224-156.brandprotection.zone\/saccisica-v2\/"},{"@type":"ListItem","position":2,"name":"Attivit\u00e0 della Saccisica"}]},{"@type":"WebSite","@id":"https:\/\/customer-88-99-224-156.brandprotection.zone\/saccisica-v2\/#website","url":"https:\/\/customer-88-99-224-156.brandprotection.zone\/saccisica-v2\/","name":"Visit Saccisica | Turismo e territorio della Saccisica","description":"VisitSaccisica, 100% privata by TerritoriOnline SRL | +39 049 4906747","potentialAction":[{"@type":"SearchAction","target":{"@type":"EntryPoint","urlTemplate":"https:\/\/customer-88-99-224-156.brandprotection.zone\/saccisica-v2\/?s={search_term_string}"},"query-input":{"@type":"PropertyValueSpecification","valueRequired":true,"valueName":"search_term_string"}}],"inLanguage":"it-IT"}]}},"_links":{"self":[{"href":"https:\/\/customer-88-99-224-156.brandprotection.zone\/saccisica-v2\/wp-json\/wp\/v2\/pages\/8472","targetHints":{"allow":["GET"]}}],"collection":[{"href":"https:\/\/customer-88-99-224-156.brandprotection.zone\/saccisica-v2\/wp-json\/wp\/v2\/pages"}],"about":[{"href":"https:\/\/customer-88-99-224-156.brandprotection.zone\/saccisica-v2\/wp-json\/wp\/v2\/types\/page"}],"author":[{"embeddable":true,"href":"https:\/\/customer-88-99-224-156.brandprotection.zone\/saccisica-v2\/wp-json\/wp\/v2\/users\/1"}],"replies":[{"embeddable":true,"href":"https:\/\/customer-88-99-224-156.brandprotection.zone\/saccisica-v2\/wp-json\/wp\/v2\/comments?post=8472"}],"version-history":[{"count":3,"href":"https:\/\/customer-88-99-224-156.brandprotection.zone\/saccisica-v2\/wp-json\/wp\/v2\/pages\/8472\/revisions"}],"predecessor-version":[{"id":8476,"href":"https:\/\/customer-88-99-224-156.brandprotection.zone\/saccisica-v2\/wp-json\/wp\/v2\/pages\/8472\/revisions\/8476"}],"wp:attachment":[{"href":"https:\/\/customer-88-99-224-156.brandprotection.zone\/saccisica-v2\/wp-json\/wp\/v2\/media?parent=8472"}],"curies":[{"name":"wp","href":"https:\/\/api.w.org\/{rel}","templated":true}]}}