{"id":881,"date":"2013-05-09T22:12:41","date_gmt":"2013-05-09T21:12:41","guid":{"rendered":"http:\/\/www.saccisica.net\/?page_id=881"},"modified":"2018-01-24T22:27:39","modified_gmt":"2018-01-24T21:27:39","slug":"guariento-di-arpo","status":"publish","type":"page","link":"https:\/\/customer-88-99-224-156.brandprotection.zone\/saccisica-v2\/arte-e-cultura-in-saccisica\/guariento-di-arpo\/","title":{"rendered":"Guariento di Arpo"},"content":{"rendered":"<p style=\"text-align: justify;\"><strong>Guariento detto di Arpo (nome del padre)<\/strong> fu un pittore italiano attivo nel XIV secolo, considerato la prima personalit\u00e0 a ricoprire un vero e proprio ruolo di artista di corte nella Padova del Trecento.<\/p>\n<p style=\"text-align: justify;\">Di lui si possiedono solo notizie frammentarie: uno dei metodi pi\u00f9 idonei per approfondire questo personaggio ancora poco noto \u00e8 scavare nella sua giovinezza e nell&#8217;ambiente della sua formazione. Nacque intorno al secondo decennio del 1300 (si suppone circa nel 1310) e nel 1369 risultava gi\u00e0 deceduto.<\/p>\n<p style=\"text-align: justify;\">Il luogo di nascita \u00e8 con tutta probabilit\u00e0 <a href=\"https:\/\/customer-88-99-224-156.brandprotection.zone\/saccisica-v2\/il-territorio-della-saccisica\/comuni-della-saccisica-piove-di-sacco\/\">Piove di Sacco<\/a> anche se i primi documenti che attestano la sua attivit\u00e0 risalgono al 1338. Chiave della ricerca \u00e8 un documento notarile del 1352 di cui si era gi\u00e0 a conoscenza grazie a studi precedenti, ma con un&#8217;errata interpretazione. Per 1200 lire Tebaldo negociator del fu Francesco de Zante vendeva a Guariento una serie di immobili: i campi oggetto di scambio appartenevano <strong>al territorio della Saccisica<\/strong>, di cui gli ultimi sette confinanti con terre gi\u00e0 possedute dal magister Guarientus. Queste erano in contrada di San Francesco a Piove di Sacco.<\/p>\n<p style=\"text-align: justify;\">\u00c8 altamente plausibile quindi che in quei terreni fosse stata costruita la casa paterna dove Guariento trascorse la sua infanzia. Vi \u00e8 un&#8217;altra pergamena, appartenente ad una collezione privata, datata 1366 che conferma questa tesi: <strong>\u00e8 un certificato che nomina la presenza di Guariento e le sue propriet\u00e0 a Piove<\/strong> ed \u00e8 ulteriore prova che in quel preciso anno il pittore era ancora vivo. Gi\u00e0 nel documento del 1338, quando Guariento doveva avere poco pi\u00f9 di vent&#8217;anni, \u00e8 nominato come del \u201cfu Arpo\u201d: il padre quindi era gi\u00e0 deceduto. Il fatto che il pittore fosse rimasto orfano in giovane et\u00e0 induce a pensare che qualcun&#8217;altro lo avesse preso sotto la sua protezione. Alberto, arciprete di Piove di Sacco, fu colui che probabilmente ne comprese il genio e l&#8217;assistette durante la sua adolescenza, istruendolo (del resto, per il Duomo di Piove di Sacco, con dedica all&#8217;arciprete Alberto, Guariento esegu\u00ec nel 1344 il Polittico dell&#8217;Incoronazione, oggi alla Norton Simon Foundation).<\/p>\n\n\t\t\t<div>\n\t\t\t<style type='text\/css'>\n\t\t\t\t#gallery-1 {\n\t\t\t\t\tmargin: auto;\n\t\t\t\t}\n\t\t\t\t#gallery-1 .gallery-item {\n\t\t\t\t\tfloat: left;\n\t\t\t\t\tmargin-top: 10px;\n\t\t\t\t\ttext-align: center;\n\t\t\t\t\twidth: 16%;\n\t\t\t\t}\n\t\t\t\t#gallery-1 img {\n\t\t\t\t\tborder: 2px solid #cfcfcf;\n\t\t\t\t}\n\t\t\t\t#gallery-1 .gallery-caption {\n\t\t\t\t\tmargin-left: 0;\n\t\t\t\t}\n\t\t\t\t\/* see gallery_shortcode() in wp-includes\/media.php *\/\n\t\t\t<\/style><\/div>\n\t\t<div id='gallery-1' class='gallery galleryid-881 gallery-columns-6 gallery-size-thumbnail'><div class=\"gallery-inner-wrapper\"><dl class='gallery-item'>\n\t\t\t\t<dt class='gallery-icon portrait'>\n\t\t\t\t\t<a href='https:\/\/customer-88-99-224-156.brandprotection.zone\/saccisica-v2\/wp-content\/uploads\/sites\/7\/2013\/05\/Guariento_002.jpg'><img decoding=\"async\" width=\"150\" height=\"150\" src=\"https:\/\/customer-88-99-224-156.brandprotection.zone\/saccisica-v2\/wp-content\/uploads\/sites\/7\/2013\/05\/Guariento_002-150x150.jpg\" class=\"attachment-thumbnail size-thumbnail\" alt=\"\" srcset=\"https:\/\/customer-88-99-224-156.brandprotection.zone\/saccisica-v2\/wp-content\/uploads\/sites\/7\/2013\/05\/Guariento_002-150x150.jpg 150w, https:\/\/customer-88-99-224-156.brandprotection.zone\/saccisica-v2\/wp-content\/uploads\/sites\/7\/2013\/05\/Guariento_002-100x100.jpg 100w\" sizes=\"(max-width: 150px) 100vw, 150px\" \/><\/a>\n\t\t\t\t<\/dt><dd><\/dd><\/dl><dl class='gallery-item'>\n\t\t\t\t<dt class='gallery-icon portrait'>\n\t\t\t\t\t<a href='https:\/\/customer-88-99-224-156.brandprotection.zone\/saccisica-v2\/wp-content\/uploads\/sites\/7\/2013\/05\/Angelo_di_guariento_4_1357_museo_civico_di_padova.jpg'><img decoding=\"async\" width=\"150\" height=\"150\" src=\"https:\/\/customer-88-99-224-156.brandprotection.zone\/saccisica-v2\/wp-content\/uploads\/sites\/7\/2013\/05\/Angelo_di_guariento_4_1357_museo_civico_di_padova-150x150.jpg\" class=\"attachment-thumbnail size-thumbnail\" alt=\"\" srcset=\"https:\/\/customer-88-99-224-156.brandprotection.zone\/saccisica-v2\/wp-content\/uploads\/sites\/7\/2013\/05\/Angelo_di_guariento_4_1357_museo_civico_di_padova-150x150.jpg 150w, https:\/\/customer-88-99-224-156.brandprotection.zone\/saccisica-v2\/wp-content\/uploads\/sites\/7\/2013\/05\/Angelo_di_guariento_4_1357_museo_civico_di_padova-100x100.jpg 100w\" sizes=\"(max-width: 150px) 100vw, 150px\" \/><\/a>\n\t\t\t\t<\/dt><dd><\/dd><\/dl><dl class='gallery-item'>\n\t\t\t\t<dt class='gallery-icon portrait'>\n\t\t\t\t\t<a href='https:\/\/customer-88-99-224-156.brandprotection.zone\/saccisica-v2\/wp-content\/uploads\/sites\/7\/2013\/05\/Angelo_di_guariento_1_1357_museo_civico_di_padova.jpg'><img decoding=\"async\" width=\"150\" height=\"150\" src=\"https:\/\/customer-88-99-224-156.brandprotection.zone\/saccisica-v2\/wp-content\/uploads\/sites\/7\/2013\/05\/Angelo_di_guariento_1_1357_museo_civico_di_padova-150x150.jpg\" class=\"attachment-thumbnail size-thumbnail\" alt=\"\" srcset=\"https:\/\/customer-88-99-224-156.brandprotection.zone\/saccisica-v2\/wp-content\/uploads\/sites\/7\/2013\/05\/Angelo_di_guariento_1_1357_museo_civico_di_padova-150x150.jpg 150w, https:\/\/customer-88-99-224-156.brandprotection.zone\/saccisica-v2\/wp-content\/uploads\/sites\/7\/2013\/05\/Angelo_di_guariento_1_1357_museo_civico_di_padova-100x100.jpg 100w\" sizes=\"(max-width: 150px) 100vw, 150px\" \/><\/a>\n\t\t\t\t<\/dt><dd><\/dd><\/dl><dl class='gallery-item'>\n\t\t\t\t<dt class='gallery-icon portrait'>\n\t\t\t\t\t<a href='https:\/\/customer-88-99-224-156.brandprotection.zone\/saccisica-v2\/wp-content\/uploads\/sites\/7\/2013\/05\/Angelo_di_guariento_2_1357_museo_civico_di_padova.jpg'><img decoding=\"async\" width=\"150\" height=\"150\" src=\"https:\/\/customer-88-99-224-156.brandprotection.zone\/saccisica-v2\/wp-content\/uploads\/sites\/7\/2013\/05\/Angelo_di_guariento_2_1357_museo_civico_di_padova-150x150.jpg\" class=\"attachment-thumbnail size-thumbnail\" alt=\"\" srcset=\"https:\/\/customer-88-99-224-156.brandprotection.zone\/saccisica-v2\/wp-content\/uploads\/sites\/7\/2013\/05\/Angelo_di_guariento_2_1357_museo_civico_di_padova-150x150.jpg 150w, https:\/\/customer-88-99-224-156.brandprotection.zone\/saccisica-v2\/wp-content\/uploads\/sites\/7\/2013\/05\/Angelo_di_guariento_2_1357_museo_civico_di_padova-100x100.jpg 100w\" sizes=\"(max-width: 150px) 100vw, 150px\" \/><\/a>\n\t\t\t\t<\/dt><dd><\/dd><\/dl><dl class='gallery-item'>\n\t\t\t\t<dt class='gallery-icon portrait'>\n\t\t\t\t\t<a href='https:\/\/customer-88-99-224-156.brandprotection.zone\/saccisica-v2\/wp-content\/uploads\/sites\/7\/2013\/05\/Angelo_di_guariento_3_1357_museo_civico_di_padova.jpg'><img decoding=\"async\" width=\"150\" height=\"150\" src=\"https:\/\/customer-88-99-224-156.brandprotection.zone\/saccisica-v2\/wp-content\/uploads\/sites\/7\/2013\/05\/Angelo_di_guariento_3_1357_museo_civico_di_padova-150x150.jpg\" class=\"attachment-thumbnail size-thumbnail\" alt=\"\" srcset=\"https:\/\/customer-88-99-224-156.brandprotection.zone\/saccisica-v2\/wp-content\/uploads\/sites\/7\/2013\/05\/Angelo_di_guariento_3_1357_museo_civico_di_padova-150x150.jpg 150w, https:\/\/customer-88-99-224-156.brandprotection.zone\/saccisica-v2\/wp-content\/uploads\/sites\/7\/2013\/05\/Angelo_di_guariento_3_1357_museo_civico_di_padova-100x100.jpg 100w\" sizes=\"(max-width: 150px) 100vw, 150px\" \/><\/a>\n\t\t\t\t<\/dt><dd><\/dd><\/dl><dl class='gallery-item'>\n\t\t\t\t<dt class='gallery-icon portrait'>\n\t\t\t\t\t<a href='https:\/\/customer-88-99-224-156.brandprotection.zone\/saccisica-v2\/wp-content\/uploads\/sites\/7\/2013\/05\/Guariento_001.jpg'><img decoding=\"async\" width=\"150\" height=\"150\" src=\"https:\/\/customer-88-99-224-156.brandprotection.zone\/saccisica-v2\/wp-content\/uploads\/sites\/7\/2013\/05\/Guariento_001-150x150.jpg\" class=\"attachment-thumbnail size-thumbnail\" alt=\"\" srcset=\"https:\/\/customer-88-99-224-156.brandprotection.zone\/saccisica-v2\/wp-content\/uploads\/sites\/7\/2013\/05\/Guariento_001-150x150.jpg 150w, https:\/\/customer-88-99-224-156.brandprotection.zone\/saccisica-v2\/wp-content\/uploads\/sites\/7\/2013\/05\/Guariento_001-100x100.jpg 100w\" sizes=\"(max-width: 150px) 100vw, 150px\" \/><\/a>\n\t\t\t\t<\/dt><dd><\/dd><\/dl><br style=\"clear: both\" \/>\n\t\t\t\t<br style='clear: both;' \/>\n\t\t\t<\/div><\/div>\n\n<p style=\"text-align: justify;\">Piove al tempo era un importante centro: <strong>nel primo Trecento aveva assistito ad una vivace fioritura artistica<\/strong>, soprattutto nei luoghi sacri come la Chiesuola di Santa Maria dei Penitenti e la Chiesa di San Nicol\u00f2. Guariento, giovanissimo, impar\u00f2 qui l&#8217;arte di dipingere e poi, spostandosi a Padova, mise alla prova le sue conoscenze, potenziando le sue capacit\u00e0. Si form\u00f2 forse alla scuola dei riminesi attivi a Padova nel terzo decennio. La sua attivit\u00e0 si estese anche a Venezia ed esegu\u00ec degli affreschi a Bolzano, purtroppo distrutti nel 1944. La sua unica opera firmata \u00e8 la Croce ora al Museo di Bassano, databile 1331-1332. Coevo \u00e8 anche il Busto del Redentore di Padova, superstite tabellone superiore di una croce dipinta, con forti influssi giotteschi. Intorno al 1351 esegu\u00ec la decorazione delle tombe di Ubertino e Jacopo da Carrara, la cui parte scultorea fu affidata al veneziano Andriolo de Santi. I sepolcri dei due principi si trovavano nella chiesa di Sant&#8217;Agostino e, dopo la distruzione nell&#8217;Ottocento, furono trasportati agli Eremitani. In questa commissione <strong>Guariento dimostra una notevole abilit\u00e0 ritrattistica<\/strong>, mentre il colorismo \u00e8 delicato e raffinato. Verso la met\u00e0 del secolo il pittore ebbe contatti con l&#8217;ambiente veneziano: erano i gloriosi anni del dogado di Andrea Dandolo, un signore colto e moderno, che teneva corrispondenza epistolare con Francesco Petrarca. Quest&#8217;ultimo, dal 1349, soggiornava a Padova. Gli influssi bizantineggianti sono evidenti in una delle opere pi\u00f9 ambiziose di Guariento: la decorazione della cappella privata dei Carraresi, ora sede dell&#8217;Accademia Galieliana.<\/p>\n<p style=\"text-align: justify;\">In questo periodo approfond\u00ec le sue conoscenze matematiche e prospettiche, discipline allora studiate all&#8217;Universit\u00e0 patavina. Verso il 1361, a testimonianza della fama raggiunta, esegu\u00ec delle figure allegoriche per la tomba del Doge Dolfin nella Chiesa dei Santi Giovanni e Paolo a Venezia, molto vicine a quelle dello zoccolo della <strong>decorazione dell&#8217;abside maggiore della Chiesa degli Eremitani<\/strong>, 2 affreschi compiuti agli inizi del settimo decennio del Trecento, certamente prima del 1367, e che dimostrano una comprensione matura della prospettiva. Il ciclo padovano purtroppo fu rovinato per pi\u00f9 della met\u00e0 nel fatale bombardamento del 1944 che distrusse anche la cappella Ovetari (rimane oggi la parete sinistra del presbiterio, a partire dall&#8217;arco di accesso, una modestissima zona dell&#8217;abside e della zona inferiore del carino absidale a sinistra). Intorno agli anni Sessanta Guariento comp\u00ec un viaggio a Venezia, nel corso del quale dimostr\u00f2 la sua padronanza nella pittura: si tratta del celebre Paradiso dipinto nel 1366-1367 per Palazzo Ducale, gravemente danneggiato nel 1577 e ricoperto dalla tela del Tintoretto di analogo soggetto. \u00c8 l&#8217;opera che diede al pittore piovese la maggior fama e fu celebrata dagli scrittori veneziani e non solo, data l&#8217;influenza che esercit\u00f2 sull&#8217;arte lagunare fino all&#8217;inizio del Quattrocento. Altre opere collocabili in anni avanzati dell&#8217;attivit\u00e0 sono <strong>le Madonne di Londra, Berlino e New York<\/strong> nelle quali si cogli un&#8217;accentuazione degli elementi gotici e della profondit\u00e0 dell&#8217;ambientazione. Nel 1367 Guariento, a Padova doveva essere definitivamente tornato. Qualche critico gli attribuisce almeno l&#8217;inizio delle decorazione della sala degli Uomini Illustri nella reggia dei da Carrara, continuata e terminata, dicono, da Avanzo, arrivato da poco da Verona.<\/p>\n<p style=\"text-align: justify;\">In questi anni Guariento terminava la sua carriera, tutta tesa in una continua ricerca di un sempre pi\u00f9 raffinato linguaggio gotico, intriso di aspetti \u201ccortesi\u201d e con forti slanci verso il gotico internazionale. Avrebbe lasciato il posto ai pittori della nuova generazione trecentesca attivi anch&#8217;essi nella Padova carrarese, vale a dire <strong>Avanzo, Altichiero e Giusto de&#8217; Menabuoi,<\/strong> artisti che si appellarono soprattutto alla volumetria giottesca senza formalismi gotici e sottigliezze grafiche. Guariento nel 1369 risulta gi\u00e0 morto.<\/p>\n","protected":false},"excerpt":{"rendered":"<p>Guariento detto di Arpo (nome del padre) fu un pittore italiano attivo nel XIV secolo, considerato la prima personalit\u00e0 a ricoprire un vero e proprio ruolo di artista di corte nella Padova del Trecento. Di lui si possiedono solo notizie frammentarie: uno dei metodi pi\u00f9 idonei per approfondire questo personaggio ancora poco noto \u00e8 scavare [&hellip;]<\/p>\n","protected":false},"author":1,"featured_media":0,"parent":93,"menu_order":0,"comment_status":"open","ping_status":"open","template":"","meta":{"footnotes":""},"class_list":["post-881","page","type-page","status-publish","hentry"],"yoast_head":"<!-- This site is optimized with the Yoast SEO plugin v24.7 - https:\/\/yoast.com\/wordpress\/plugins\/seo\/ -->\n<title>Guariento di Arpo - Visit Saccisica | Turismo e territorio della Saccisica<\/title>\n<meta name=\"robots\" content=\"index, follow, max-snippet:-1, max-image-preview:large, max-video-preview:-1\" \/>\n<link rel=\"canonical\" href=\"https:\/\/customer-88-99-224-156.brandprotection.zone\/saccisica-v2\/arte-e-cultura-in-saccisica\/guariento-di-arpo\/\" \/>\n<meta property=\"og:locale\" content=\"it_IT\" \/>\n<meta property=\"og:type\" content=\"article\" \/>\n<meta property=\"og:title\" content=\"Guariento di Arpo - Visit Saccisica | Turismo e territorio della Saccisica\" \/>\n<meta property=\"og:description\" content=\"Guariento detto di Arpo (nome del padre) fu un pittore italiano attivo nel XIV secolo, considerato la prima personalit\u00e0 a ricoprire un vero e proprio ruolo di artista di corte nella Padova del Trecento. Di lui si possiedono solo notizie frammentarie: uno dei metodi pi\u00f9 idonei per approfondire questo personaggio ancora poco noto \u00e8 scavare [&hellip;]\" \/>\n<meta property=\"og:url\" content=\"https:\/\/customer-88-99-224-156.brandprotection.zone\/saccisica-v2\/arte-e-cultura-in-saccisica\/guariento-di-arpo\/\" \/>\n<meta property=\"og:site_name\" content=\"Visit Saccisica | Turismo e territorio della Saccisica\" \/>\n<meta property=\"article:modified_time\" content=\"2018-01-24T21:27:39+00:00\" \/>\n<meta property=\"og:image\" content=\"https:\/\/customer-88-99-224-156.brandprotection.zone\/saccisica-v2\/wp-content\/uploads\/sites\/7\/2013\/05\/Guariento_002-150x150.jpg\" \/>\n<meta name=\"twitter:card\" content=\"summary_large_image\" \/>\n<meta name=\"twitter:label1\" content=\"Tempo di lettura stimato\" \/>\n\t<meta name=\"twitter:data1\" content=\"4 minuti\" \/>\n<script type=\"application\/ld+json\" class=\"yoast-schema-graph\">{\"@context\":\"https:\/\/schema.org\",\"@graph\":[{\"@type\":\"WebPage\",\"@id\":\"https:\/\/customer-88-99-224-156.brandprotection.zone\/saccisica-v2\/arte-e-cultura-in-saccisica\/guariento-di-arpo\/\",\"url\":\"https:\/\/customer-88-99-224-156.brandprotection.zone\/saccisica-v2\/arte-e-cultura-in-saccisica\/guariento-di-arpo\/\",\"name\":\"Guariento di Arpo - Visit Saccisica | Turismo e territorio della Saccisica\",\"isPartOf\":{\"@id\":\"https:\/\/customer-88-99-224-156.brandprotection.zone\/saccisica-v2\/#website\"},\"datePublished\":\"2013-05-09T21:12:41+00:00\",\"dateModified\":\"2018-01-24T21:27:39+00:00\",\"breadcrumb\":{\"@id\":\"https:\/\/customer-88-99-224-156.brandprotection.zone\/saccisica-v2\/arte-e-cultura-in-saccisica\/guariento-di-arpo\/#breadcrumb\"},\"inLanguage\":\"it-IT\",\"potentialAction\":[{\"@type\":\"ReadAction\",\"target\":[\"https:\/\/customer-88-99-224-156.brandprotection.zone\/saccisica-v2\/arte-e-cultura-in-saccisica\/guariento-di-arpo\/\"]}]},{\"@type\":\"BreadcrumbList\",\"@id\":\"https:\/\/customer-88-99-224-156.brandprotection.zone\/saccisica-v2\/arte-e-cultura-in-saccisica\/guariento-di-arpo\/#breadcrumb\",\"itemListElement\":[{\"@type\":\"ListItem\",\"position\":1,\"name\":\"Home\",\"item\":\"https:\/\/customer-88-99-224-156.brandprotection.zone\/saccisica-v2\/\"},{\"@type\":\"ListItem\",\"position\":2,\"name\":\"Personaggi della Saccisica\",\"item\":\"https:\/\/customer-88-99-224-156.brandprotection.zone\/saccisica-v2\/arte-e-cultura-in-saccisica\/\"},{\"@type\":\"ListItem\",\"position\":3,\"name\":\"Guariento di Arpo\"}]},{\"@type\":\"WebSite\",\"@id\":\"https:\/\/customer-88-99-224-156.brandprotection.zone\/saccisica-v2\/#website\",\"url\":\"https:\/\/customer-88-99-224-156.brandprotection.zone\/saccisica-v2\/\",\"name\":\"Visit Saccisica | Turismo e territorio della Saccisica\",\"description\":\"VisitSaccisica, 100% privata by TerritoriOnline SRL | +39 049 4906747\",\"potentialAction\":[{\"@type\":\"SearchAction\",\"target\":{\"@type\":\"EntryPoint\",\"urlTemplate\":\"https:\/\/customer-88-99-224-156.brandprotection.zone\/saccisica-v2\/?s={search_term_string}\"},\"query-input\":{\"@type\":\"PropertyValueSpecification\",\"valueRequired\":true,\"valueName\":\"search_term_string\"}}],\"inLanguage\":\"it-IT\"}]}<\/script>\n<!-- \/ Yoast SEO plugin. -->","yoast_head_json":{"title":"Guariento di Arpo - Visit Saccisica | Turismo e territorio della Saccisica","robots":{"index":"index","follow":"follow","max-snippet":"max-snippet:-1","max-image-preview":"max-image-preview:large","max-video-preview":"max-video-preview:-1"},"canonical":"https:\/\/customer-88-99-224-156.brandprotection.zone\/saccisica-v2\/arte-e-cultura-in-saccisica\/guariento-di-arpo\/","og_locale":"it_IT","og_type":"article","og_title":"Guariento di Arpo - Visit Saccisica | Turismo e territorio della Saccisica","og_description":"Guariento detto di Arpo (nome del padre) fu un pittore italiano attivo nel XIV secolo, considerato la prima personalit\u00e0 a ricoprire un vero e proprio ruolo di artista di corte nella Padova del Trecento. Di lui si possiedono solo notizie frammentarie: uno dei metodi pi\u00f9 idonei per approfondire questo personaggio ancora poco noto \u00e8 scavare [&hellip;]","og_url":"https:\/\/customer-88-99-224-156.brandprotection.zone\/saccisica-v2\/arte-e-cultura-in-saccisica\/guariento-di-arpo\/","og_site_name":"Visit Saccisica | Turismo e territorio della Saccisica","article_modified_time":"2018-01-24T21:27:39+00:00","og_image":[{"url":"https:\/\/customer-88-99-224-156.brandprotection.zone\/saccisica-v2\/wp-content\/uploads\/sites\/7\/2013\/05\/Guariento_002-150x150.jpg","type":"","width":"","height":""}],"twitter_card":"summary_large_image","twitter_misc":{"Tempo di lettura stimato":"4 minuti"},"schema":{"@context":"https:\/\/schema.org","@graph":[{"@type":"WebPage","@id":"https:\/\/customer-88-99-224-156.brandprotection.zone\/saccisica-v2\/arte-e-cultura-in-saccisica\/guariento-di-arpo\/","url":"https:\/\/customer-88-99-224-156.brandprotection.zone\/saccisica-v2\/arte-e-cultura-in-saccisica\/guariento-di-arpo\/","name":"Guariento di Arpo - Visit Saccisica | Turismo e territorio della Saccisica","isPartOf":{"@id":"https:\/\/customer-88-99-224-156.brandprotection.zone\/saccisica-v2\/#website"},"datePublished":"2013-05-09T21:12:41+00:00","dateModified":"2018-01-24T21:27:39+00:00","breadcrumb":{"@id":"https:\/\/customer-88-99-224-156.brandprotection.zone\/saccisica-v2\/arte-e-cultura-in-saccisica\/guariento-di-arpo\/#breadcrumb"},"inLanguage":"it-IT","potentialAction":[{"@type":"ReadAction","target":["https:\/\/customer-88-99-224-156.brandprotection.zone\/saccisica-v2\/arte-e-cultura-in-saccisica\/guariento-di-arpo\/"]}]},{"@type":"BreadcrumbList","@id":"https:\/\/customer-88-99-224-156.brandprotection.zone\/saccisica-v2\/arte-e-cultura-in-saccisica\/guariento-di-arpo\/#breadcrumb","itemListElement":[{"@type":"ListItem","position":1,"name":"Home","item":"https:\/\/customer-88-99-224-156.brandprotection.zone\/saccisica-v2\/"},{"@type":"ListItem","position":2,"name":"Personaggi della Saccisica","item":"https:\/\/customer-88-99-224-156.brandprotection.zone\/saccisica-v2\/arte-e-cultura-in-saccisica\/"},{"@type":"ListItem","position":3,"name":"Guariento di Arpo"}]},{"@type":"WebSite","@id":"https:\/\/customer-88-99-224-156.brandprotection.zone\/saccisica-v2\/#website","url":"https:\/\/customer-88-99-224-156.brandprotection.zone\/saccisica-v2\/","name":"Visit Saccisica | Turismo e territorio della Saccisica","description":"VisitSaccisica, 100% privata by TerritoriOnline SRL | +39 049 4906747","potentialAction":[{"@type":"SearchAction","target":{"@type":"EntryPoint","urlTemplate":"https:\/\/customer-88-99-224-156.brandprotection.zone\/saccisica-v2\/?s={search_term_string}"},"query-input":{"@type":"PropertyValueSpecification","valueRequired":true,"valueName":"search_term_string"}}],"inLanguage":"it-IT"}]}},"_links":{"self":[{"href":"https:\/\/customer-88-99-224-156.brandprotection.zone\/saccisica-v2\/wp-json\/wp\/v2\/pages\/881","targetHints":{"allow":["GET"]}}],"collection":[{"href":"https:\/\/customer-88-99-224-156.brandprotection.zone\/saccisica-v2\/wp-json\/wp\/v2\/pages"}],"about":[{"href":"https:\/\/customer-88-99-224-156.brandprotection.zone\/saccisica-v2\/wp-json\/wp\/v2\/types\/page"}],"author":[{"embeddable":true,"href":"https:\/\/customer-88-99-224-156.brandprotection.zone\/saccisica-v2\/wp-json\/wp\/v2\/users\/1"}],"replies":[{"embeddable":true,"href":"https:\/\/customer-88-99-224-156.brandprotection.zone\/saccisica-v2\/wp-json\/wp\/v2\/comments?post=881"}],"version-history":[{"count":2,"href":"https:\/\/customer-88-99-224-156.brandprotection.zone\/saccisica-v2\/wp-json\/wp\/v2\/pages\/881\/revisions"}],"predecessor-version":[{"id":7299,"href":"https:\/\/customer-88-99-224-156.brandprotection.zone\/saccisica-v2\/wp-json\/wp\/v2\/pages\/881\/revisions\/7299"}],"up":[{"embeddable":true,"href":"https:\/\/customer-88-99-224-156.brandprotection.zone\/saccisica-v2\/wp-json\/wp\/v2\/pages\/93"}],"wp:attachment":[{"href":"https:\/\/customer-88-99-224-156.brandprotection.zone\/saccisica-v2\/wp-json\/wp\/v2\/media?parent=881"}],"curies":[{"name":"wp","href":"https:\/\/api.w.org\/{rel}","templated":true}]}}