{"id":396,"date":"2013-03-26T22:14:54","date_gmt":"2013-03-26T21:14:54","guid":{"rendered":"http:\/\/www.saccisica.net\/?page_id=396"},"modified":"2013-03-26T22:14:54","modified_gmt":"2013-03-26T21:14:54","slug":"site-policy","status":"publish","type":"page","link":"https:\/\/customer-88-99-224-156.brandprotection.zone\/saccisicaonline\/site-policy\/","title":{"rendered":"Note legali"},"content":{"rendered":"<p><strong>Premessa generale<\/strong><\/p>\n<p>Il presente sito ed i suoi stessi contenuti sono stati predisposti e verranno disciplinati in conformit\u00e0 alle leggi vigenti nella Repubblica Italiana. Nel caso in cui l&#8217;utente non intenda accettare, in tutto o in parte, le condizioni di seguito precisate, \u00e8 tenuto ad interrompere la consultazione del sito.<\/p>\n<p><strong>Disclaimer sui contenuti del presente sito<\/strong><\/p>\n<p>Il presente sito \u00e8 di propriet\u00e0 di Puntonet Servizi SRL con sede legale in Via antonio Gramsci, 23 &#8211; Piove di Sacco (PD) che lo gestisce riservandosi, con piena discrezionalit\u00e0 nei limiti di legge, il diritto di modificare, sospendere o annullare, liberamente e senza preavviso, termini, condizioni o contenuti del presente sito.<\/p>\n<p>Puntonet Servizi SRL pubblica il materiale consueto nel sito nell\u2019ambito dell\u2019attivit\u00e0 informativa. Puntonet Servizi SRL Non garantisce che i contenuti presenti nel sito possano essere idonei a qualsivoglia scopo e\/o utilizzo particolare degli utenti e non risponde di eventuali danni o mancati guadagni derivanti dall&#8217;utilizzo delle informazioni contenute nel sito da parte dagli utenti.<\/p>\n<p><strong>Disclaimer sull\u2019accesso e l\u2019utilizzo dei contenuti del presente sito<\/strong><\/p>\n<p>Puntonet Servizi SRL assicura che il presente sito \u00e8 stato configurato e per quanto possibile verr\u00e0 gestito applicando ogni ragionevole tecnica e strumento idonei a garantire una corretta e continua operativit\u00e0 dello stesso. Tuttavia, anche in relazione all&#8217;attuale stato delle conoscenze e della tecnica, Puntonet Servizi SRL non pu\u00f2 escludere che si verifichino talvolta malfunzionamenti e\/o difetti di trasmissione. Conseguentemente, entrando nel sito, l&#8217;Utente accetta quanto segue: a) il sito o parti di esso potrebbero essere inaccessibili temporaneamente a causa di malfunzionamenti e\/o difetti di connessione o comunque di eventi al di fuori dal controllo di Puntonet Servizi SRL b) Puntonet Servizi SRL salvo ove eventualmente specificato, non ha alcun controllo sulla natura o il contenuto delle informazioni dei programmi trasmessi o ricevuti dall&#8217;Utente utilizzando il sito n\u00e9 esamina in alcun modo la modalit\u00e0 di utilizzo del sito; c) Puntonet Servizi SRL non \u00e8 responsabile per il materiale utilizzato e\/o le condotte tenute dagli Utenti durante la navigazione nel sito; d) Puntonet Servizi SRL non si assume alcuna responsabilit\u00e0 relativamente alla trasmissione sull&#8217;elaboratore dell&#8217;Utente di eventuali virus e contenuti comunque dannosi originati da terzi.<\/p>\n<p>Accedendo al sito, L&#8217;Utente si obbliga a:<\/p>\n<p>a) non utilizzare il sito o il materiale in esso inserito per perseguire scopi illegali ovvero quale strumento per divulgare o diffondere in qualsiasi modo materiale o contenuti preordinati alla commissione di attivit\u00e0 illecita;<\/p>\n<p>b) non utilizzare il sito in modo da interrompere, danneggiare o rendere meno efficiente una parte o la totalit\u00e0 di esso o in modo da danneggiare in qualche modo l&#8217;efficacia o la funzionalit\u00e0 del sito;<\/p>\n<p>c) non utilizzare il sito per la trasmissione o il collocamento di virus o qualsiasi altro materiale diffamatorio, offensivo, osceno o minaccioso o che in qualche modo possa creare fastidio, disturbo o qualsivoglia pregiudizio;<\/p>\n<p>d) non utilizzare il sito in modo da compiere atti comunque illeciti a danno di persone fisiche o giuridiche (compresi i diritti di copyright o riservatezza);<\/p>\n<p>e) non utilizzare il sito per trasmettere materiale a scopo pubblicitario e\/o promozionale senza il permesso scritto di Puntonet Servizi SRL<\/p>\n<p><strong>Regole relative alla creazione di Link al sito http:\/\/www.saccisica.net e\/o verso altri siti di terzi<\/strong><\/p>\n<p>Non \u00e8 consentito agli Utenti e a terzi creare dei collegamenti (links) al presente sito senza la preventiva approvazione per iscritto di Puntonet Servizi SRL . In ogni caso, Puntonet Servizi SRL si riserva il diritto di chiedere che vengano rimossi in qualsiasi momento i collegamenti (links) al presente sito.<\/p>\n<p>Questo sito potr\u00e0 contenere links verso siti esterni di titolarit\u00e0 di terzi. Detti siti di terzi, accessibili dall&#8217;Utente attivando il link ed uscendo dal presente sito, non sono sotto il controllo di Puntonet Servizi SRL. che, pertanto, non \u00e8 responsabile per i contenuti presenti nei suddetti siti n\u00e9 potr\u00e0 in alcuna maniera garantire il loro corretto funzionamento.<\/p>\n<p>L&#8217;inserimento di un qualsiasi link non implica alcuna approvazione dei contenuti dei siti collegati da parte di Puntonet Servizi SRL . L&#8217;Utente, pertanto, \u00e8 tenuto a prendere conoscenza e rispettare le condizioni d&#8217;uso vigenti in detti siti di terzi. Parimenti, qualsivoglia attivazione di links al presente sito, anche se autorizzata da Puntonet Servizi SRL , non implica da parte di quest&#8217;ultima alcuna approvazione dei contenuti presenti sul sito collegato n\u00e9 tantomeno alcuna deroga alle presenti Condizioni d&#8217;Uso.<\/p>\n<p><strong>Utilizzo di Cookies<\/strong><\/p>\n<p>Questo sito utilizza &#8220;cookies&#8221;. I &#8220;cookies&#8221; sono informazioni che potrebbero essere immagazzinate dal browser dell&#8217;utente sull&#8217;hard disk e che consentono di individuare alcune caratteristiche del navigatore. La maggior parte dei browsers in uso accetta automaticamente i &#8220;cookies&#8221; ma l&#8217;utente pu\u00f2 configurare il proprio browser diversamente. In tale ultimo caso l&#8217;utente potr\u00e0 non avere accesso ai contenuti del sito.<\/p>\n<p><strong>Copyright , Marchi e tutela del Diritto D\u2019autore.<\/strong><\/p>\n<p>Il proprietario del materiale pubblicato nel presente sito \u00e8 Puntonet Servizi SRL &#8211; Tutti i diritti sono riservati &#8211; eccetto dove specificamente indicato.<\/p>\n<p>Il sito www.saccisica.net e con esso tutti i suoi contenuti anche parziali, le &#8220;banche dati&#8221; ivi rinvenibili ed utilizzate ed il relativo sistema di consultazione sono tutelati a norma del diritto italiano ed in particolare dalla legge 22 aprile 1941 n. 633 e successive modifiche, concernente la protezione del diritto d&#8217;autore e dei diritti connessi e, salvo ove non diversamente precisato, appartengono in via esclusiva a Puntonet Servizi SRL . Pertanto gli atti di riproduzione e distribuzione, anche parziali, che non siano stati autorizzati dagli aventi diritto sono perseguibili civilmente e penalmente, ai sensi della citata legge,.<\/p>\n<p>Salvi i limiti previsti dalla vigente normativa, la riproduzione anche solo parziale del sito e\/o dei suoi contenuti con qualsiasi mezzo, tecnica e\/o strumento \u00e8 espressamente vietata senza il preventivo consenso scritto di Puntonet Servizi SRL Le richieste di consenso potranno essere indirizzate al seguente indirizzo di posta elettronica: info@puntonet.tv<\/p>\n<p>Sono consentite citazioni parziali a titolo di cronaca, critica o recensione, purch\u00e9 accompagnate dal nome dell&#8217;autore e dall&#8217;indicazione della fonte &#8220;Saccisica.net&#8221; e del nome di dominio: http:\/\/www.saccisica.net<\/p>\n<p>Il materiale e le informazioni fornite da Puntonet Servizi SRL su questo sito sono messe a disposizione dell&#8217;utente, salvo ove non diversamente precisato, esclusivamente per uso personale. Non \u00e8 consentita, neppure in parte, alcuna forma di scaricamento o downloading se non laddove ci\u00f2 sia espressamente autorizzato onde consentire la fruizione del servizio offerto. Non \u00e8 consentito neppure l&#8217;utilizzo di tecniche di framing che abbiano ad oggetto il sito, parte di esso e\/o i suoi contenuti.<\/p>\n<p>Tutti i diritti di autore e di propriet\u00e0 intellettuale relativi alla configurazione, al contenuto e all&#8217;organizzazione del sito appartengono in via esclusiva agli aventi diritto e per essi all\u2019editore Puntonet Servizi SRL<\/p>\n<p>I marchi ed i segni distintivi dei prodotti editoriali presenti sul sito, salvo diversa indicazione, sono di titolarit\u00e0 di Puntonet Servizi SRL . E&#8217; fatto assoluto divieto di utilizzare detti marchi e segni distintivi nonch\u00e9 metatags e\/o hidden texts contenenti i marchi e segni distintivi senza preventiva espressa autorizzazione scritta del titolare.<\/p>\n<h1>Privacy Policy<\/h1>\n<p style=\"text-align: justify\">Ai sensi dell&#8217;articolo 13 D.Lgs. 30 giugno 2003, n. 196, (recante il &#8220;Codice in materia di trattamento dei dati personali&#8221;), La informiamo di quanto segue:<\/p>\n<p style=\"text-align: justify\">I dati da Lei forniti (da qui in poi i &#8220;Dati&#8221;) nelle apposite rubriche del Sito, potranno essere trattati nel rispetto della Legge e degli obblighi di riservatezza. I Dati saranno trattati per le finalit\u00e0 di seguito indicate: attivit\u00e0 contabili, fiscali, commerciali, di marketing, statistiche, invio di informazioni relative ai servizi e alle funzionalit\u00e0 del sito www.saccisica.net.<\/p>\n<p style=\"text-align: justify\">I dati saranno trattati con finalit\u00e0 di invio di materiale pubblicitario a mezzo posta elettronica solo in caso di adesione dell&#8217;utente al servizio di newsletter. In relazione alle indicate finalit\u00e0, il Trattamento dei Dati avverr\u00e0 attraverso strumenti informatici e\/o telematici, ovvero su supporto cartaceo, e comunque mediante strumenti idonei a garantirne la sicurezza e la riservatezza.<\/p>\n<p style=\"text-align: justify\">Societ\u00e0 titolare del trattamento dei dati \u00e8 la stessa Puntonet Servizi SRL, Via Antonio Gramsci, 23 &#8211; 35028 Piove di Sacco (PD) I Dati potranno essere comunicati, per le finalit\u00e0 di Trattamento sopra elencate, a persone fisiche o giuridiche, enti o consorzi, nominati da Puntonet Servizi srl per fornire servizi elaborativi, strumentali o di supporto a quelli di Puntonet Servizi srl, in particolare: societ\u00e0 che svolgono servizi informatici, contabili, commerciali, gestionali, assicurativi, bancari e finanziari, periti, consulenti, legali, organismi associativi e amministrazioni pubbliche italiani e stranieri anche extracomunitari.<\/p>\n<p style=\"text-align: justify\">Potranno altres\u00ec essere comunicati a societ\u00e0 controllate e\/o collegate, anche indirettamente, a Puntonet Servizi srl con le stesse finalit\u00e0 sopraindicate. I dati non verranno mai comunicati a societ\u00e0 esterne con finalit\u00e0 diverse da quelle indicate e in particolare non verranno comunicati a societ\u00e0 esterne che abbiano il fine di utilizzarli per invio di materiale promozionale o pubblicitario o per attivit\u00e0 di vendita diretta. Un elenco dettagliato dei soggetti ai quali i dati possono essere comunicati \u00e8 disponibile presso gli uffici di Puntonet Servizi srl. Si segnala che Puntonet Servizi srl non \u00e8 titolare dell&#8217;autorizzazione al trattamento dei dati sensibili (ai sensi dell&#8217;art. 22 della Legge) e pertanto si prega di non inserire nelle apposite caselle tutti quei dati personali idonei a rivelare l&#8217;origine etnica, le convinzioni religiose, filosofiche o di altro genere, le opinioni politiche, l&#8217;adesione a partiti, sindacati associazioni od organizzazioni a carattere religioso, filosofico, politico o sindacale, nonch\u00e8 idonei a rivelare lo stato di salute e la vita sessuale. Si segnala che il sito di Puntonet Servizi SRL utilizza la tecnologia dei cookie di sessione al fine di assicurare con certezza le operazioni di login agli utenti del presente sito. Tale cookie pu\u00f2 essere disattivato disabilitando l&#8217;accettazione dei cookie nel proprio browser. La disabilitazione dei cookie non consente l&#8217;utilizzo di tutte le funzionalit\u00e0 del sito.<\/p>\n<p style=\"text-align: justify\">Oltre ai dati conferiti dal cliente mediante compilazione di form sul sito o invio di messaggi di posta elettronica, Puntonet Servizi srl registra i dati relativi alla navigazione a fini statistici interni. Tali dati vengono registrati esclusivamente per gli utenti che hanno effettauto il login, in modo manuale od automatico. L&#8217;utente che non desiderasse la registrazione di tali dati pu\u00f2 evitarla navigando il sito in forma anonima.<\/p>\n<p style=\"text-align: justify\">L&#8217;utente pu\u00f2 comunque richiedere in ogni momento la cancellazione di tali dati. Puntonet Servizi srl La informa altres\u00ec che, in relazione al predetto Trattamento, Lei potr\u00e0 esercitare i diritti previsti all&#8217;art. 13 della Legge, tra cui, in particolare, il diritto di conoscere i Suoi dati personali registrati, ottenerne l&#8217;aggiornamento, la rettifica o l&#8217;integrazione, opporsi a trattamenti di dati illegittimi o per fini diversi da quelli indicati in questa informativa.<\/p>\n<p style=\"text-align: justify\">Per qualsiasi richiesta Potete scrivere al titolare del trattamento all&#8217;indirizzo info@puntonet.tv Puntonet Servizi srl La informa infine che il conferimento dei Suoi Dati \u00e9 facoltativo. Tuttavia l&#8217;eventuale rifiuto ad autorizzarne il Trattamento e la comunicazione ai soggetti appartenenti alle summenzionate categorie comporter\u00e0 la impossibilit\u00e0 di effettuare l&#8217;acquisto richiesto.<\/p>\n","protected":false},"excerpt":{"rendered":"<p>Premessa generale Il presente sito ed i suoi stessi contenuti sono stati predisposti e verranno disciplinati in conformit\u00e0 alle leggi vigenti nella Repubblica Italiana. Nel caso in cui l&#8217;utente non intenda accettare, in tutto o in parte, le condizioni di seguito precisate, \u00e8 tenuto ad interrompere la consultazione del sito. Disclaimer sui contenuti del presente [&hellip;]<\/p>\n","protected":false},"author":1,"featured_media":0,"parent":0,"menu_order":0,"comment_status":"open","ping_status":"open","template":"","meta":{"_et_pb_use_builder":"","_et_pb_old_content":"","_et_gb_content_width":"","footnotes":""},"class_list":["post-396","page","type-page","status-publish","hentry"],"yoast_head":"<!-- This site is optimized with the Yoast SEO plugin v24.7 - https:\/\/yoast.com\/wordpress\/plugins\/seo\/ -->\n<title>Note legali - Saccisica Online<\/title>\n<meta name=\"robots\" content=\"index, follow, max-snippet:-1, max-image-preview:large, max-video-preview:-1\" \/>\n<link rel=\"canonical\" href=\"https:\/\/customer-88-99-224-156.brandprotection.zone\/saccisicaonline\/site-policy\/\" \/>\n<meta property=\"og:locale\" content=\"it_IT\" \/>\n<meta property=\"og:type\" content=\"article\" \/>\n<meta property=\"og:title\" content=\"Note legali - Saccisica Online\" \/>\n<meta property=\"og:description\" content=\"Premessa generale Il presente sito ed i suoi stessi contenuti sono stati predisposti e verranno disciplinati in conformit\u00e0 alle leggi vigenti nella Repubblica Italiana. Nel caso in cui l&#8217;utente non intenda accettare, in tutto o in parte, le condizioni di seguito precisate, \u00e8 tenuto ad interrompere la consultazione del sito. Disclaimer sui contenuti del presente [&hellip;]\" \/>\n<meta property=\"og:url\" content=\"https:\/\/customer-88-99-224-156.brandprotection.zone\/saccisicaonline\/site-policy\/\" \/>\n<meta property=\"og:site_name\" content=\"Saccisica Online\" \/>\n<meta name=\"twitter:card\" content=\"summary_large_image\" \/>\n<meta name=\"twitter:label1\" content=\"Tempo di lettura stimato\" \/>\n\t<meta name=\"twitter:data1\" content=\"9 minuti\" \/>\n<script type=\"application\/ld+json\" class=\"yoast-schema-graph\">{\"@context\":\"https:\/\/schema.org\",\"@graph\":[{\"@type\":\"WebPage\",\"@id\":\"https:\/\/customer-88-99-224-156.brandprotection.zone\/saccisicaonline\/site-policy\/\",\"url\":\"https:\/\/customer-88-99-224-156.brandprotection.zone\/saccisicaonline\/site-policy\/\",\"name\":\"Note legali - Saccisica Online\",\"isPartOf\":{\"@id\":\"https:\/\/customer-88-99-224-156.brandprotection.zone\/saccisicaonline\/#website\"},\"datePublished\":\"2013-03-26T21:14:54+00:00\",\"breadcrumb\":{\"@id\":\"https:\/\/customer-88-99-224-156.brandprotection.zone\/saccisicaonline\/site-policy\/#breadcrumb\"},\"inLanguage\":\"it-IT\",\"potentialAction\":[{\"@type\":\"ReadAction\",\"target\":[\"https:\/\/customer-88-99-224-156.brandprotection.zone\/saccisicaonline\/site-policy\/\"]}]},{\"@type\":\"BreadcrumbList\",\"@id\":\"https:\/\/customer-88-99-224-156.brandprotection.zone\/saccisicaonline\/site-policy\/#breadcrumb\",\"itemListElement\":[{\"@type\":\"ListItem\",\"position\":1,\"name\":\"Home\",\"item\":\"https:\/\/customer-88-99-224-156.brandprotection.zone\/saccisicaonline\/\"},{\"@type\":\"ListItem\",\"position\":2,\"name\":\"Note legali\"}]},{\"@type\":\"WebSite\",\"@id\":\"https:\/\/customer-88-99-224-156.brandprotection.zone\/saccisicaonline\/#website\",\"url\":\"https:\/\/customer-88-99-224-156.brandprotection.zone\/saccisicaonline\/\",\"name\":\"Saccisica Online\",\"description\":\"Il Portale della Saccisica, per la Saccisica\",\"potentialAction\":[{\"@type\":\"SearchAction\",\"target\":{\"@type\":\"EntryPoint\",\"urlTemplate\":\"https:\/\/customer-88-99-224-156.brandprotection.zone\/saccisicaonline\/?s={search_term_string}\"},\"query-input\":{\"@type\":\"PropertyValueSpecification\",\"valueRequired\":true,\"valueName\":\"search_term_string\"}}],\"inLanguage\":\"it-IT\"}]}<\/script>\n<!-- \/ Yoast SEO plugin. -->","yoast_head_json":{"title":"Note legali - Saccisica Online","robots":{"index":"index","follow":"follow","max-snippet":"max-snippet:-1","max-image-preview":"max-image-preview:large","max-video-preview":"max-video-preview:-1"},"canonical":"https:\/\/customer-88-99-224-156.brandprotection.zone\/saccisicaonline\/site-policy\/","og_locale":"it_IT","og_type":"article","og_title":"Note legali - Saccisica Online","og_description":"Premessa generale Il presente sito ed i suoi stessi contenuti sono stati predisposti e verranno disciplinati in conformit\u00e0 alle leggi vigenti nella Repubblica Italiana. Nel caso in cui l&#8217;utente non intenda accettare, in tutto o in parte, le condizioni di seguito precisate, \u00e8 tenuto ad interrompere la consultazione del sito. Disclaimer sui contenuti del presente [&hellip;]","og_url":"https:\/\/customer-88-99-224-156.brandprotection.zone\/saccisicaonline\/site-policy\/","og_site_name":"Saccisica Online","twitter_card":"summary_large_image","twitter_misc":{"Tempo di lettura stimato":"9 minuti"},"schema":{"@context":"https:\/\/schema.org","@graph":[{"@type":"WebPage","@id":"https:\/\/customer-88-99-224-156.brandprotection.zone\/saccisicaonline\/site-policy\/","url":"https:\/\/customer-88-99-224-156.brandprotection.zone\/saccisicaonline\/site-policy\/","name":"Note legali - Saccisica Online","isPartOf":{"@id":"https:\/\/customer-88-99-224-156.brandprotection.zone\/saccisicaonline\/#website"},"datePublished":"2013-03-26T21:14:54+00:00","breadcrumb":{"@id":"https:\/\/customer-88-99-224-156.brandprotection.zone\/saccisicaonline\/site-policy\/#breadcrumb"},"inLanguage":"it-IT","potentialAction":[{"@type":"ReadAction","target":["https:\/\/customer-88-99-224-156.brandprotection.zone\/saccisicaonline\/site-policy\/"]}]},{"@type":"BreadcrumbList","@id":"https:\/\/customer-88-99-224-156.brandprotection.zone\/saccisicaonline\/site-policy\/#breadcrumb","itemListElement":[{"@type":"ListItem","position":1,"name":"Home","item":"https:\/\/customer-88-99-224-156.brandprotection.zone\/saccisicaonline\/"},{"@type":"ListItem","position":2,"name":"Note legali"}]},{"@type":"WebSite","@id":"https:\/\/customer-88-99-224-156.brandprotection.zone\/saccisicaonline\/#website","url":"https:\/\/customer-88-99-224-156.brandprotection.zone\/saccisicaonline\/","name":"Saccisica Online","description":"Il Portale della Saccisica, per la Saccisica","potentialAction":[{"@type":"SearchAction","target":{"@type":"EntryPoint","urlTemplate":"https:\/\/customer-88-99-224-156.brandprotection.zone\/saccisicaonline\/?s={search_term_string}"},"query-input":{"@type":"PropertyValueSpecification","valueRequired":true,"valueName":"search_term_string"}}],"inLanguage":"it-IT"}]}},"_links":{"self":[{"href":"https:\/\/customer-88-99-224-156.brandprotection.zone\/saccisicaonline\/wp-json\/wp\/v2\/pages\/396","targetHints":{"allow":["GET"]}}],"collection":[{"href":"https:\/\/customer-88-99-224-156.brandprotection.zone\/saccisicaonline\/wp-json\/wp\/v2\/pages"}],"about":[{"href":"https:\/\/customer-88-99-224-156.brandprotection.zone\/saccisicaonline\/wp-json\/wp\/v2\/types\/page"}],"author":[{"embeddable":true,"href":"https:\/\/customer-88-99-224-156.brandprotection.zone\/saccisicaonline\/wp-json\/wp\/v2\/users\/1"}],"replies":[{"embeddable":true,"href":"https:\/\/customer-88-99-224-156.brandprotection.zone\/saccisicaonline\/wp-json\/wp\/v2\/comments?post=396"}],"version-history":[{"count":0,"href":"https:\/\/customer-88-99-224-156.brandprotection.zone\/saccisicaonline\/wp-json\/wp\/v2\/pages\/396\/revisions"}],"wp:attachment":[{"href":"https:\/\/customer-88-99-224-156.brandprotection.zone\/saccisicaonline\/wp-json\/wp\/v2\/media?parent=396"}],"curies":[{"name":"wp","href":"https:\/\/api.w.org\/{rel}","templated":true}]}}